{"id":5872,"date":"2024-03-06T16:57:07","date_gmt":"2024-03-06T15:57:07","guid":{"rendered":"https:\/\/newsystem-krimi-trails.ch\/produkt\/crime-trail-soleure-light-promenade-criminelle-un-jeu-dangereux-avec-lamour\/"},"modified":"2025-11-20T17:52:36","modified_gmt":"2025-11-20T16:52:36","slug":"crime-trail-soleure-light-promenade-criminelle-un-jeu-dangereux-avec-lamour","status":"publish","type":"product","link":"https:\/\/krimi-trails.ch\/fr\/produit\/crime-trail-soleure-light-promenade-criminelle-un-jeu-dangereux-avec-lamour\/","title":{"rendered":"Crime-Trail Soleure light (promenade criminelle): Un jeu dangereux avec l\u2019amour"},"content":{"rendered":"<div>R\u00e9sous le crime sur le Crime-Trail \u00e0 Soleure. Excursion, activit\u00e9, attraction et id\u00e9e de loisirs \u00e0 Soleure. Spontan\u00e9ment et sans pr\u00e9avis.<\/div>\n<div><\/div>\n<div><strong>Le Crime-Trail peut \u00eatre commenc\u00e9 \u00e0 tout moment.<\/strong><\/div>\n<div><\/div>\n<div>D\u00e9couvre d&#8217;autres offres de MyCityHighlight pr\u00e8s de chez toi : <a href=\"https:\/\/www.mycityhighlight.ch\">www.mycityhighlight.ch<\/a><\/div>\n<div><\/div>\n<div><span style=\"font-size: 16px\">******<\/span><\/div>\n<div>\n<p><strong>D\u2019autres offres de MyCityHighlight<\/strong><\/p>\n<p>D\u00e9couvre de nombreux faits int\u00e9ressants et passionnants sur le\u00a0<a href=\"https:\/\/detektiv-trails.ch\/fr\/categorie-de-produits\/espace-mittelland\/detective-trails-a-soleure\/\">D\u00e9tective-Trail \u00e0 <\/a>Soleure\u2013 l\u2019aventure des \u00e9nigmes pour tout-le-monde.<\/p>\n<p>Partez \u00e0 la chasse du myst\u00e9rieux guide sur le sentier interactif\u00a0<a href=\"https:\/\/finding-daniel.ch\/fr\/produkt\/visiter-soleure-le-chiffre-sacre-11\/\">Finding-Daniel<\/a> \u00e0 Soleure et apprenez des histoires suprenantes sur la ville en suivant ses traces.<\/p>\n<\/div>\n","protected":false},"excerpt":{"rendered":"<p><strong>Crime-Trail Soleure light (promenade criminelle): Un jeu dangereux avec l\u2019amour<\/strong><\/p>\n<p><strong>Les Crime-Trails light sont con\u00e7us pour des personnes adultes ou des jeunes \u00e0 partir de 12-14 ans. Ils\u00a0 sont plus courts que les Crime-Trails normaux (max. 1 h 30). De plus, il n\u2019y a pas d\u2019\u00e9nigmes \u00e0 r\u00e9soudre sur les lieux. \u00c0 la place, l\u2019application \u201cCrime-Trail Toolbox\u201d permet d\u2019obtenir automatiquement des indices sur les personnes suspect\u00e9es d\u2019avoir commis le crime lorsque l\u2019on atteint les diff\u00e9rents lieux. L\u2019application \u201cCrime-Trail Toolbox\u201d doit donc \u00eatre install\u00e9e sur le t\u00e9l\u00e9phone portable avant le jeu. Les \u201cCrime-Trails light\u201d avec les titres du m\u00eame nom sont identiques \u2013 m\u00eame si la ville est diff\u00e9rente.<\/strong><\/p>\n<p><strong>Le cas:<\/strong><\/p>\n<p>Lia va bient\u00f4t se marier avec Simon Grossniklaus, un avocat fortun\u00e9 \u00e0 la t\u00eate du cabinet \u00e9ponyme. Simon Grossniklaus est bien plus \u00e2g\u00e9 que la jeune femme, qu\u2019il a \u00ab\u00a0ravie\u00a0\u00bb \u00e0 son propre fils Elia.<\/p>\n<p>Un soir, alors que Simon rentre du travail, ce n\u2019est pas Lia qui l\u2019attend \u00e0 la maison mais une enveloppe fix\u00e9e \u00e0 la porte. Voici ce qu\u2019il y lit\u00a0: \u00ab\u00a0Lia a \u00e9t\u00e9 enlev\u00e9e. Elle va bien. Des instructions suivront\u00a0\u00bb. L\u2019enveloppe contient une photo de Lia, ligot\u00e9e \u00e0 une chaise dans un salon.<\/p>\n<p>Peux-tu r\u00e9soudre cette affaire\u00a0? Les mauvaises langues pr\u00e9tendent que le s\u00e9ducteur Casanova, qui a d\u00e9j\u00e0 v\u00e9cu ici, \u00e0 Soleure, a encore frapp\u00e9&#8230;<\/p>\n<p><strong>Dur\u00e9e:<\/strong> 1 h \u2013 1 h 30<\/p>\n<p><strong>D\u00e9part:\u00a0<\/strong>Marktplatz, 4500 Soleure<\/p>\n<p>&nbsp;<\/p>\n<p><strong>Prix de base : CHF 30.- (pour 1-5 acc\u00e8s au jeu\/personnes)<\/strong><br \/>\nChaque personne suppl\u00e9mentaire CHF 6.-.<\/p>\n<p>Vous \u00eates plus de 5 personnes ? Dans ce cas, veuillez augmenter le nombre.<\/p>\n","protected":false},"featured_media":26305,"comment_status":"open","ping_status":"closed","template":"","meta":{"inline_featured_image":false,"site-sidebar-layout":"default","site-content-layout":"","ast-site-content-layout":"default","site-content-style":"default","site-sidebar-style":"default","ast-global-header-display":"","ast-banner-title-visibility":"","ast-main-header-display":"","ast-hfb-above-header-display":"","ast-hfb-below-header-display":"","ast-hfb-mobile-header-display":"","site-post-title":"","ast-breadcrumbs-content":"","ast-featured-img":"","footer-sml-layout":"","ast-disable-related-posts":"","theme-transparent-header-meta":"default","adv-header-id-meta":"","stick-header-meta":"default","header-above-stick-meta":"","header-main-stick-meta":"","header-below-stick-meta":"","astra-migrate-meta-layouts":"set","ast-page-background-enabled":"default","ast-page-background-meta":{"desktop":{"background-color":"var(--ast-global-color-4)","background-image":"","background-repeat":"repeat","background-position":"center center","background-size":"auto","background-attachment":"scroll","background-type":"","background-media":"","overlay-type":"","overlay-color":"","overlay-opacity":"","overlay-gradient":""},"tablet":{"background-color":"","background-image":"","background-repeat":"repeat","background-position":"center center","background-size":"auto","background-attachment":"scroll","background-type":"","background-media":"","overlay-type":"","overlay-color":"","overlay-opacity":"","overlay-gradient":""},"mobile":{"background-color":"","background-image":"","background-repeat":"repeat","background-position":"center center","background-size":"auto","background-attachment":"scroll","background-type":"","background-media":"","overlay-type":"","overlay-color":"","overlay-opacity":"","overlay-gradient":""}},"ast-content-background-meta":{"desktop":{"background-color":"var(--ast-global-color-5)","background-image":"","background-repeat":"repeat","background-position":"center center","background-size":"auto","background-attachment":"scroll","background-type":"","background-media":"","overlay-type":"","overlay-color":"","overlay-opacity":"","overlay-gradient":""},"tablet":{"background-color":"var(--ast-global-color-5)","background-image":"","background-repeat":"repeat","background-position":"center center","background-size":"auto","background-attachment":"scroll","background-type":"","background-media":"","overlay-type":"","overlay-color":"","overlay-opacity":"","overlay-gradient":""},"mobile":{"background-color":"var(--ast-global-color-5)","background-image":"","background-repeat":"repeat","background-position":"center center","background-size":"auto","background-attachment":"scroll","background-type":"","background-media":"","overlay-type":"","overlay-color":"","overlay-opacity":"","overlay-gradient":""}}},"product_brand":[],"product_cat":[45,44],"product_tag":[341,273,345,276,277,278,342,353,291,279,280],"class_list":{"0":"post-5872","1":"product","2":"type-product","3":"status-publish","4":"has-post-thumbnail","6":"product_cat-krimi-trails-fr","7":"product_cat-crime-trail-light","8":"product_tag-activite","9":"product_tag-ausflugstipp-fr","10":"product_tag-excursion","11":"product_tag-gruppenerlebnis-fr","12":"product_tag-krimi-event-fr","13":"product_tag-krimi-trail-fr","14":"product_tag-loisir","15":"product_tag-promenade-criminel","16":"product_tag-soleure","17":"product_tag-teamausflug-fr","18":"product_tag-teamevent-fr","19":"desktop-align-center","20":"tablet-align-left","21":"mobile-align-left","22":"ast-product-gallery-layout-horizontal-slider","23":"ast-product-tabs-layout-horizontal","25":"first","26":"instock","27":"downloadable","28":"virtual","29":"taxable","30":"purchasable","31":"product-type-simple"},"_links":{"self":[{"href":"https:\/\/krimi-trails.ch\/fr\/wp-json\/wp\/v2\/product\/5872","targetHints":{"allow":["GET"]}}],"collection":[{"href":"https:\/\/krimi-trails.ch\/fr\/wp-json\/wp\/v2\/product"}],"about":[{"href":"https:\/\/krimi-trails.ch\/fr\/wp-json\/wp\/v2\/types\/product"}],"replies":[{"embeddable":true,"href":"https:\/\/krimi-trails.ch\/fr\/wp-json\/wp\/v2\/comments?post=5872"}],"version-history":[{"count":0,"href":"https:\/\/krimi-trails.ch\/fr\/wp-json\/wp\/v2\/product\/5872\/revisions"}],"wp:featuredmedia":[{"embeddable":true,"href":"https:\/\/krimi-trails.ch\/fr\/wp-json\/wp\/v2\/media\/26305"}],"wp:attachment":[{"href":"https:\/\/krimi-trails.ch\/fr\/wp-json\/wp\/v2\/media?parent=5872"}],"wp:term":[{"taxonomy":"product_brand","embeddable":true,"href":"https:\/\/krimi-trails.ch\/fr\/wp-json\/wp\/v2\/product_brand?post=5872"},{"taxonomy":"product_cat","embeddable":true,"href":"https:\/\/krimi-trails.ch\/fr\/wp-json\/wp\/v2\/product_cat?post=5872"},{"taxonomy":"product_tag","embeddable":true,"href":"https:\/\/krimi-trails.ch\/fr\/wp-json\/wp\/v2\/product_tag?post=5872"}],"curies":[{"name":"wp","href":"https:\/\/api.w.org\/{rel}","templated":true}]}}