{"id":5865,"date":"2020-08-24T15:26:48","date_gmt":"2020-08-24T13:26:48","guid":{"rendered":"https:\/\/newsystem-krimi-trails.ch\/produkt\/crime-trail-brigue-cambriolage-dans-la-rue-de-la-gare-a-brigue\/"},"modified":"2025-12-16T11:25:12","modified_gmt":"2025-12-16T10:25:12","slug":"crime-trail-brigue-cambriolage-dans-la-rue-de-la-gare-a-brigue","status":"publish","type":"product","link":"https:\/\/krimi-trails.ch\/fr\/produit\/crime-trail-brigue-cambriolage-dans-la-rue-de-la-gare-a-brigue\/","title":{"rendered":"Crime-Trail Brigue: Cambriolage dans la Rue de la Gare \u00e0 Brigue"},"content":{"rendered":"<p>R\u00e9sous l&#8217;enqu\u00eate polici\u00e8re sur le Crime-Trail \u00e0 Brigue. But d&#8217;excursion, curiosit\u00e9 et id\u00e9e de loisirs \u00e0 Brigue.<\/p>\n<p><strong>Le Crime-Trail peut \u00eatre commenc\u00e9 \u00e0 tout moment.<\/strong><\/p>\n<p>D\u00e9couvre d&#8217;autres offres de MyCityHighlight pr\u00e8s de chez toi : <a href=\"https:\/\/www.mycityhighlight.ch\">www.mycityhighlight.ch<\/a><\/p>\n","protected":false},"excerpt":{"rendered":"<p>Dans la nuit de samedi, une personne inconnue a cambriol\u00e9 plusieurs magasins de la Bahnhofstrasse \u00e0 Brigue \u00e0 l\u2019aide d\u2019outils.<\/p>\n<p>La police a \u00e9t\u00e9 alert\u00e9e \u00e0 0h10 par un passant qui avait vu le ou la coupable s\u2019enfuir avec son butin. Celui-ci ou celle-ci portant une cagoule de voleur, il n\u2019a pas \u00e9t\u00e9 possible de l\u2019identifier.<\/p>\n<p>Le ou la coupable a d\u00e9rob\u00e9 des esp\u00e8ces et des biens d\u2019une valeur de plusieurs dizaines de milliers de francs. Le ou la coupable devait bien conna\u00eetre ces magasins et poss\u00e9der une certaine exp\u00e9rience dans les cambriolages, car peu de signes d\u2019effraction ont \u00e9t\u00e9 constat\u00e9s.<\/p>\n<p>Les faits se sont forc\u00e9ment produits entre 20h et 0h10. La plupart des magasins ont ferm\u00e9 \u00e0 18h30 et, une fois le nettoyage termin\u00e9, les derniers employ\u00e9s sont partis pour 20h.<\/p>\n<p><strong>Dur\u00e9e:<\/strong> 1 h 45 &#8211; 2 h 45<\/p>\n<p><strong>D\u00e9part:\u00a0<\/strong>Bahnhofstrasse 7, 3900 Brigue<\/p>\n<p>&nbsp;<\/p>\n<p><strong>Prix de base : CHF 40.- (pour 1-5 acc\u00e8s au jeu\/personnes)<\/strong><br \/>\nChaque personne suppl\u00e9mentaire CHF 8.-.<\/p>\n<p>Vous \u00eates plus de 5 personnes ? Dans ce cas, veuillez augmenter le nombre.<\/p>\n","protected":false},"featured_media":22750,"comment_status":"open","ping_status":"closed","template":"","meta":{"inline_featured_image":false,"site-sidebar-layout":"default","site-content-layout":"","ast-site-content-layout":"default","site-content-style":"default","site-sidebar-style":"default","ast-global-header-display":"","ast-banner-title-visibility":"","ast-main-header-display":"","ast-hfb-above-header-display":"","ast-hfb-below-header-display":"","ast-hfb-mobile-header-display":"","site-post-title":"","ast-breadcrumbs-content":"","ast-featured-img":"","footer-sml-layout":"","ast-disable-related-posts":"","theme-transparent-header-meta":"default","adv-header-id-meta":"","stick-header-meta":"default","header-above-stick-meta":"","header-main-stick-meta":"","header-below-stick-meta":"","astra-migrate-meta-layouts":"set","ast-page-background-enabled":"default","ast-page-background-meta":{"desktop":{"background-color":"var(--ast-global-color-4)","background-image":"","background-repeat":"repeat","background-position":"center center","background-size":"auto","background-attachment":"scroll","background-type":"","background-media":"","overlay-type":"","overlay-color":"","overlay-opacity":"","overlay-gradient":""},"tablet":{"background-color":"","background-image":"","background-repeat":"repeat","background-position":"center center","background-size":"auto","background-attachment":"scroll","background-type":"","background-media":"","overlay-type":"","overlay-color":"","overlay-opacity":"","overlay-gradient":""},"mobile":{"background-color":"","background-image":"","background-repeat":"repeat","background-position":"center center","background-size":"auto","background-attachment":"scroll","background-type":"","background-media":"","overlay-type":"","overlay-color":"","overlay-opacity":"","overlay-gradient":""}},"ast-content-background-meta":{"desktop":{"background-color":"var(--ast-global-color-5)","background-image":"","background-repeat":"repeat","background-position":"center center","background-size":"auto","background-attachment":"scroll","background-type":"","background-media":"","overlay-type":"","overlay-color":"","overlay-opacity":"","overlay-gradient":""},"tablet":{"background-color":"var(--ast-global-color-5)","background-image":"","background-repeat":"repeat","background-position":"center center","background-size":"auto","background-attachment":"scroll","background-type":"","background-media":"","overlay-type":"","overlay-color":"","overlay-opacity":"","overlay-gradient":""},"mobile":{"background-color":"var(--ast-global-color-5)","background-image":"","background-repeat":"repeat","background-position":"center center","background-size":"auto","background-attachment":"scroll","background-type":"","background-media":"","overlay-type":"","overlay-color":"","overlay-opacity":"","overlay-gradient":""}}},"product_brand":[],"product_cat":[45,397],"product_tag":[273,359,276,277,278,279,280,347],"class_list":{"0":"post-5865","1":"product","2":"type-product","3":"status-publish","4":"has-post-thumbnail","6":"product_cat-krimi-trails-fr","7":"product_cat-crime-trails-adults","8":"product_tag-ausflugstipp-fr","9":"product_tag-brigue","10":"product_tag-gruppenerlebnis-fr","11":"product_tag-krimi-event-fr","12":"product_tag-krimi-trail-fr","13":"product_tag-teamausflug-fr","14":"product_tag-teamevent-fr","15":"product_tag-valais","16":"desktop-align-center","17":"tablet-align-left","18":"mobile-align-left","19":"ast-product-gallery-layout-horizontal-slider","20":"ast-product-tabs-layout-horizontal","22":"first","23":"instock","24":"downloadable","25":"virtual","26":"taxable","27":"purchasable","28":"product-type-simple"},"_links":{"self":[{"href":"https:\/\/krimi-trails.ch\/fr\/wp-json\/wp\/v2\/product\/5865","targetHints":{"allow":["GET"]}}],"collection":[{"href":"https:\/\/krimi-trails.ch\/fr\/wp-json\/wp\/v2\/product"}],"about":[{"href":"https:\/\/krimi-trails.ch\/fr\/wp-json\/wp\/v2\/types\/product"}],"replies":[{"embeddable":true,"href":"https:\/\/krimi-trails.ch\/fr\/wp-json\/wp\/v2\/comments?post=5865"}],"version-history":[{"count":0,"href":"https:\/\/krimi-trails.ch\/fr\/wp-json\/wp\/v2\/product\/5865\/revisions"}],"wp:featuredmedia":[{"embeddable":true,"href":"https:\/\/krimi-trails.ch\/fr\/wp-json\/wp\/v2\/media\/22750"}],"wp:attachment":[{"href":"https:\/\/krimi-trails.ch\/fr\/wp-json\/wp\/v2\/media?parent=5865"}],"wp:term":[{"taxonomy":"product_brand","embeddable":true,"href":"https:\/\/krimi-trails.ch\/fr\/wp-json\/wp\/v2\/product_brand?post=5865"},{"taxonomy":"product_cat","embeddable":true,"href":"https:\/\/krimi-trails.ch\/fr\/wp-json\/wp\/v2\/product_cat?post=5865"},{"taxonomy":"product_tag","embeddable":true,"href":"https:\/\/krimi-trails.ch\/fr\/wp-json\/wp\/v2\/product_tag?post=5865"}],"curies":[{"name":"wp","href":"https:\/\/api.w.org\/{rel}","templated":true}]}}