{"id":5861,"date":"2023-11-01T16:24:31","date_gmt":"2023-11-01T15:24:31","guid":{"rendered":"https:\/\/newsystem-krimi-trails.ch\/produkt\/crime-trail-lyss-light-promenade-criminelle-explosion-dun-distributeur-de-billets\/"},"modified":"2025-03-03T09:46:32","modified_gmt":"2025-03-03T08:46:32","slug":"crime-trail-lyss-light-promenade-criminelle-explosion-dun-distributeur-de-billets","status":"publish","type":"product","link":"https:\/\/krimi-trails.ch\/fr\/produit\/crime-trail-lyss-light-promenade-criminelle-explosion-dun-distributeur-de-billets\/","title":{"rendered":"Crime-Trail Lyss light (promenade criminelle): Explosion d\u2019un distributeur de billets"},"content":{"rendered":"<div>R\u00e9sous le crime sur le Crime-Trail \u00e0 Lyss. Excursion, activit\u00e9, attraction et id\u00e9e de loisirs \u00e0 Lyss. Spontan\u00e9ment et sans pr\u00e9avis.<\/div>\n<div><\/div>\n<div>\n<p><strong>Le Crime-Trail peut \u00eatre commenc\u00e9 \u00e0 tout moment.<\/strong><\/p>\n<\/div>\n<div>D\u00e9couvre d&#8217;autres offres de MyCityHighlight pr\u00e8s de chez toi : <a href=\"https:\/\/www.mycityhighlight.ch\">www.mycityhighlight.ch<\/a><\/div>\n","protected":false},"excerpt":{"rendered":"<p><strong>Crime-Trail Lyss light (promenade criminelle): Explosion d\u2019un distributeur de billets<\/strong><\/p>\n<p><strong>Les Crime-Trails light sont con\u00e7us pour des personnes adultes ou des jeunes \u00e0 partir de 12-14 ans. Ils\u00a0 sont plus courts que les Crime-Trails normaux (max. 1 h 30). De plus, il n\u2019y a pas d\u2019\u00e9nigmes \u00e0 r\u00e9soudre sur les lieux. \u00c0 la place, l\u2019application \u201cCrime-Trail Toolbox\u201d permet d\u2019obtenir automatiquement des indices sur les personnes suspect\u00e9es d\u2019avoir commis le crime lorsque l\u2019on atteint les diff\u00e9rents lieux. L\u2019application \u201cCrime-Trail Toolbox\u201d doit donc \u00eatre install\u00e9e sur le t\u00e9l\u00e9phone portable avant le jeu. Les \u201cCrime-Trails light\u201d avec les titres du m\u00eame nom sont identiques \u2013 m\u00eame si la ville est diff\u00e9rente.<\/strong><\/p>\n<p><strong>Le cas:<\/strong><\/p>\n<p>Il y a une semaine, les habitants de la gare de Lyss ont \u00e9t\u00e9 tir\u00e9s de leur sommeil par une forte d\u00e9tonation. D\u2019apr\u00e8s des t\u00e9moins, une personne inconnue a fait exploser le distributeur de billets de la poste pr\u00e8s de la gare. Plusieurs t\u00e9moins ont rapport\u00e9 \u00e0 la police avoir entendu l\u2019explosion vers 3h15.<\/p>\n<p>Apr\u00e8s l\u2019explosion, la personne aurait ensuite pris la fuite dans un v\u00e9hicule gris.<\/p>\n<p>Les faits remontent maintenant \u00e0 une semaine. Le distributeur a \u00e9t\u00e9 remplac\u00e9, mais toujours aucune trace du ou de la coupable.<\/p>\n<p>Peux-tu r\u00e9soudre cette affaire\u00a0?<\/p>\n<p><strong>Dur\u00e9e:<\/strong> 0.75 h &#8211; 1 h 15<\/p>\n<p><strong>D\u00e9part:\u00a0<\/strong>La Poste, Bahnhofstrasse 8,\u00a03250 Lyss<\/p>\n<p>&nbsp;<\/p>\n<p><strong>Prix de base : CHF 30.- (pour 1-5 acc\u00e8s au jeu\/personnes)<\/strong><\/p>\n<p>Chaque personne suppl\u00e9mentaire CHF 6.-.<\/p>\n<p>&nbsp;<\/p>\n<p>Vous \u00eates plus de 5 personnes ? Dans ce cas, veuillez augmenter le nombre.<\/p>\n","protected":false},"featured_media":5862,"comment_status":"open","ping_status":"closed","template":"","meta":{"inline_featured_image":false,"site-sidebar-layout":"default","site-content-layout":"","ast-site-content-layout":"default","site-content-style":"default","site-sidebar-style":"default","ast-global-header-display":"","ast-banner-title-visibility":"","ast-main-header-display":"","ast-hfb-above-header-display":"","ast-hfb-below-header-display":"","ast-hfb-mobile-header-display":"","site-post-title":"","ast-breadcrumbs-content":"","ast-featured-img":"","footer-sml-layout":"","ast-disable-related-posts":"","theme-transparent-header-meta":"default","adv-header-id-meta":"","stick-header-meta":"default","header-above-stick-meta":"","header-main-stick-meta":"","header-below-stick-meta":"","astra-migrate-meta-layouts":"set","ast-page-background-enabled":"default","ast-page-background-meta":{"desktop":{"background-color":"var(--ast-global-color-4)","background-image":"","background-repeat":"repeat","background-position":"center center","background-size":"auto","background-attachment":"scroll","background-type":"","background-media":"","overlay-type":"","overlay-color":"","overlay-opacity":"","overlay-gradient":""},"tablet":{"background-color":"","background-image":"","background-repeat":"repeat","background-position":"center center","background-size":"auto","background-attachment":"scroll","background-type":"","background-media":"","overlay-type":"","overlay-color":"","overlay-opacity":"","overlay-gradient":""},"mobile":{"background-color":"","background-image":"","background-repeat":"repeat","background-position":"center center","background-size":"auto","background-attachment":"scroll","background-type":"","background-media":"","overlay-type":"","overlay-color":"","overlay-opacity":"","overlay-gradient":""}},"ast-content-background-meta":{"desktop":{"background-color":"var(--ast-global-color-5)","background-image":"","background-repeat":"repeat","background-position":"center center","background-size":"auto","background-attachment":"scroll","background-type":"","background-media":"","overlay-type":"","overlay-color":"","overlay-opacity":"","overlay-gradient":""},"tablet":{"background-color":"var(--ast-global-color-5)","background-image":"","background-repeat":"repeat","background-position":"center center","background-size":"auto","background-attachment":"scroll","background-type":"","background-media":"","overlay-type":"","overlay-color":"","overlay-opacity":"","overlay-gradient":""},"mobile":{"background-color":"var(--ast-global-color-5)","background-image":"","background-repeat":"repeat","background-position":"center center","background-size":"auto","background-attachment":"scroll","background-type":"","background-media":"","overlay-type":"","overlay-color":"","overlay-opacity":"","overlay-gradient":""}}},"product_brand":[],"product_cat":[45,44],"product_tag":[341,273,345,276,277,278,342,358,353,279,280],"class_list":{"0":"post-5861","1":"product","2":"type-product","3":"status-publish","4":"has-post-thumbnail","6":"product_cat-krimi-trails-fr","7":"product_cat-crime-trail-light","8":"product_tag-activite","9":"product_tag-ausflugstipp-fr","10":"product_tag-excursion","11":"product_tag-gruppenerlebnis-fr","12":"product_tag-krimi-event-fr","13":"product_tag-krimi-trail-fr","14":"product_tag-loisir","15":"product_tag-lyss-fr","16":"product_tag-promenade-criminel","17":"product_tag-teamausflug-fr","18":"product_tag-teamevent-fr","19":"desktop-align-center","20":"tablet-align-left","21":"mobile-align-left","22":"ast-product-gallery-layout-horizontal-slider","23":"ast-product-tabs-layout-horizontal","25":"first","26":"instock","27":"downloadable","28":"virtual","29":"taxable","30":"purchasable","31":"product-type-simple"},"_links":{"self":[{"href":"https:\/\/krimi-trails.ch\/fr\/wp-json\/wp\/v2\/product\/5861","targetHints":{"allow":["GET"]}}],"collection":[{"href":"https:\/\/krimi-trails.ch\/fr\/wp-json\/wp\/v2\/product"}],"about":[{"href":"https:\/\/krimi-trails.ch\/fr\/wp-json\/wp\/v2\/types\/product"}],"replies":[{"embeddable":true,"href":"https:\/\/krimi-trails.ch\/fr\/wp-json\/wp\/v2\/comments?post=5861"}],"version-history":[{"count":0,"href":"https:\/\/krimi-trails.ch\/fr\/wp-json\/wp\/v2\/product\/5861\/revisions"}],"wp:featuredmedia":[{"embeddable":true,"href":"https:\/\/krimi-trails.ch\/fr\/wp-json\/wp\/v2\/media\/5862"}],"wp:attachment":[{"href":"https:\/\/krimi-trails.ch\/fr\/wp-json\/wp\/v2\/media?parent=5861"}],"wp:term":[{"taxonomy":"product_brand","embeddable":true,"href":"https:\/\/krimi-trails.ch\/fr\/wp-json\/wp\/v2\/product_brand?post=5861"},{"taxonomy":"product_cat","embeddable":true,"href":"https:\/\/krimi-trails.ch\/fr\/wp-json\/wp\/v2\/product_cat?post=5861"},{"taxonomy":"product_tag","embeddable":true,"href":"https:\/\/krimi-trails.ch\/fr\/wp-json\/wp\/v2\/product_tag?post=5861"}],"curies":[{"name":"wp","href":"https:\/\/api.w.org\/{rel}","templated":true}]}}