{"id":5844,"date":"2023-06-19T08:11:21","date_gmt":"2023-06-19T06:11:21","guid":{"rendered":"https:\/\/newsystem-krimi-trails.ch\/produkt\/crime-trail-payerne-trouvaille-dun-billet-de-loto-une-chance-ou-un-hasard\/"},"modified":"2025-12-16T11:27:46","modified_gmt":"2025-12-16T10:27:46","slug":"crime-trail-payerne-trouvaille-dun-billet-de-loto-une-chance-ou-un-hasard","status":"publish","type":"product","link":"https:\/\/krimi-trails.ch\/fr\/produit\/crime-trail-payerne-trouvaille-dun-billet-de-loto-une-chance-ou-un-hasard\/","title":{"rendered":"Crime-Trail Payerne: Trouvaille d\u2019un billet de loto: une chance ou un hasard?"},"content":{"rendered":"<div>R\u00e9sous le crime sur le Crime-Trail \u00e0 Payerne. Excursion, activit\u00e9, attraction et id\u00e9e de loisirs \u00e0 Payerne. Spontan\u00e9ment et sans pr\u00e9avis.<\/div>\n<div><\/div>\n<div><strong>Le Crime-Trail peut \u00eatre commenc\u00e9 \u00e0 tout moment.<\/strong><\/div>\n<div><\/div>\n<div>D\u00e9couvre d&#8217;autres offres de MyCityHighlight pr\u00e8s de chez toi : <a href=\"https:\/\/www.mycityhighlight.ch\">www.mycityhighlight.ch<\/a><\/div>\n<p>&nbsp;<\/p>\n<p>&nbsp;<\/p>\n","protected":false},"excerpt":{"rendered":"<p>Nathalie Galic, enseignante de biologie au Gymnase de Payerne, a \u00e9t\u00e9 retrouv\u00e9e, jeudi dernier, morte au bord de la Broye. Son corps \u00e9tait allong\u00e9 sur le dos et ses pieds flottaient dans l\u2019eau lorsque la police s\u2019est rendue sur les lieux. Aucune trace de sang mais seulement une blessure \u00e0 la tempe. Sur place, les policiers charg\u00e9s de l\u2019enqu\u00eate ont simplement trouv\u00e9 un \u00e9lastique rose, de la m\u00eame couleur que la veste et que les baskets de la victime ainsi qu\u2019un \u00e9pais bout de bois humide pas loin du corps de la d\u00e9funte. Sur ce dernier, un fragment d\u2019empreinte digitale a pu \u00eatre r\u00e9cup\u00e9r\u00e9. Le reste a s\u00fbrement d\u00fb \u00eatre endommag\u00e9 par l\u2019eau.<\/p>\n<p>Quelques mois plus t\u00f4t, Jacques Banier, physioth\u00e9rapeute, a gagn\u00e9 une somme colossale au loto. Plus de trois millions de francs! Malgr\u00e9 cette nouvelle excitante, il a d\u00e9cid\u00e9 de ne rien dire \u00e0 ses proches et de garder ce secret pour lui seul pendant plus de quatre mois. Apr\u00e8s ce long temps de r\u00e9flexion en pesant les pour et les contre du gros lot que la chance lui a offert, Jacques a choisi de l\u2019abandonner au bord de la Broye, rivi\u00e8re traversant les cantons de Fribourg et Vaud. Mais malgr\u00e9 cette envie d\u2019ind\u00e9pendance envers le billet, Jacques a d\u00e9velopp\u00e9 une obsession pour ce dernier. Il voulait \u00e0 tout prix d\u00e9couvrir \u00e0 qui le hasard avait souri. C\u2019est Nathalie Galic, notre victime, qui a eu la chance de trouver ce billet volontairement oubli\u00e9 par Jacques. Ce qu\u2019elle ne savait pas, c\u2019est que sa vie allait brutalement basculer juste \u00e0 cause d\u2019un simple bout de papier.<\/p>\n<p>Le meurtre et ce billet sont-ils li\u00e9s? Et est-ce que la chance et le hasard ne deviendront-ils pas un cauchemar?<\/p>\n<p><strong>Dur\u00e9e:\u00a0<\/strong>1 h 50 \u2013 2 h 20<\/p>\n<p><strong>D\u00e9part:\u00a0<\/strong>Rue du Ch\u00e2telard, 1530 Payerne<\/p>\n<p><strong>Auteur:<\/strong> Ce Crime-Trail a \u00e9t\u00e9 cr\u00e9\u00e9e dans le cadre d&#8217;un projet Matura par Maria Lopes. Le Crime-Trail est inspir\u00e9 du livre \u00ab \u2026 au point 1230 \u00bb de l\u2019auteure Laurence Vo\u00efta, une \u00e9crivaine de la r\u00e9gion de Vevey.<\/p>\n<p>&nbsp;<\/p>\n<p><strong>Prix de base : CHF 40.- (pour 1-5 acc\u00e8s au jeu\/personnes)<\/strong><br \/>\nChaque personne suppl\u00e9mentaire CHF 8.-.<\/p>\n<p>Vous \u00eates plus de 5 personnes ? Dans ce cas, veuillez augmenter le nombre.<\/p>\n","protected":false},"featured_media":18556,"comment_status":"open","ping_status":"closed","template":"","meta":{"inline_featured_image":false,"site-sidebar-layout":"default","site-content-layout":"","ast-site-content-layout":"default","site-content-style":"default","site-sidebar-style":"default","ast-global-header-display":"","ast-banner-title-visibility":"","ast-main-header-display":"","ast-hfb-above-header-display":"","ast-hfb-below-header-display":"","ast-hfb-mobile-header-display":"","site-post-title":"","ast-breadcrumbs-content":"","ast-featured-img":"","footer-sml-layout":"","ast-disable-related-posts":"","theme-transparent-header-meta":"default","adv-header-id-meta":"","stick-header-meta":"default","header-above-stick-meta":"","header-main-stick-meta":"","header-below-stick-meta":"","astra-migrate-meta-layouts":"set","ast-page-background-enabled":"default","ast-page-background-meta":{"desktop":{"background-color":"var(--ast-global-color-4)","background-image":"","background-repeat":"repeat","background-position":"center center","background-size":"auto","background-attachment":"scroll","background-type":"","background-media":"","overlay-type":"","overlay-color":"","overlay-opacity":"","overlay-gradient":""},"tablet":{"background-color":"","background-image":"","background-repeat":"repeat","background-position":"center center","background-size":"auto","background-attachment":"scroll","background-type":"","background-media":"","overlay-type":"","overlay-color":"","overlay-opacity":"","overlay-gradient":""},"mobile":{"background-color":"","background-image":"","background-repeat":"repeat","background-position":"center center","background-size":"auto","background-attachment":"scroll","background-type":"","background-media":"","overlay-type":"","overlay-color":"","overlay-opacity":"","overlay-gradient":""}},"ast-content-background-meta":{"desktop":{"background-color":"var(--ast-global-color-5)","background-image":"","background-repeat":"repeat","background-position":"center center","background-size":"auto","background-attachment":"scroll","background-type":"","background-media":"","overlay-type":"","overlay-color":"","overlay-opacity":"","overlay-gradient":""},"tablet":{"background-color":"var(--ast-global-color-5)","background-image":"","background-repeat":"repeat","background-position":"center center","background-size":"auto","background-attachment":"scroll","background-type":"","background-media":"","overlay-type":"","overlay-color":"","overlay-opacity":"","overlay-gradient":""},"mobile":{"background-color":"var(--ast-global-color-5)","background-image":"","background-repeat":"repeat","background-position":"center center","background-size":"auto","background-attachment":"scroll","background-type":"","background-media":"","overlay-type":"","overlay-color":"","overlay-opacity":"","overlay-gradient":""}}},"product_brand":[],"product_cat":[45,397],"product_tag":[341,285,284,342,352],"class_list":{"0":"post-5844","1":"product","2":"type-product","3":"status-publish","4":"has-post-thumbnail","6":"product_cat-krimi-trails-fr","7":"product_cat-crime-trails-adults","8":"product_tag-activite","9":"product_tag-crime-trail","10":"product_tag-experience-de-groupe","11":"product_tag-loisir","12":"product_tag-payerne","13":"desktop-align-center","14":"tablet-align-left","15":"mobile-align-left","16":"ast-product-gallery-layout-horizontal-slider","17":"ast-product-tabs-layout-horizontal","19":"first","20":"instock","21":"downloadable","22":"virtual","23":"taxable","24":"purchasable","25":"product-type-simple"},"_links":{"self":[{"href":"https:\/\/krimi-trails.ch\/fr\/wp-json\/wp\/v2\/product\/5844","targetHints":{"allow":["GET"]}}],"collection":[{"href":"https:\/\/krimi-trails.ch\/fr\/wp-json\/wp\/v2\/product"}],"about":[{"href":"https:\/\/krimi-trails.ch\/fr\/wp-json\/wp\/v2\/types\/product"}],"replies":[{"embeddable":true,"href":"https:\/\/krimi-trails.ch\/fr\/wp-json\/wp\/v2\/comments?post=5844"}],"version-history":[{"count":0,"href":"https:\/\/krimi-trails.ch\/fr\/wp-json\/wp\/v2\/product\/5844\/revisions"}],"wp:featuredmedia":[{"embeddable":true,"href":"https:\/\/krimi-trails.ch\/fr\/wp-json\/wp\/v2\/media\/18556"}],"wp:attachment":[{"href":"https:\/\/krimi-trails.ch\/fr\/wp-json\/wp\/v2\/media?parent=5844"}],"wp:term":[{"taxonomy":"product_brand","embeddable":true,"href":"https:\/\/krimi-trails.ch\/fr\/wp-json\/wp\/v2\/product_brand?post=5844"},{"taxonomy":"product_cat","embeddable":true,"href":"https:\/\/krimi-trails.ch\/fr\/wp-json\/wp\/v2\/product_cat?post=5844"},{"taxonomy":"product_tag","embeddable":true,"href":"https:\/\/krimi-trails.ch\/fr\/wp-json\/wp\/v2\/product_tag?post=5844"}],"curies":[{"name":"wp","href":"https:\/\/api.w.org\/{rel}","templated":true}]}}