{"id":5832,"date":"2022-10-06T17:37:58","date_gmt":"2022-10-06T15:37:58","guid":{"rendered":"https:\/\/newsystem-krimi-trails.ch\/produkt\/crime-trail-gleresse-la-morte-du-lac-de-bienne\/"},"modified":"2025-12-16T11:14:12","modified_gmt":"2025-12-16T10:14:12","slug":"crime-trail-gleresse-la-morte-du-lac-de-bienne","status":"publish","type":"product","link":"https:\/\/krimi-trails.ch\/fr\/produit\/crime-trail-gleresse-la-morte-du-lac-de-bienne\/","title":{"rendered":"Crime-Trail Gl\u00e9resse: La morte du lac de Bienne"},"content":{"rendered":"<div>R\u00e9sous le crime sur le Crime-Trail \u00e0 Gl\u00e9resse au bord du lac de Bienne. Excursion, activit\u00e9, attraction et id\u00e9e de loisirs \u00e0 Gl\u00e9resse au bord du lac de Bienne. Spontan\u00e9ment et sans pr\u00e9avis.<\/div>\n<div><\/div>\n<div><strong>Le Crime-Trail peut \u00eatre commenc\u00e9 \u00e0 tout moment.<\/strong><\/div>\n<div><\/div>\n<div>D\u00e9couvre d&#8217;autres offres de MyCityHighlight pr\u00e8s de chez toi : <a href=\"https:\/\/www.mycityhighlight.ch\">www.mycityhighlight.ch<\/a><\/div>\n","protected":false},"excerpt":{"rendered":"<p><strong>La morte du lac de Bienne<\/strong><\/p>\n<p><em>Le cas \u00e0 r\u00e9soudre \u00e0 Gl\u00e9resse, au bord du lac de Bienne, correspond dans les grandes lignes \u00e0 celui du Crime-Trail de Sion.<\/em><\/p>\n<p>Une femme, Emma Imhof, est retrouv\u00e9e morte dans le petit parc jouxtant le d\u00e9barcad\u00e8re de Gl\u00e9resse. Elle a \u00e9t\u00e9 \u00e9gorg\u00e9e par derri\u00e8re.<\/p>\n<p>Emma Imhof travaillait comme comptable au service comptabilit\u00e9 d\u2019entreprise de production de vin appel\u00e9e \u00ab\u00a0Supervins 3-Lacs\u00a0\u00bb. L&#8217;entreprise est soup\u00e7onn\u00e9e d&#8217;avoir d\u00e9tourn\u00e9 des imp\u00f4ts et d&#8217;avoir mis du pinot noir, moins cher, dans des bouteilles de Malbec vendues plus ch\u00e8res. La justice enqu\u00eate sur le producteur pour falsification de marchandises et de soustraction d\u2019imp\u00f4t.<\/p>\n<p><strong>Dur\u00e9e:<\/strong> 1 h 30 \u2013 2 h 30<\/p>\n<p><strong>D\u00e9part:<\/strong>\u00a0D\u00e9barcad\u00e8re, 2514 Gl\u00e9resse<\/p>\n<p>&nbsp;<\/p>\n<p><strong>Prix de base : CHF 40.- (pour 1-5 acc\u00e8s au jeu\/personnes)<\/strong><br \/>\nChaque personne suppl\u00e9mentaire CHF 8.-.<\/p>\n<p>Vous \u00eates plus de 5 personnes ? Dans ce cas, veuillez augmenter le nombre.<\/p>\n","protected":false},"featured_media":27162,"comment_status":"open","ping_status":"closed","template":"","meta":{"inline_featured_image":false,"site-sidebar-layout":"default","site-content-layout":"","ast-site-content-layout":"default","site-content-style":"default","site-sidebar-style":"default","ast-global-header-display":"","ast-banner-title-visibility":"","ast-main-header-display":"","ast-hfb-above-header-display":"","ast-hfb-below-header-display":"","ast-hfb-mobile-header-display":"","site-post-title":"","ast-breadcrumbs-content":"","ast-featured-img":"","footer-sml-layout":"","ast-disable-related-posts":"","theme-transparent-header-meta":"default","adv-header-id-meta":"","stick-header-meta":"default","header-above-stick-meta":"","header-main-stick-meta":"","header-below-stick-meta":"","astra-migrate-meta-layouts":"set","ast-page-background-enabled":"default","ast-page-background-meta":{"desktop":{"background-color":"var(--ast-global-color-4)","background-image":"","background-repeat":"repeat","background-position":"center center","background-size":"auto","background-attachment":"scroll","background-type":"","background-media":"","overlay-type":"","overlay-color":"","overlay-opacity":"","overlay-gradient":""},"tablet":{"background-color":"","background-image":"","background-repeat":"repeat","background-position":"center center","background-size":"auto","background-attachment":"scroll","background-type":"","background-media":"","overlay-type":"","overlay-color":"","overlay-opacity":"","overlay-gradient":""},"mobile":{"background-color":"","background-image":"","background-repeat":"repeat","background-position":"center center","background-size":"auto","background-attachment":"scroll","background-type":"","background-media":"","overlay-type":"","overlay-color":"","overlay-opacity":"","overlay-gradient":""}},"ast-content-background-meta":{"desktop":{"background-color":"var(--ast-global-color-5)","background-image":"","background-repeat":"repeat","background-position":"center center","background-size":"auto","background-attachment":"scroll","background-type":"","background-media":"","overlay-type":"","overlay-color":"","overlay-opacity":"","overlay-gradient":""},"tablet":{"background-color":"var(--ast-global-color-5)","background-image":"","background-repeat":"repeat","background-position":"center center","background-size":"auto","background-attachment":"scroll","background-type":"","background-media":"","overlay-type":"","overlay-color":"","overlay-opacity":"","overlay-gradient":""},"mobile":{"background-color":"var(--ast-global-color-5)","background-image":"","background-repeat":"repeat","background-position":"center center","background-size":"auto","background-attachment":"scroll","background-type":"","background-media":"","overlay-type":"","overlay-color":"","overlay-opacity":"","overlay-gradient":""}}},"product_brand":[],"product_cat":[45,397],"product_tag":[341,273,345,349,276,277,278,351,342,279,280,350],"class_list":{"0":"post-5832","1":"product","2":"type-product","3":"status-publish","4":"has-post-thumbnail","6":"product_cat-krimi-trails-fr","7":"product_cat-crime-trails-adults","8":"product_tag-activite","9":"product_tag-ausflugstipp-fr","10":"product_tag-excursion","11":"product_tag-gleresse","12":"product_tag-gruppenerlebnis-fr","13":"product_tag-krimi-event-fr","14":"product_tag-krimi-trail-fr","15":"product_tag-lac-de-bienne","16":"product_tag-loisir","17":"product_tag-teamausflug-fr","18":"product_tag-teamevent-fr","19":"product_tag-twann-fr","20":"desktop-align-center","21":"tablet-align-left","22":"mobile-align-left","23":"ast-product-gallery-layout-horizontal-slider","24":"ast-product-tabs-layout-horizontal","26":"first","27":"instock","28":"downloadable","29":"virtual","30":"taxable","31":"purchasable","32":"product-type-simple"},"_links":{"self":[{"href":"https:\/\/krimi-trails.ch\/fr\/wp-json\/wp\/v2\/product\/5832","targetHints":{"allow":["GET"]}}],"collection":[{"href":"https:\/\/krimi-trails.ch\/fr\/wp-json\/wp\/v2\/product"}],"about":[{"href":"https:\/\/krimi-trails.ch\/fr\/wp-json\/wp\/v2\/types\/product"}],"replies":[{"embeddable":true,"href":"https:\/\/krimi-trails.ch\/fr\/wp-json\/wp\/v2\/comments?post=5832"}],"version-history":[{"count":0,"href":"https:\/\/krimi-trails.ch\/fr\/wp-json\/wp\/v2\/product\/5832\/revisions"}],"wp:featuredmedia":[{"embeddable":true,"href":"https:\/\/krimi-trails.ch\/fr\/wp-json\/wp\/v2\/media\/27162"}],"wp:attachment":[{"href":"https:\/\/krimi-trails.ch\/fr\/wp-json\/wp\/v2\/media?parent=5832"}],"wp:term":[{"taxonomy":"product_brand","embeddable":true,"href":"https:\/\/krimi-trails.ch\/fr\/wp-json\/wp\/v2\/product_brand?post=5832"},{"taxonomy":"product_cat","embeddable":true,"href":"https:\/\/krimi-trails.ch\/fr\/wp-json\/wp\/v2\/product_cat?post=5832"},{"taxonomy":"product_tag","embeddable":true,"href":"https:\/\/krimi-trails.ch\/fr\/wp-json\/wp\/v2\/product_tag?post=5832"}],"curies":[{"name":"wp","href":"https:\/\/api.w.org\/{rel}","templated":true}]}}