{"id":5830,"date":"2022-09-07T13:46:50","date_gmt":"2022-09-07T11:46:50","guid":{"rendered":"https:\/\/newsystem-krimi-trails.ch\/produkt\/crime-trail-sion-une-femme-retrouvee-morte-au-parc-de-la-planta-a-sion\/"},"modified":"2025-12-16T11:18:09","modified_gmt":"2025-12-16T10:18:09","slug":"crime-trail-sion-une-femme-retrouvee-morte-au-parc-de-la-planta-a-sion","status":"publish","type":"product","link":"https:\/\/krimi-trails.ch\/fr\/produit\/crime-trail-sion-une-femme-retrouvee-morte-au-parc-de-la-planta-a-sion\/","title":{"rendered":"Crime-Trail Sion: Une femme retrouv\u00e9e morte au parc de la Planta \u00e0 Sion"},"content":{"rendered":"<div>R\u00e9sous le crime sur le Crime-Trail \u00e0 Sion. Excursion, activit\u00e9, attraction et id\u00e9e de loisirs \u00e0 Sion. Spontan\u00e9ment et sans pr\u00e9avis.<\/div>\n<div><\/div>\n<div><strong>Le Crime-Trail peut \u00eatre commenc\u00e9 \u00e0 tout moment.<\/strong><\/div>\n<div><\/div>\n<div>D\u00e9couvre d&#8217;autres offres de MyCityHighlight pr\u00e8s de chez toi : <a href=\"https:\/\/www.mycityhighlight.ch\">www.mycityhighlight.ch<\/a><\/div>\n","protected":false},"excerpt":{"rendered":"<p><strong>Une femme retrouv\u00e9e morte au parc de la Planta \u00e0 Sion<\/strong><\/p>\n<p>Une femme, Emma Imhof, a \u00e9t\u00e9 retrouv\u00e9e sans vie au parc de la Planta \u00e0 Sion. Quelqu\u2019un l\u2019a \u00e9gorg\u00e9e par derri\u00e8re.<\/p>\n<p>La victime travaillait au service de comptabilit\u00e9 d\u2019une soci\u00e9t\u00e9 de production de vin valaisanne, Supervins Valais. L\u2019entreprise est soup\u00e7onn\u00e9e d\u2019avoir d\u00e9tourn\u00e9 des fonds en remplissant des bouteilles on\u00e9reuses de Petite Arvine avec du Fendant, un vin meilleur march\u00e9. La justice valaisanne a ouvert une enqu\u00eate sur le producteur de vin pour falsification de marchandises et fraude fiscale.<\/p>\n<p><strong>Dur\u00e9e:<\/strong> 1 h 45 \u2013 2 h 30<\/p>\n<p><strong>D\u00e9part:<\/strong> Parc de la Planta, 1950 Sion<\/p>\n<p>&nbsp;<\/p>\n<p><strong>Prix de base : CHF 40.- (pour 1-5 acc\u00e8s au jeu\/personnes)<\/strong><br \/>\nChaque personne suppl\u00e9mentaire CHF 8.-.<\/p>\n<p>Vous \u00eates plus de 5 personnes ? Dans ce cas, veuillez augmenter le nombre.<\/p>\n","protected":false},"featured_media":25089,"comment_status":"open","ping_status":"closed","template":"","meta":{"inline_featured_image":false,"site-sidebar-layout":"default","site-content-layout":"","ast-site-content-layout":"default","site-content-style":"default","site-sidebar-style":"default","ast-global-header-display":"","ast-banner-title-visibility":"","ast-main-header-display":"","ast-hfb-above-header-display":"","ast-hfb-below-header-display":"","ast-hfb-mobile-header-display":"","site-post-title":"","ast-breadcrumbs-content":"","ast-featured-img":"","footer-sml-layout":"","ast-disable-related-posts":"","theme-transparent-header-meta":"default","adv-header-id-meta":"","stick-header-meta":"default","header-above-stick-meta":"","header-main-stick-meta":"","header-below-stick-meta":"","astra-migrate-meta-layouts":"set","ast-page-background-enabled":"default","ast-page-background-meta":{"desktop":{"background-color":"var(--ast-global-color-4)","background-image":"","background-repeat":"repeat","background-position":"center center","background-size":"auto","background-attachment":"scroll","background-type":"","background-media":"","overlay-type":"","overlay-color":"","overlay-opacity":"","overlay-gradient":""},"tablet":{"background-color":"","background-image":"","background-repeat":"repeat","background-position":"center center","background-size":"auto","background-attachment":"scroll","background-type":"","background-media":"","overlay-type":"","overlay-color":"","overlay-opacity":"","overlay-gradient":""},"mobile":{"background-color":"","background-image":"","background-repeat":"repeat","background-position":"center center","background-size":"auto","background-attachment":"scroll","background-type":"","background-media":"","overlay-type":"","overlay-color":"","overlay-opacity":"","overlay-gradient":""}},"ast-content-background-meta":{"desktop":{"background-color":"var(--ast-global-color-5)","background-image":"","background-repeat":"repeat","background-position":"center center","background-size":"auto","background-attachment":"scroll","background-type":"","background-media":"","overlay-type":"","overlay-color":"","overlay-opacity":"","overlay-gradient":""},"tablet":{"background-color":"var(--ast-global-color-5)","background-image":"","background-repeat":"repeat","background-position":"center center","background-size":"auto","background-attachment":"scroll","background-type":"","background-media":"","overlay-type":"","overlay-color":"","overlay-opacity":"","overlay-gradient":""},"mobile":{"background-color":"var(--ast-global-color-5)","background-image":"","background-repeat":"repeat","background-position":"center center","background-size":"auto","background-attachment":"scroll","background-type":"","background-media":"","overlay-type":"","overlay-color":"","overlay-opacity":"","overlay-gradient":""}}},"product_brand":[],"product_cat":[45,397],"product_tag":[341,273,345,276,277,278,342,348,279,280,347],"class_list":{"0":"post-5830","1":"product","2":"type-product","3":"status-publish","4":"has-post-thumbnail","6":"product_cat-krimi-trails-fr","7":"product_cat-crime-trails-adults","8":"product_tag-activite","9":"product_tag-ausflugstipp-fr","10":"product_tag-excursion","11":"product_tag-gruppenerlebnis-fr","12":"product_tag-krimi-event-fr","13":"product_tag-krimi-trail-fr","14":"product_tag-loisir","15":"product_tag-sion-fr","16":"product_tag-teamausflug-fr","17":"product_tag-teamevent-fr","18":"product_tag-valais","19":"desktop-align-center","20":"tablet-align-left","21":"mobile-align-left","22":"ast-product-gallery-layout-horizontal-slider","23":"ast-product-tabs-layout-horizontal","25":"first","26":"instock","27":"downloadable","28":"virtual","29":"taxable","30":"purchasable","31":"product-type-simple"},"_links":{"self":[{"href":"https:\/\/krimi-trails.ch\/fr\/wp-json\/wp\/v2\/product\/5830","targetHints":{"allow":["GET"]}}],"collection":[{"href":"https:\/\/krimi-trails.ch\/fr\/wp-json\/wp\/v2\/product"}],"about":[{"href":"https:\/\/krimi-trails.ch\/fr\/wp-json\/wp\/v2\/types\/product"}],"replies":[{"embeddable":true,"href":"https:\/\/krimi-trails.ch\/fr\/wp-json\/wp\/v2\/comments?post=5830"}],"version-history":[{"count":0,"href":"https:\/\/krimi-trails.ch\/fr\/wp-json\/wp\/v2\/product\/5830\/revisions"}],"wp:featuredmedia":[{"embeddable":true,"href":"https:\/\/krimi-trails.ch\/fr\/wp-json\/wp\/v2\/media\/25089"}],"wp:attachment":[{"href":"https:\/\/krimi-trails.ch\/fr\/wp-json\/wp\/v2\/media?parent=5830"}],"wp:term":[{"taxonomy":"product_brand","embeddable":true,"href":"https:\/\/krimi-trails.ch\/fr\/wp-json\/wp\/v2\/product_brand?post=5830"},{"taxonomy":"product_cat","embeddable":true,"href":"https:\/\/krimi-trails.ch\/fr\/wp-json\/wp\/v2\/product_cat?post=5830"},{"taxonomy":"product_tag","embeddable":true,"href":"https:\/\/krimi-trails.ch\/fr\/wp-json\/wp\/v2\/product_tag?post=5830"}],"curies":[{"name":"wp","href":"https:\/\/api.w.org\/{rel}","templated":true}]}}