{"id":5810,"date":"2020-12-07T07:55:26","date_gmt":"2020-12-07T06:55:26","guid":{"rendered":"https:\/\/newsystem-krimi-trails.ch\/produkt\/jeu-de-patience-metal\/"},"modified":"2024-05-06T14:26:36","modified_gmt":"2024-05-06T12:26:36","slug":"jeu-de-patience-metal","status":"publish","type":"product","link":"https:\/\/krimi-trails.ch\/fr\/produit\/jeu-de-patience-metal\/","title":{"rendered":"Jeu de patience &#8211; m\u00e9tal"},"content":{"rendered":"<p>Jeu de patience &#8211; m\u00e9tal<\/p>\n<p>Jeu de puzzle en m\u00e9tal. Peiux-tu r\u00e9ussir \u00e0 s\u00e9parer les deux parties l&#8217;une de l&#8217;autre et \u00e0 les r\u00e9unir \u00e0 nouveau ? Il existe quatre diff\u00e9rents jeux de patience en m\u00e9tal.<br \/>\nTaille du puzzle : environ 6 x 4,5 x 1,5 cm &#8211; taille du paquet<br \/>\nId\u00e9al comme petit prix lors d&#8217;une f\u00eate d&#8217;anniversaire d&#8217;enfant ou comme prix au <a href=\"https:\/\/www.krimi-trails.ch\/home-trails\/?lang=fr\">Crime-Trail-Home.<\/a><\/p>\n","protected":false},"excerpt":{"rendered":"<p>Jeu de patience &#8211; m\u00e9tal<\/p>\n<p>Jeu de puzzle en m\u00e9tal. Peiux-tu r\u00e9ussir \u00e0 s\u00e9parer les deux parties l&#8217;une de l&#8217;autre et \u00e0 les r\u00e9unir \u00e0 nouveau ? Il existe quatre diff\u00e9rents jeux de patience en m\u00e9tal.<br \/>\nTaille du puzzle : environ 6 x 4,5 x 1,5 cm &#8211; taille du paquet<br \/>\nId\u00e9al comme petit prix lors d&#8217;une f\u00eate d&#8217;anniversaire d&#8217;enfant ou comme prix au <a href=\"https:\/\/www.krimi-trails.ch\/home-trails\/?lang=fr\">Crime-Trail-Home.<\/a><\/p>\n","protected":false},"featured_media":1538,"comment_status":"open","ping_status":"open","template":"","meta":{"inline_featured_image":false,"site-sidebar-layout":"default","site-content-layout":"","ast-site-content-layout":"default","site-content-style":"default","site-sidebar-style":"default","ast-global-header-display":"","ast-banner-title-visibility":"","ast-main-header-display":"","ast-hfb-above-header-display":"","ast-hfb-below-header-display":"","ast-hfb-mobile-header-display":"","site-post-title":"","ast-breadcrumbs-content":"","ast-featured-img":"","footer-sml-layout":"","ast-disable-related-posts":"","theme-transparent-header-meta":"","adv-header-id-meta":"","stick-header-meta":"","header-above-stick-meta":"","header-main-stick-meta":"","header-below-stick-meta":"","astra-migrate-meta-layouts":"default","ast-page-background-enabled":"default","ast-page-background-meta":{"desktop":{"background-color":"var(--ast-global-color-4)","background-image":"","background-repeat":"repeat","background-position":"center center","background-size":"auto","background-attachment":"scroll","background-type":"","background-media":"","overlay-type":"","overlay-color":"","overlay-opacity":"","overlay-gradient":""},"tablet":{"background-color":"","background-image":"","background-repeat":"repeat","background-position":"center center","background-size":"auto","background-attachment":"scroll","background-type":"","background-media":"","overlay-type":"","overlay-color":"","overlay-opacity":"","overlay-gradient":""},"mobile":{"background-color":"","background-image":"","background-repeat":"repeat","background-position":"center center","background-size":"auto","background-attachment":"scroll","background-type":"","background-media":"","overlay-type":"","overlay-color":"","overlay-opacity":"","overlay-gradient":""}},"ast-content-background-meta":{"desktop":{"background-color":"var(--ast-global-color-5)","background-image":"","background-repeat":"repeat","background-position":"center center","background-size":"auto","background-attachment":"scroll","background-type":"","background-media":"","overlay-type":"","overlay-color":"","overlay-opacity":"","overlay-gradient":""},"tablet":{"background-color":"var(--ast-global-color-5)","background-image":"","background-repeat":"repeat","background-position":"center center","background-size":"auto","background-attachment":"scroll","background-type":"","background-media":"","overlay-type":"","overlay-color":"","overlay-opacity":"","overlay-gradient":""},"mobile":{"background-color":"var(--ast-global-color-5)","background-image":"","background-repeat":"repeat","background-position":"center center","background-size":"auto","background-attachment":"scroll","background-type":"","background-media":"","overlay-type":"","overlay-color":"","overlay-opacity":"","overlay-gradient":""}}},"product_brand":[],"product_cat":[42],"product_tag":[336,303,289,337],"class_list":{"0":"post-5810","1":"product","2":"type-product","3":"status-publish","4":"has-post-thumbnail","6":"product_cat-fanartikel-fr","7":"product_tag-anniversaire-entfants","8":"product_tag-cadeau","9":"product_tag-detective-blaireau","10":"product_tag-jeu-de-patience","11":"desktop-align-center","12":"tablet-align-left","13":"mobile-align-left","14":"ast-product-gallery-layout-horizontal-slider","15":"ast-product-tabs-layout-horizontal","17":"first","18":"instock","19":"taxable","20":"shipping-taxable","21":"purchasable","22":"product-type-simple"},"_links":{"self":[{"href":"https:\/\/krimi-trails.ch\/fr\/wp-json\/wp\/v2\/product\/5810","targetHints":{"allow":["GET"]}}],"collection":[{"href":"https:\/\/krimi-trails.ch\/fr\/wp-json\/wp\/v2\/product"}],"about":[{"href":"https:\/\/krimi-trails.ch\/fr\/wp-json\/wp\/v2\/types\/product"}],"replies":[{"embeddable":true,"href":"https:\/\/krimi-trails.ch\/fr\/wp-json\/wp\/v2\/comments?post=5810"}],"version-history":[{"count":0,"href":"https:\/\/krimi-trails.ch\/fr\/wp-json\/wp\/v2\/product\/5810\/revisions"}],"wp:featuredmedia":[{"embeddable":true,"href":"https:\/\/krimi-trails.ch\/fr\/wp-json\/wp\/v2\/media\/1538"}],"wp:attachment":[{"href":"https:\/\/krimi-trails.ch\/fr\/wp-json\/wp\/v2\/media?parent=5810"}],"wp:term":[{"taxonomy":"product_brand","embeddable":true,"href":"https:\/\/krimi-trails.ch\/fr\/wp-json\/wp\/v2\/product_brand?post=5810"},{"taxonomy":"product_cat","embeddable":true,"href":"https:\/\/krimi-trails.ch\/fr\/wp-json\/wp\/v2\/product_cat?post=5810"},{"taxonomy":"product_tag","embeddable":true,"href":"https:\/\/krimi-trails.ch\/fr\/wp-json\/wp\/v2\/product_tag?post=5810"}],"curies":[{"name":"wp","href":"https:\/\/api.w.org\/{rel}","templated":true}]}}