{"id":5798,"date":"2022-02-02T14:24:56","date_gmt":"2022-02-02T13:24:56","guid":{"rendered":"https:\/\/newsystem-krimi-trails.ch\/produkt\/crime-trail-romont-etre-dans-larmee-peut-tuer\/"},"modified":"2025-12-16T11:10:40","modified_gmt":"2025-12-16T10:10:40","slug":"crime-trail-romont-etre-dans-larmee-peut-tuer","status":"publish","type":"product","link":"https:\/\/krimi-trails.ch\/fr\/produit\/crime-trail-romont-etre-dans-larmee-peut-tuer\/","title":{"rendered":"Crime-Trail Romont: \u00catre dans l\u2019arm\u00e9e peut tuer&#8230;"},"content":{"rendered":"<div>R\u00e9sous le crime sur le Crime-Trail \u00e0 Romont. Excursion, activit\u00e9, attraction et id\u00e9e de loisirs \u00e0 Romont. Spontan\u00e9ment et sans pr\u00e9avis.<\/div>\n<div><\/div>\n<div><strong>Le Crime-Trail peut \u00eatre commenc\u00e9 \u00e0 tout moment.<\/strong><\/div>\n<div><\/div>\n<div>D\u00e9couvre d&#8217;autres offres de MyCityHighlight pr\u00e8s de chez toi : <a href=\"https:\/\/www.mycityhighlight.ch\">www.mycityhighlight.ch<\/a><\/div>\n","protected":false},"excerpt":{"rendered":"<p><strong>\u00catre dans l\u2019arm\u00e9e peut tuer&#8230;<\/strong><\/p>\n<p>Lukas Kolly a \u00e9t\u00e9 retrouv\u00e9 mort pr\u00e8s de la Tour de Fribourg. Il a \u00e9t\u00e9 tu\u00e9 par balle, et un pistolet g\u00eet \u00e0 c\u00f4t\u00e9 de lui. S\u2019agit-il d\u2019un suicide\u00a0?<\/p>\n<p>Jusqu\u2019\u00e0 il y a peu, Lukas travaillait \u00e0 l\u2019infirmerie de la caserne situ\u00e9e non loin d\u2019ici. Il \u00e9tait employ\u00e9 par l\u2019arm\u00e9e, mais il a \u00e9t\u00e9 renvoy\u00e9 car il s\u2019est av\u00e9r\u00e9 qu\u2019il avait d\u00e9rob\u00e9 une quantit\u00e9 importante de p\u00e9nicilline dans le b\u00e2timent de la pharmacie de l\u2019arm\u00e9e. Lukas a \u00e9t\u00e9 condamn\u00e9 \u00e0 six mois de prison pour ce d\u00e9lit, et il devait bient\u00f4t commencer \u00e0 purger sa peine. En revanche, aucune preuve incriminant ses complices pr\u00e9sum\u00e9s, Andreas Vonlanthen et Peter Jungo, qui effectuent leur \u00e9cole de recrues \u00e0 la caserne, n\u2019a pu \u00eatre trouv\u00e9e.<\/p>\n<p><strong>Dur\u00e9e:<\/strong> 1 h 15 &#8211; 2 h<\/p>\n<p><strong>D\u00e9part:<\/strong> Tour de Fribourg, pr\u00e8s de la Grand Rue 52, 1680 Romont<\/p>\n<p>&nbsp;<\/p>\n<p><strong>Prix de base : CHF 40.- (pour 1-5 acc\u00e8s au jeu\/personnes)<\/strong><br \/>\nChaque personne suppl\u00e9mentaire CHF 8.-.<\/p>\n<p>Vous \u00eates plus de 5 personnes ? Dans ce cas, veuillez augmenter le nombre.<\/p>\n","protected":false},"featured_media":26529,"comment_status":"open","ping_status":"closed","template":"","meta":{"inline_featured_image":false,"site-sidebar-layout":"default","site-content-layout":"","ast-site-content-layout":"default","site-content-style":"default","site-sidebar-style":"default","ast-global-header-display":"","ast-banner-title-visibility":"","ast-main-header-display":"","ast-hfb-above-header-display":"","ast-hfb-below-header-display":"","ast-hfb-mobile-header-display":"","site-post-title":"","ast-breadcrumbs-content":"","ast-featured-img":"","footer-sml-layout":"","ast-disable-related-posts":"","theme-transparent-header-meta":"default","adv-header-id-meta":"","stick-header-meta":"default","header-above-stick-meta":"","header-main-stick-meta":"","header-below-stick-meta":"","astra-migrate-meta-layouts":"set","ast-page-background-enabled":"default","ast-page-background-meta":{"desktop":{"background-color":"var(--ast-global-color-4)","background-image":"","background-repeat":"repeat","background-position":"center center","background-size":"auto","background-attachment":"scroll","background-type":"","background-media":"","overlay-type":"","overlay-color":"","overlay-opacity":"","overlay-gradient":""},"tablet":{"background-color":"","background-image":"","background-repeat":"repeat","background-position":"center center","background-size":"auto","background-attachment":"scroll","background-type":"","background-media":"","overlay-type":"","overlay-color":"","overlay-opacity":"","overlay-gradient":""},"mobile":{"background-color":"","background-image":"","background-repeat":"repeat","background-position":"center center","background-size":"auto","background-attachment":"scroll","background-type":"","background-media":"","overlay-type":"","overlay-color":"","overlay-opacity":"","overlay-gradient":""}},"ast-content-background-meta":{"desktop":{"background-color":"var(--ast-global-color-5)","background-image":"","background-repeat":"repeat","background-position":"center center","background-size":"auto","background-attachment":"scroll","background-type":"","background-media":"","overlay-type":"","overlay-color":"","overlay-opacity":"","overlay-gradient":""},"tablet":{"background-color":"var(--ast-global-color-5)","background-image":"","background-repeat":"repeat","background-position":"center center","background-size":"auto","background-attachment":"scroll","background-type":"","background-media":"","overlay-type":"","overlay-color":"","overlay-opacity":"","overlay-gradient":""},"mobile":{"background-color":"var(--ast-global-color-5)","background-image":"","background-repeat":"repeat","background-position":"center center","background-size":"auto","background-attachment":"scroll","background-type":"","background-media":"","overlay-type":"","overlay-color":"","overlay-opacity":"","overlay-gradient":""}}},"product_brand":[],"product_cat":[45,397],"product_tag":[341,273,345,276,277,278,342,329,279,280],"class_list":{"0":"post-5798","1":"product","2":"type-product","3":"status-publish","4":"has-post-thumbnail","6":"product_cat-krimi-trails-fr","7":"product_cat-crime-trails-adults","8":"product_tag-activite","9":"product_tag-ausflugstipp-fr","10":"product_tag-excursion","11":"product_tag-gruppenerlebnis-fr","12":"product_tag-krimi-event-fr","13":"product_tag-krimi-trail-fr","14":"product_tag-loisir","15":"product_tag-romont-fr","16":"product_tag-teamausflug-fr","17":"product_tag-teamevent-fr","18":"desktop-align-center","19":"tablet-align-left","20":"mobile-align-left","21":"ast-product-gallery-layout-horizontal-slider","22":"ast-product-tabs-layout-horizontal","24":"first","25":"instock","26":"downloadable","27":"virtual","28":"taxable","29":"purchasable","30":"product-type-simple"},"_links":{"self":[{"href":"https:\/\/krimi-trails.ch\/fr\/wp-json\/wp\/v2\/product\/5798","targetHints":{"allow":["GET"]}}],"collection":[{"href":"https:\/\/krimi-trails.ch\/fr\/wp-json\/wp\/v2\/product"}],"about":[{"href":"https:\/\/krimi-trails.ch\/fr\/wp-json\/wp\/v2\/types\/product"}],"replies":[{"embeddable":true,"href":"https:\/\/krimi-trails.ch\/fr\/wp-json\/wp\/v2\/comments?post=5798"}],"version-history":[{"count":0,"href":"https:\/\/krimi-trails.ch\/fr\/wp-json\/wp\/v2\/product\/5798\/revisions"}],"wp:featuredmedia":[{"embeddable":true,"href":"https:\/\/krimi-trails.ch\/fr\/wp-json\/wp\/v2\/media\/26529"}],"wp:attachment":[{"href":"https:\/\/krimi-trails.ch\/fr\/wp-json\/wp\/v2\/media?parent=5798"}],"wp:term":[{"taxonomy":"product_brand","embeddable":true,"href":"https:\/\/krimi-trails.ch\/fr\/wp-json\/wp\/v2\/product_brand?post=5798"},{"taxonomy":"product_cat","embeddable":true,"href":"https:\/\/krimi-trails.ch\/fr\/wp-json\/wp\/v2\/product_cat?post=5798"},{"taxonomy":"product_tag","embeddable":true,"href":"https:\/\/krimi-trails.ch\/fr\/wp-json\/wp\/v2\/product_tag?post=5798"}],"curies":[{"name":"wp","href":"https:\/\/api.w.org\/{rel}","templated":true}]}}