{"id":5797,"date":"2022-01-26T15:29:24","date_gmt":"2022-01-26T14:29:24","guid":{"rendered":"https:\/\/newsystem-krimi-trails.ch\/produkt\/crime-trail-montreux-tu-ne-convoiteras-pas-la-femme-de-ton-prochain\/"},"modified":"2026-02-25T14:00:43","modified_gmt":"2026-02-25T13:00:43","slug":"crime-trail-montreux-tu-ne-convoiteras-pas-la-femme-de-ton-prochain","status":"publish","type":"product","link":"https:\/\/krimi-trails.ch\/fr\/produit\/crime-trail-montreux-tu-ne-convoiteras-pas-la-femme-de-ton-prochain\/","title":{"rendered":"Crime-Trail Montreux: Tu ne convoiteras pas la femme de ton prochain"},"content":{"rendered":"<div>R\u00e9sous le crime sur le Crime-Trail \u00e0 Montreux. Excursion, activit\u00e9, attraction et id\u00e9e de loisirs \u00e0 Montreux. Spontan\u00e9ment et sans pr\u00e9avis.<\/div>\n<div><\/div>\n<div><strong>Le Crime-Trail peut \u00eatre commenc\u00e9 \u00e0 tout moment.<\/strong><\/div>\n<div><\/div>\n<div>D\u00e9couvre d&#8217;autres offres de MyCityHighlight pr\u00e8s de chez toi : <a href=\"https:\/\/www.mycityhighlight.ch\">www.mycityhighlight.ch<\/a><\/div>\n<div><\/div>\n<div>\n<p>******<\/p>\n<p><strong>D\u2019autres offres de MyCityHighlight<\/strong><\/p>\n<p>Partez \u00e0 la chasse du myst\u00e9rieux guide sur le sentier interactif\u00a0<a href=\"https:\/\/www.finding-daniel.ch\/fr\/produit\/montreux-a-kind-of-magic-jeu-de-piste\/\">Finding-Daniel<\/a>\u00a0\u00e0 Montreux et apprenez des histoires suprenantes sur la ville en suivant ses traces.<\/p>\n<p>&nbsp;<\/p>\n<\/div>\n","protected":false},"excerpt":{"rendered":"<p><strong>Tu ne convoiteras pas la femme de ton prochain<\/strong><\/p>\n<p>Alain Combe est retrouv\u00e9 mort en tenue de jogging non loin de la vieille ville de Montreux. Il semble qu\u2019il ait \u00e9t\u00e9 assassin\u00e9 pendant son jogging alors qu\u2019il se dirigeait vers ou revenait des Gorges du Chauderon. Le ou la coupable lui a donn\u00e9 plusieurs coups de couteau et \u00e9tait apparemment tr\u00e8s en col\u00e8re contre la victime. Alain Combe est un ancien employ\u00e9 du casino de Montreux, et son dernier jour de travail \u00e9tait justement hier. Il a \u00e9t\u00e9 licenci\u00e9 car il flirtait r\u00e9guli\u00e8rement avec des femmes au casino. Il \u00e9tait fianc\u00e9 \u00e0 Simone Pettignat.<\/p>\n<p>Il y a dans sa coque de t\u00e9l\u00e9phone une carte de visite sur laquelle figurent un num\u00e9ro de t\u00e9l\u00e9phone et le slogan \u00ab\u00a0How to become a pick-up artist\u00a0\u00bb, ce qui veut dire \u00ab\u00a0Comment devenir un artiste de la drague\u00a0\u00bb.<\/p>\n<p><strong>Dur\u00e9e:<\/strong> 1 h 45 \u2013 2 h 30<\/p>\n<p><strong>D\u00e9part:<\/strong> Ruelle du Chauderon, 1820 Montreux<\/p>\n<p>&nbsp;<\/p>\n<p><strong>Prix de base : CHF 40.- (pour 1-5 acc\u00e8s au jeu\/personnes)<\/strong><br \/>\nChaque personne suppl\u00e9mentaire CHF 8.-.<\/p>\n<p>Vous \u00eates plus de 5 personnes ? Dans ce cas, veuillez augmenter le nombre.<\/p>\n","protected":false},"featured_media":24755,"comment_status":"open","ping_status":"closed","template":"","meta":{"inline_featured_image":false,"site-sidebar-layout":"default","site-content-layout":"","ast-site-content-layout":"default","site-content-style":"default","site-sidebar-style":"default","ast-global-header-display":"","ast-banner-title-visibility":"","ast-main-header-display":"","ast-hfb-above-header-display":"","ast-hfb-below-header-display":"","ast-hfb-mobile-header-display":"","site-post-title":"","ast-breadcrumbs-content":"","ast-featured-img":"","footer-sml-layout":"","ast-disable-related-posts":"","theme-transparent-header-meta":"default","adv-header-id-meta":"","stick-header-meta":"default","header-above-stick-meta":"","header-main-stick-meta":"","header-below-stick-meta":"","astra-migrate-meta-layouts":"set","ast-page-background-enabled":"default","ast-page-background-meta":{"desktop":{"background-color":"var(--ast-global-color-4)","background-image":"","background-repeat":"repeat","background-position":"center center","background-size":"auto","background-attachment":"scroll","background-type":"","background-media":"","overlay-type":"","overlay-color":"","overlay-opacity":"","overlay-gradient":""},"tablet":{"background-color":"","background-image":"","background-repeat":"repeat","background-position":"center center","background-size":"auto","background-attachment":"scroll","background-type":"","background-media":"","overlay-type":"","overlay-color":"","overlay-opacity":"","overlay-gradient":""},"mobile":{"background-color":"","background-image":"","background-repeat":"repeat","background-position":"center center","background-size":"auto","background-attachment":"scroll","background-type":"","background-media":"","overlay-type":"","overlay-color":"","overlay-opacity":"","overlay-gradient":""}},"ast-content-background-meta":{"desktop":{"background-color":"var(--ast-global-color-5)","background-image":"","background-repeat":"repeat","background-position":"center center","background-size":"auto","background-attachment":"scroll","background-type":"","background-media":"","overlay-type":"","overlay-color":"","overlay-opacity":"","overlay-gradient":""},"tablet":{"background-color":"var(--ast-global-color-5)","background-image":"","background-repeat":"repeat","background-position":"center center","background-size":"auto","background-attachment":"scroll","background-type":"","background-media":"","overlay-type":"","overlay-color":"","overlay-opacity":"","overlay-gradient":""},"mobile":{"background-color":"var(--ast-global-color-5)","background-image":"","background-repeat":"repeat","background-position":"center center","background-size":"auto","background-attachment":"scroll","background-type":"","background-media":"","overlay-type":"","overlay-color":"","overlay-opacity":"","overlay-gradient":""}}},"product_brand":[],"product_cat":[45,397],"product_tag":[341,273,345,276,277,278,325,342,279,280],"class_list":{"0":"post-5797","1":"product","2":"type-product","3":"status-publish","4":"has-post-thumbnail","6":"product_cat-krimi-trails-fr","7":"product_cat-crime-trails-adults","8":"product_tag-activite","9":"product_tag-ausflugstipp-fr","10":"product_tag-excursion","11":"product_tag-gruppenerlebnis-fr","12":"product_tag-krimi-event-fr","13":"product_tag-krimi-trail-fr","14":"product_tag-lac-leman","15":"product_tag-loisir","16":"product_tag-teamausflug-fr","17":"product_tag-teamevent-fr","18":"desktop-align-center","19":"tablet-align-left","20":"mobile-align-left","21":"ast-product-gallery-layout-horizontal-slider","22":"ast-product-tabs-layout-horizontal","24":"first","25":"instock","26":"downloadable","27":"virtual","28":"taxable","29":"purchasable","30":"product-type-simple"},"_links":{"self":[{"href":"https:\/\/krimi-trails.ch\/fr\/wp-json\/wp\/v2\/product\/5797","targetHints":{"allow":["GET"]}}],"collection":[{"href":"https:\/\/krimi-trails.ch\/fr\/wp-json\/wp\/v2\/product"}],"about":[{"href":"https:\/\/krimi-trails.ch\/fr\/wp-json\/wp\/v2\/types\/product"}],"replies":[{"embeddable":true,"href":"https:\/\/krimi-trails.ch\/fr\/wp-json\/wp\/v2\/comments?post=5797"}],"version-history":[{"count":1,"href":"https:\/\/krimi-trails.ch\/fr\/wp-json\/wp\/v2\/product\/5797\/revisions"}],"predecessor-version":[{"id":64269,"href":"https:\/\/krimi-trails.ch\/fr\/wp-json\/wp\/v2\/product\/5797\/revisions\/64269"}],"wp:featuredmedia":[{"embeddable":true,"href":"https:\/\/krimi-trails.ch\/fr\/wp-json\/wp\/v2\/media\/24755"}],"wp:attachment":[{"href":"https:\/\/krimi-trails.ch\/fr\/wp-json\/wp\/v2\/media?parent=5797"}],"wp:term":[{"taxonomy":"product_brand","embeddable":true,"href":"https:\/\/krimi-trails.ch\/fr\/wp-json\/wp\/v2\/product_brand?post=5797"},{"taxonomy":"product_cat","embeddable":true,"href":"https:\/\/krimi-trails.ch\/fr\/wp-json\/wp\/v2\/product_cat?post=5797"},{"taxonomy":"product_tag","embeddable":true,"href":"https:\/\/krimi-trails.ch\/fr\/wp-json\/wp\/v2\/product_tag?post=5797"}],"curies":[{"name":"wp","href":"https:\/\/api.w.org\/{rel}","templated":true}]}}