{"id":5795,"date":"2021-09-07T14:48:09","date_gmt":"2021-09-07T12:48:09","guid":{"rendered":"https:\/\/newsystem-krimi-trails.ch\/produkt\/crime-trail-lausanne-mort-dun-ambulancier-a-lausanne\/"},"modified":"2025-12-16T16:13:43","modified_gmt":"2025-12-16T15:13:43","slug":"crime-trail-lausanne-mort-dun-ambulancier-a-lausanne","status":"publish","type":"product","link":"https:\/\/krimi-trails.ch\/fr\/produit\/crime-trail-lausanne-mort-dun-ambulancier-a-lausanne\/","title":{"rendered":"Crime-Trail Lausanne: Mort d&#8217;un ambulancier \u00e0 Lausanne"},"content":{"rendered":"<div>R\u00e9sous le crime sur le Crime-Trail \u00e0 Lausanne. Excursion, activit\u00e9, attraction et id\u00e9e de loisirs \u00e0 Lausanne. Spontan\u00e9ment et sans pr\u00e9avis.<\/div>\n<div><\/div>\n<div><strong>Le Crime-Trail peut \u00eatre commenc\u00e9 \u00e0 tout moment.<\/strong><\/div>\n<div><\/div>\n<div>D\u00e9couvre d&#8217;autres offres de MyCityHighlight pr\u00e8s de chez toi : <a href=\"https:\/\/www.mycityhighlight.ch\">www.mycityhighlight.ch<\/a><\/div>\n<div><\/div>\n<div>\n<p>******<\/p>\n<p><strong>D\u2019autres offres de MyCityHighlight<\/strong><\/p>\n<p>D\u00e9couvre de nombreux faits int\u00e9ressants et passionnants sur le\u00a0<a href=\"https:\/\/www.detektiv-trails.com\/fr\/produit\/detective-trail-lausanne-les-tresors-caches\/\">D\u00e9tective-Trail \u00e0 Lausanne<\/a>\u00a0\u2013 l\u2019aventure des \u00e9nigmes pour tout-le-monde.<\/p>\n<p>Partez \u00e0 la chasse du myst\u00e9rieux guide sur le sentier interactif\u00a0<a href=\"https:\/\/www.finding-daniel.ch\/fr\/produit\/jeu-de-piste-aux-attractions-de-lausanne\/\">Finding-Daniel<\/a> \u00e0 Lausanne et apprenez des histoires suprenantes sur la ville en suivant ses traces.<\/p>\n<p>&nbsp;<\/p>\n<\/div>\n","protected":false},"excerpt":{"rendered":"<p><strong>Mort d&#8217;un ambulancier \u00e0 Lausanne<\/strong><\/p>\n<p>Fran\u00e7ois Combe, ambulancier, est retrouv\u00e9 mort sur l&#8217;Esplanade de Montbenon \u00e0 Lausanne. Il a \u00e9t\u00e9 neutralis\u00e9 \u00e0 l&#8217;aide d&#8217;un pistolet \u00e0 impulsion \u00e9lectrique, puis \u00e9touff\u00e9 avec un sac plac\u00e9 sur sa t\u00eate ; le pistolet \u00e0 impulsion \u00e9lectrique est toujours sur place.<\/p>\n<p>Sa coll\u00e8gue, l&#8217;ambulanci\u00e8re Sara Glassey, qui \u00e9tait de service avec lui et se trouvait \u00e9galement sur les lieux du crime, raconte qu&#8217;ils ont \u00e9t\u00e9 appel\u00e9s pour une intervention \u00e0 23 heures. Il y avait une femme sans-abri sur l&#8217;Esplanade de Montbenon qui saignait abondamment et avait besoin d&#8217;aide. Ils sont arriv\u00e9s sur les lieux vers 23 h 05. L\u00e0, Sara Glassey s&#8217;est occup\u00e9e de la femme sans-abri. Son coll\u00e8gue, Fran\u00e7ois Combe, est retourn\u00e9 \u00e0 l&#8217;ambulance pour pr\u00e9venir l&#8217;h\u00f4pital de leur arriv\u00e9e et pour aller chercher le brancard. Cependant, Fran\u00e7ois Combe n&#8217;\u00e9tant pas revenu apr\u00e8s une dizaine de 10 minutes, l\u2019ambulanci\u00e8re est retourn\u00e9e \u00e0 l&#8217;ambulance. C\u2019est l\u00e0 qu\u2019elle a constat\u00e9 que Fran\u00e7ois Combe avait \u00e9t\u00e9 assassin\u00e9.<\/p>\n<p>L&#8217;ambulanci\u00e8re ajoute que la sans-abri a d\u00e9clar\u00e9 avoir apparemment \u00e9t\u00e9 frapp\u00e9 par derri\u00e8re, raison pour laquelle elle saignait de la t\u00eate.<\/p>\n<p><strong>Dur\u00e9e:<\/strong> 2 h &#8211; 3 h<\/p>\n<p><strong>D\u00e9part:<\/strong> Esplanade de Montbenon, 1003 Lausanne.<\/p>\n<p>&nbsp;<\/p>\n<p><strong>Prix de base : CHF 40.- (pour 1-5 acc\u00e8s au jeu\/personnes)<\/strong><br \/>\nChaque personne suppl\u00e9mentaire CHF 8.-.<\/p>\n<p>Vous \u00eates plus de 5 personnes ? Dans ce cas, veuillez augmenter le nombre.<\/p>\n","protected":false},"featured_media":22412,"comment_status":"open","ping_status":"closed","template":"","meta":{"inline_featured_image":false,"site-sidebar-layout":"default","site-content-layout":"","ast-site-content-layout":"default","site-content-style":"default","site-sidebar-style":"default","ast-global-header-display":"","ast-banner-title-visibility":"","ast-main-header-display":"","ast-hfb-above-header-display":"","ast-hfb-below-header-display":"","ast-hfb-mobile-header-display":"","site-post-title":"","ast-breadcrumbs-content":"","ast-featured-img":"","footer-sml-layout":"","ast-disable-related-posts":"","theme-transparent-header-meta":"default","adv-header-id-meta":"","stick-header-meta":"default","header-above-stick-meta":"","header-main-stick-meta":"","header-below-stick-meta":"","astra-migrate-meta-layouts":"set","ast-page-background-enabled":"default","ast-page-background-meta":{"desktop":{"background-color":"var(--ast-global-color-4)","background-image":"","background-repeat":"repeat","background-position":"center center","background-size":"auto","background-attachment":"scroll","background-type":"","background-media":"","overlay-type":"","overlay-color":"","overlay-opacity":"","overlay-gradient":""},"tablet":{"background-color":"","background-image":"","background-repeat":"repeat","background-position":"center center","background-size":"auto","background-attachment":"scroll","background-type":"","background-media":"","overlay-type":"","overlay-color":"","overlay-opacity":"","overlay-gradient":""},"mobile":{"background-color":"","background-image":"","background-repeat":"repeat","background-position":"center center","background-size":"auto","background-attachment":"scroll","background-type":"","background-media":"","overlay-type":"","overlay-color":"","overlay-opacity":"","overlay-gradient":""}},"ast-content-background-meta":{"desktop":{"background-color":"var(--ast-global-color-5)","background-image":"","background-repeat":"repeat","background-position":"center center","background-size":"auto","background-attachment":"scroll","background-type":"","background-media":"","overlay-type":"","overlay-color":"","overlay-opacity":"","overlay-gradient":""},"tablet":{"background-color":"var(--ast-global-color-5)","background-image":"","background-repeat":"repeat","background-position":"center center","background-size":"auto","background-attachment":"scroll","background-type":"","background-media":"","overlay-type":"","overlay-color":"","overlay-opacity":"","overlay-gradient":""},"mobile":{"background-color":"var(--ast-global-color-5)","background-image":"","background-repeat":"repeat","background-position":"center center","background-size":"auto","background-attachment":"scroll","background-type":"","background-media":"","overlay-type":"","overlay-color":"","overlay-opacity":"","overlay-gradient":""}}},"product_brand":[],"product_cat":[45,397],"product_tag":[273,276,277,278,325,324,279,280],"class_list":{"0":"post-5795","1":"product","2":"type-product","3":"status-publish","4":"has-post-thumbnail","6":"product_cat-krimi-trails-fr","7":"product_cat-crime-trails-adults","8":"product_tag-ausflugstipp-fr","9":"product_tag-gruppenerlebnis-fr","10":"product_tag-krimi-event-fr","11":"product_tag-krimi-trail-fr","12":"product_tag-lac-leman","13":"product_tag-lausanne-fr","14":"product_tag-teamausflug-fr","15":"product_tag-teamevent-fr","16":"desktop-align-center","17":"tablet-align-left","18":"mobile-align-left","19":"ast-product-gallery-layout-horizontal-slider","20":"ast-product-tabs-layout-horizontal","22":"first","23":"instock","24":"downloadable","25":"virtual","26":"taxable","27":"purchasable","28":"product-type-simple"},"_links":{"self":[{"href":"https:\/\/krimi-trails.ch\/fr\/wp-json\/wp\/v2\/product\/5795","targetHints":{"allow":["GET"]}}],"collection":[{"href":"https:\/\/krimi-trails.ch\/fr\/wp-json\/wp\/v2\/product"}],"about":[{"href":"https:\/\/krimi-trails.ch\/fr\/wp-json\/wp\/v2\/types\/product"}],"replies":[{"embeddable":true,"href":"https:\/\/krimi-trails.ch\/fr\/wp-json\/wp\/v2\/comments?post=5795"}],"version-history":[{"count":0,"href":"https:\/\/krimi-trails.ch\/fr\/wp-json\/wp\/v2\/product\/5795\/revisions"}],"wp:featuredmedia":[{"embeddable":true,"href":"https:\/\/krimi-trails.ch\/fr\/wp-json\/wp\/v2\/media\/22412"}],"wp:attachment":[{"href":"https:\/\/krimi-trails.ch\/fr\/wp-json\/wp\/v2\/media?parent=5795"}],"wp:term":[{"taxonomy":"product_brand","embeddable":true,"href":"https:\/\/krimi-trails.ch\/fr\/wp-json\/wp\/v2\/product_brand?post=5795"},{"taxonomy":"product_cat","embeddable":true,"href":"https:\/\/krimi-trails.ch\/fr\/wp-json\/wp\/v2\/product_cat?post=5795"},{"taxonomy":"product_tag","embeddable":true,"href":"https:\/\/krimi-trails.ch\/fr\/wp-json\/wp\/v2\/product_tag?post=5795"}],"curies":[{"name":"wp","href":"https:\/\/api.w.org\/{rel}","templated":true}]}}