{"id":5794,"date":"2021-05-21T13:29:16","date_gmt":"2021-05-21T11:29:16","guid":{"rendered":"https:\/\/newsystem-krimi-trails.ch\/produkt\/crime-trail-yverdon-les-bains-mort-dans-un-bain-de-boue-a-yverdon-les-bains\/"},"modified":"2025-12-16T10:57:57","modified_gmt":"2025-12-16T09:57:57","slug":"crime-trail-yverdon-les-bains-mort-dans-un-bain-de-boue-a-yverdon-les-bains","status":"publish","type":"product","link":"https:\/\/krimi-trails.ch\/fr\/produit\/crime-trail-yverdon-les-bains-mort-dans-un-bain-de-boue-a-yverdon-les-bains\/","title":{"rendered":"Crime-Trail Yverdon-les-Bains: Mort dans un bain de boue \u00e0 Yverdon-les-Bains"},"content":{"rendered":"<div>R\u00e9sous le crime sur le Crime-Trail \u00e0 Yverdon. Excursion, activit\u00e9, attraction et id\u00e9e de loisirs \u00e0 Yverdon. Spontan\u00e9ment et sans pr\u00e9avis.<\/div>\n<div><\/div>\n<div><strong>Le Crime-Trail peut \u00eatre commenc\u00e9 \u00e0 tout moment.<\/strong><\/div>\n<div><\/div>\n<div>D\u00e9couvre d&#8217;autres offres de MyCityHighlight pr\u00e8s de chez toi : <a href=\"https:\/\/www.mycityhighlight.ch\">www.mycityhighlight.ch<\/a><\/div>\n","protected":false},"excerpt":{"rendered":"<p><strong>Mort dans un bain de boue \u00e0 Yverdon-les-Bains<\/strong><\/p>\n<p>Femme d\u2019affaires prosp\u00e8re et s\u00e9duisante \u00e0 la t\u00eate de plusieurs h\u00f4tels et centres de bien-\u00eatre \u00e0 Yverdon, Marie Rochat est retrouv\u00e9e morte dans l\u2019espace spa de l\u2019un de ses h\u00f4tels.<\/p>\n<p>Nue et couverte de boue, elle est allong\u00e9e dans la pi\u00e8ce o\u00f9 se trouve la baignoire contenant le bain de boue. Ses ongles sont cass\u00e9s et la porte est macul\u00e9e de boue, ce qui montre qu\u2019elle a essay\u00e9 de sortir de la pi\u00e8ce. \u00c9trangement, la cl\u00e9 est introduite dans la serrure mais, contrairement au reste de la porte, celle-ci est parfaitement propre. La cl\u00e9 aurait-elle \u00e9t\u00e9 plac\u00e9e apr\u00e8s le d\u00e9c\u00e8s?<\/p>\n<p><strong>Dur\u00e9e:<\/strong> 2 h &#8211; 3 h<\/p>\n<p><strong>D\u00e9part:\u00a0<\/strong>Parc d\u2019Entremont, 1400 Yverdon-les-Bains (si tu voyages en voiture, nous te ecommandons de te garer \u00e0 la gare d&#8217;Yverdon et de prendre le bus ou de marcher (environ 20&#8242;) de l\u00e0 jusqu&#8217;au lieu du crime).<\/p>\n<p><strong>Points de vente :<\/strong> En plus de l\u2019achat via le site web Crime-Trail, tu peux \u00e9galement acheter le fichier dans notre point de vente externe \u00e0 Yverdon-les-Bains : <a href=\"https:\/\/www.yverdonlesbainsregion.ch\/de\/P797\/tourismusbuero-yverdon-les-bains\">https:\/\/www.yverdonlesbainsregion.ch\/de\/P797\/tourismusbuero-yverdon-les-bains<\/a><\/p>\n<p>&nbsp;<\/p>\n<p><strong>Prix de base : CHF 40.- (pour 1-5 acc\u00e8s au jeu\/personnes)<\/strong><br \/>\nChaque personne suppl\u00e9mentaire CHF 8.-.<\/p>\n<p>Vous \u00eates plus de 5 personnes ? Dans ce cas, veuillez augmenter le nombre<\/p>\n","protected":false},"featured_media":25435,"comment_status":"open","ping_status":"closed","template":"","meta":{"inline_featured_image":false,"site-sidebar-layout":"default","site-content-layout":"","ast-site-content-layout":"default","site-content-style":"default","site-sidebar-style":"default","ast-global-header-display":"","ast-banner-title-visibility":"","ast-main-header-display":"","ast-hfb-above-header-display":"","ast-hfb-below-header-display":"","ast-hfb-mobile-header-display":"","site-post-title":"","ast-breadcrumbs-content":"","ast-featured-img":"","footer-sml-layout":"","ast-disable-related-posts":"","theme-transparent-header-meta":"default","adv-header-id-meta":"","stick-header-meta":"default","header-above-stick-meta":"","header-main-stick-meta":"","header-below-stick-meta":"","astra-migrate-meta-layouts":"set","ast-page-background-enabled":"default","ast-page-background-meta":{"desktop":{"background-color":"var(--ast-global-color-4)","background-image":"","background-repeat":"repeat","background-position":"center center","background-size":"auto","background-attachment":"scroll","background-type":"","background-media":"","overlay-type":"","overlay-color":"","overlay-opacity":"","overlay-gradient":""},"tablet":{"background-color":"","background-image":"","background-repeat":"repeat","background-position":"center center","background-size":"auto","background-attachment":"scroll","background-type":"","background-media":"","overlay-type":"","overlay-color":"","overlay-opacity":"","overlay-gradient":""},"mobile":{"background-color":"","background-image":"","background-repeat":"repeat","background-position":"center center","background-size":"auto","background-attachment":"scroll","background-type":"","background-media":"","overlay-type":"","overlay-color":"","overlay-opacity":"","overlay-gradient":""}},"ast-content-background-meta":{"desktop":{"background-color":"var(--ast-global-color-5)","background-image":"","background-repeat":"repeat","background-position":"center center","background-size":"auto","background-attachment":"scroll","background-type":"","background-media":"","overlay-type":"","overlay-color":"","overlay-opacity":"","overlay-gradient":""},"tablet":{"background-color":"var(--ast-global-color-5)","background-image":"","background-repeat":"repeat","background-position":"center center","background-size":"auto","background-attachment":"scroll","background-type":"","background-media":"","overlay-type":"","overlay-color":"","overlay-opacity":"","overlay-gradient":""},"mobile":{"background-color":"var(--ast-global-color-5)","background-image":"","background-repeat":"repeat","background-position":"center center","background-size":"auto","background-attachment":"scroll","background-type":"","background-media":"","overlay-type":"","overlay-color":"","overlay-opacity":"","overlay-gradient":""}}},"product_brand":[],"product_cat":[45,397],"product_tag":[341,273,345,276,277,278,309,342,279,280,322,323],"class_list":{"0":"post-5794","1":"product","2":"type-product","3":"status-publish","4":"has-post-thumbnail","6":"product_cat-krimi-trails-fr","7":"product_cat-crime-trails-adults","8":"product_tag-activite","9":"product_tag-ausflugstipp-fr","10":"product_tag-excursion","11":"product_tag-gruppenerlebnis-fr","12":"product_tag-krimi-event-fr","13":"product_tag-krimi-trail-fr","14":"product_tag-lac-de-neuchatel","15":"product_tag-loisir","16":"product_tag-teamausflug-fr","17":"product_tag-teamevent-fr","18":"product_tag-yverdon-fr","19":"product_tag-yverdon-les-bains-fr","20":"desktop-align-center","21":"tablet-align-left","22":"mobile-align-left","23":"ast-product-gallery-layout-horizontal-slider","24":"ast-product-tabs-layout-horizontal","26":"first","27":"instock","28":"downloadable","29":"virtual","30":"taxable","31":"purchasable","32":"product-type-simple"},"_links":{"self":[{"href":"https:\/\/krimi-trails.ch\/fr\/wp-json\/wp\/v2\/product\/5794","targetHints":{"allow":["GET"]}}],"collection":[{"href":"https:\/\/krimi-trails.ch\/fr\/wp-json\/wp\/v2\/product"}],"about":[{"href":"https:\/\/krimi-trails.ch\/fr\/wp-json\/wp\/v2\/types\/product"}],"replies":[{"embeddable":true,"href":"https:\/\/krimi-trails.ch\/fr\/wp-json\/wp\/v2\/comments?post=5794"}],"version-history":[{"count":0,"href":"https:\/\/krimi-trails.ch\/fr\/wp-json\/wp\/v2\/product\/5794\/revisions"}],"wp:featuredmedia":[{"embeddable":true,"href":"https:\/\/krimi-trails.ch\/fr\/wp-json\/wp\/v2\/media\/25435"}],"wp:attachment":[{"href":"https:\/\/krimi-trails.ch\/fr\/wp-json\/wp\/v2\/media?parent=5794"}],"wp:term":[{"taxonomy":"product_brand","embeddable":true,"href":"https:\/\/krimi-trails.ch\/fr\/wp-json\/wp\/v2\/product_brand?post=5794"},{"taxonomy":"product_cat","embeddable":true,"href":"https:\/\/krimi-trails.ch\/fr\/wp-json\/wp\/v2\/product_cat?post=5794"},{"taxonomy":"product_tag","embeddable":true,"href":"https:\/\/krimi-trails.ch\/fr\/wp-json\/wp\/v2\/product_tag?post=5794"}],"curies":[{"name":"wp","href":"https:\/\/api.w.org\/{rel}","templated":true}]}}