{"id":5793,"date":"2019-11-27T08:49:17","date_gmt":"2019-11-27T07:49:17","guid":{"rendered":"https:\/\/newsystem-krimi-trails.ch\/produkt\/enigmes-de-detective-blaireau\/"},"modified":"2024-05-06T14:26:27","modified_gmt":"2024-05-06T12:26:27","slug":"enigmes-de-detective-blaireau","status":"publish","type":"product","link":"https:\/\/krimi-trails.ch\/fr\/produit\/enigmes-de-detective-blaireau\/","title":{"rendered":"\u00c9nigmes de D\u00e9tective Blaireau"},"content":{"rendered":"<p>Livret de casse-t\u00eate de 16 pages<br \/>\nFormat : A5 (L 148 mm x L 210 mm)<br \/>\nAuteurs : SB Switzerland AG \/ K\u00fcng Verlags AG<br \/>\nIllustration : Rahel Messerli \/ K\u00fcng Verlags AG<\/p>\n<p>Ce livret d&#8217;\u00e9nigmes pour enfants (et adultes) est une collection d&#8217;\u00e9nigmes divertissantes pour la maison ou la route et convient \u00e9galement comme petit cadeau. Le livret d&#8217;\u00e9nigmes comprend les \u00e9nigmes suivantes : Jeu de logique, Bimaru, Binoxxo, Sudoku, Mots m\u00eales, Mots cas\u00e9s, Petites enigmes, Point \u00e0 point, Paroli, Anagramme.<\/p>\n<p>\u00c2ge : 7+<\/p>\n","protected":false},"excerpt":{"rendered":"<p>Livret d&#8217;enigmes de 16 pages<br \/>\nFormat : A5 (L 148 mm x L 210 mm)<br \/>\nAuteurs : SB Switzerland AG \/ K\u00fcng Verlags AG<br \/>\nIllustration : Rahel Messerli \/ K\u00fcng Verlags AG<\/p>\n<p>Ce livret d&#8217;\u00e9nigmes pour enfants (et adultes) est une collection d&#8217;\u00e9nigmes divertissantes pour la maison ou la route et convient \u00e9galement comme petit cadeau. Le livret d&#8217;\u00e9nigmes comprend les \u00e9nigmes suivantes : Jeu de logique, Bimaru, Binoxxo, Sudoku, Mots m\u00eales, Mots cas\u00e9s, Petites enigmes, Point \u00e0 point, Paroli, Anagramme.<\/p>\n<p>\u00c2ge : 7+<\/p>\n","protected":false},"featured_media":314,"comment_status":"open","ping_status":"open","template":"","meta":{"inline_featured_image":false,"site-sidebar-layout":"default","site-content-layout":"","ast-site-content-layout":"default","site-content-style":"default","site-sidebar-style":"default","ast-global-header-display":"","ast-banner-title-visibility":"","ast-main-header-display":"","ast-hfb-above-header-display":"","ast-hfb-below-header-display":"","ast-hfb-mobile-header-display":"","site-post-title":"","ast-breadcrumbs-content":"","ast-featured-img":"","footer-sml-layout":"","ast-disable-related-posts":"","theme-transparent-header-meta":"","adv-header-id-meta":"","stick-header-meta":"","header-above-stick-meta":"","header-main-stick-meta":"","header-below-stick-meta":"","astra-migrate-meta-layouts":"default","ast-page-background-enabled":"default","ast-page-background-meta":{"desktop":{"background-color":"var(--ast-global-color-4)","background-image":"","background-repeat":"repeat","background-position":"center center","background-size":"auto","background-attachment":"scroll","background-type":"","background-media":"","overlay-type":"","overlay-color":"","overlay-opacity":"","overlay-gradient":""},"tablet":{"background-color":"","background-image":"","background-repeat":"repeat","background-position":"center center","background-size":"auto","background-attachment":"scroll","background-type":"","background-media":"","overlay-type":"","overlay-color":"","overlay-opacity":"","overlay-gradient":""},"mobile":{"background-color":"","background-image":"","background-repeat":"repeat","background-position":"center center","background-size":"auto","background-attachment":"scroll","background-type":"","background-media":"","overlay-type":"","overlay-color":"","overlay-opacity":"","overlay-gradient":""}},"ast-content-background-meta":{"desktop":{"background-color":"var(--ast-global-color-5)","background-image":"","background-repeat":"repeat","background-position":"center center","background-size":"auto","background-attachment":"scroll","background-type":"","background-media":"","overlay-type":"","overlay-color":"","overlay-opacity":"","overlay-gradient":""},"tablet":{"background-color":"var(--ast-global-color-5)","background-image":"","background-repeat":"repeat","background-position":"center center","background-size":"auto","background-attachment":"scroll","background-type":"","background-media":"","overlay-type":"","overlay-color":"","overlay-opacity":"","overlay-gradient":""},"mobile":{"background-color":"var(--ast-global-color-5)","background-image":"","background-repeat":"repeat","background-position":"center center","background-size":"auto","background-attachment":"scroll","background-type":"","background-media":"","overlay-type":"","overlay-color":"","overlay-opacity":"","overlay-gradient":""}}},"product_brand":[],"product_cat":[42],"product_tag":[289,320],"class_list":{"0":"post-5793","1":"product","2":"type-product","3":"status-publish","4":"has-post-thumbnail","6":"product_cat-fanartikel-fr","7":"product_tag-detective-blaireau","8":"product_tag-livret-denigmes","9":"desktop-align-center","10":"tablet-align-left","11":"mobile-align-left","12":"ast-product-gallery-layout-horizontal-slider","13":"ast-product-tabs-layout-horizontal","15":"first","16":"instock","17":"taxable","18":"shipping-taxable","19":"purchasable","20":"product-type-simple"},"_links":{"self":[{"href":"https:\/\/krimi-trails.ch\/fr\/wp-json\/wp\/v2\/product\/5793","targetHints":{"allow":["GET"]}}],"collection":[{"href":"https:\/\/krimi-trails.ch\/fr\/wp-json\/wp\/v2\/product"}],"about":[{"href":"https:\/\/krimi-trails.ch\/fr\/wp-json\/wp\/v2\/types\/product"}],"replies":[{"embeddable":true,"href":"https:\/\/krimi-trails.ch\/fr\/wp-json\/wp\/v2\/comments?post=5793"}],"version-history":[{"count":0,"href":"https:\/\/krimi-trails.ch\/fr\/wp-json\/wp\/v2\/product\/5793\/revisions"}],"wp:featuredmedia":[{"embeddable":true,"href":"https:\/\/krimi-trails.ch\/fr\/wp-json\/wp\/v2\/media\/314"}],"wp:attachment":[{"href":"https:\/\/krimi-trails.ch\/fr\/wp-json\/wp\/v2\/media?parent=5793"}],"wp:term":[{"taxonomy":"product_brand","embeddable":true,"href":"https:\/\/krimi-trails.ch\/fr\/wp-json\/wp\/v2\/product_brand?post=5793"},{"taxonomy":"product_cat","embeddable":true,"href":"https:\/\/krimi-trails.ch\/fr\/wp-json\/wp\/v2\/product_cat?post=5793"},{"taxonomy":"product_tag","embeddable":true,"href":"https:\/\/krimi-trails.ch\/fr\/wp-json\/wp\/v2\/product_tag?post=5793"}],"curies":[{"name":"wp","href":"https:\/\/api.w.org\/{rel}","templated":true}]}}