{"id":5791,"date":"2021-03-15T19:11:04","date_gmt":"2021-03-15T18:11:04","guid":{"rendered":"https:\/\/newsystem-krimi-trails.ch\/produkt\/crime-trail-morschach-un-joyau-de-la-couronne-britannique-vole-a-morschach\/"},"modified":"2025-12-17T09:26:59","modified_gmt":"2025-12-17T08:26:59","slug":"crime-trail-morschach-un-joyau-de-la-couronne-britannique-vole-a-morschach","status":"publish","type":"product","link":"https:\/\/krimi-trails.ch\/fr\/produit\/crime-trail-morschach-un-joyau-de-la-couronne-britannique-vole-a-morschach\/","title":{"rendered":"Crime-Trail Morschach: Un joyau de la couronne britannique vol\u00e9 \u00e0 Morschach"},"content":{"rendered":"<div>R\u00e9sous le crime sur le Crime-Trail \u00e0 Morschach. Excursion, activit\u00e9, attraction et id\u00e9e de loisirs \u00e0 Morschach. Spontan\u00e9ment et sans pr\u00e9avis.<\/div>\n<div><\/div>\n<div><strong>Le Crime-Trail peut \u00eatre commenc\u00e9 \u00e0 tout moment.<\/strong><\/div>\n<div><\/div>\n<div>D\u00e9couvre d&#8217;autres offres de MyCityHighlight pr\u00e8s de chez toi : <a href=\"https:\/\/www.mycityhighlight.ch\">www.mycityhighlight.ch<\/a><\/div>\n","protected":false},"excerpt":{"rendered":"<p><strong>Un joyau de la couronne britannique vol\u00e9 \u00e0 Morschach<\/strong><\/p>\n<p><strong>Ce Crime-Trail correspond au Crime-Trail Morschach Kids en termes de contenu, mais il est pr\u00e9par\u00e9e visuellement de mani\u00e8re diff\u00e9rente. L\u2019affaire convient tr\u00e8s bien aux adultes.<\/strong><\/p>\n<p>Sophie, une arri\u00e8re-arri\u00e8re-petite-fille de la reine Victoria du Royaume-Uni de Grande-Bretagne (* 24 mai 1819 ; \u2020 22 janvier 1901) a \u00e9t\u00e9 vol\u00e9e. Lorsqu&#8217;elle est all\u00e9e acheter un magazine au kiosque du Swiss Holiday Park le jour de son d\u00e9part et a pos\u00e9 son sac \u00e0 main un instant, quelqu&#8217;un l&#8217;a vol\u00e9. \u00c0 l&#8217;int\u00e9rieur se trouvait un bijou pr\u00e9cieux, un h\u00e9ritage de son arri\u00e8re-arri\u00e8re-grand-m\u00e8re Victoria, dont certains pr\u00e9tendent qu&#8217;il a un effet unique sur la sant\u00e9. Tous ceux qui ont poss\u00e9d\u00e9 le bijou jusqu\u2019\u00e0 ce jour ont v\u00e9cu jusqu&#8217;\u00e0 un \u00e2ge avanc\u00e9.<\/p>\n<p>Le ou les auteurs portaient un sweat \u00e0 capuche et des lunettes de soleil et ne sont pas identifiables, m\u00eame avec l&#8217;aide des cam\u00e9ras de surveillance. Il ou elle a couru dehors avec le sac \u00e0 main, o\u00f9 les traces se perdent.<\/p>\n<p>La seule chose que l&#8217;on ait pu trouver est une empreinte de pas sur le sol fra\u00eechement nettoy\u00e9, donc encore l\u00e9g\u00e8rement humide, devant le kiosque. Sophie passe r\u00e9guli\u00e8rement ses vacances ici \u00e0 Morschach. Elle dit que c&#8217;est une sorte de tradition familiale, depuis que son arri\u00e8re-arri\u00e8re-grand-m\u00e8re, la reine Victoria, passait ses vacances ici \u00e0 Morschach, m\u00eame si aujourd&#8217;hui, peu de choses rappellent l&#8217;histoire mouvement\u00e9e de l&#8217;ancien bastion touristique de Morschach.<\/p>\n<p><strong>Dur\u00e9e:<\/strong> 2 h \u2013 2 h 45<\/p>\n<p><strong>D\u00e9part:<\/strong> Swiss Holiday Park, Dorfstrasse 10, 6443 Morschach<\/p>\n<p>&nbsp;<\/p>\n<p><strong>Prix de base : CHF 40.- (pour 1-5 acc\u00e8s au jeu\/personnes)<\/strong><br \/>\nChaque personne suppl\u00e9mentaire CHF 8.-.<\/p>\n<p>Vous \u00eates plus de 5 personnes ? Dans ce cas, veuillez augmenter le nombre.<\/p>\n","protected":false},"featured_media":17817,"comment_status":"open","ping_status":"closed","template":"","meta":{"inline_featured_image":false,"site-sidebar-layout":"default","site-content-layout":"","ast-site-content-layout":"default","site-content-style":"default","site-sidebar-style":"default","ast-global-header-display":"","ast-banner-title-visibility":"","ast-main-header-display":"","ast-hfb-above-header-display":"","ast-hfb-below-header-display":"","ast-hfb-mobile-header-display":"","site-post-title":"","ast-breadcrumbs-content":"","ast-featured-img":"","footer-sml-layout":"","ast-disable-related-posts":"","theme-transparent-header-meta":"default","adv-header-id-meta":"","stick-header-meta":"default","header-above-stick-meta":"","header-main-stick-meta":"","header-below-stick-meta":"","astra-migrate-meta-layouts":"set","ast-page-background-enabled":"default","ast-page-background-meta":{"desktop":{"background-color":"var(--ast-global-color-4)","background-image":"","background-repeat":"repeat","background-position":"center center","background-size":"auto","background-attachment":"scroll","background-type":"","background-media":"","overlay-type":"","overlay-color":"","overlay-opacity":"","overlay-gradient":""},"tablet":{"background-color":"","background-image":"","background-repeat":"repeat","background-position":"center center","background-size":"auto","background-attachment":"scroll","background-type":"","background-media":"","overlay-type":"","overlay-color":"","overlay-opacity":"","overlay-gradient":""},"mobile":{"background-color":"","background-image":"","background-repeat":"repeat","background-position":"center center","background-size":"auto","background-attachment":"scroll","background-type":"","background-media":"","overlay-type":"","overlay-color":"","overlay-opacity":"","overlay-gradient":""}},"ast-content-background-meta":{"desktop":{"background-color":"var(--ast-global-color-5)","background-image":"","background-repeat":"repeat","background-position":"center center","background-size":"auto","background-attachment":"scroll","background-type":"","background-media":"","overlay-type":"","overlay-color":"","overlay-opacity":"","overlay-gradient":""},"tablet":{"background-color":"var(--ast-global-color-5)","background-image":"","background-repeat":"repeat","background-position":"center center","background-size":"auto","background-attachment":"scroll","background-type":"","background-media":"","overlay-type":"","overlay-color":"","overlay-opacity":"","overlay-gradient":""},"mobile":{"background-color":"var(--ast-global-color-5)","background-image":"","background-repeat":"repeat","background-position":"center center","background-size":"auto","background-attachment":"scroll","background-type":"","background-media":"","overlay-type":"","overlay-color":"","overlay-opacity":"","overlay-gradient":""}}},"product_brand":[],"product_cat":[45,397],"product_tag":[341,273,316,345,276,277,278,342,314,315,279,280],"class_list":{"0":"post-5791","1":"product","2":"type-product","3":"status-publish","4":"has-post-thumbnail","6":"product_cat-krimi-trails-fr","7":"product_cat-crime-trails-adults","8":"product_tag-activite","9":"product_tag-ausflugstipp-fr","10":"product_tag-brunnen-fr","11":"product_tag-excursion","12":"product_tag-gruppenerlebnis-fr","13":"product_tag-krimi-event-fr","14":"product_tag-krimi-trail-fr","15":"product_tag-loisir","16":"product_tag-morschach-fr","17":"product_tag-swiss-holiday-park-fr","18":"product_tag-teamausflug-fr","19":"product_tag-teamevent-fr","20":"desktop-align-center","21":"tablet-align-left","22":"mobile-align-left","23":"ast-product-gallery-layout-horizontal-slider","24":"ast-product-tabs-layout-horizontal","26":"first","27":"instock","28":"downloadable","29":"virtual","30":"taxable","31":"purchasable","32":"product-type-simple"},"_links":{"self":[{"href":"https:\/\/krimi-trails.ch\/fr\/wp-json\/wp\/v2\/product\/5791","targetHints":{"allow":["GET"]}}],"collection":[{"href":"https:\/\/krimi-trails.ch\/fr\/wp-json\/wp\/v2\/product"}],"about":[{"href":"https:\/\/krimi-trails.ch\/fr\/wp-json\/wp\/v2\/types\/product"}],"replies":[{"embeddable":true,"href":"https:\/\/krimi-trails.ch\/fr\/wp-json\/wp\/v2\/comments?post=5791"}],"version-history":[{"count":0,"href":"https:\/\/krimi-trails.ch\/fr\/wp-json\/wp\/v2\/product\/5791\/revisions"}],"wp:featuredmedia":[{"embeddable":true,"href":"https:\/\/krimi-trails.ch\/fr\/wp-json\/wp\/v2\/media\/17817"}],"wp:attachment":[{"href":"https:\/\/krimi-trails.ch\/fr\/wp-json\/wp\/v2\/media?parent=5791"}],"wp:term":[{"taxonomy":"product_brand","embeddable":true,"href":"https:\/\/krimi-trails.ch\/fr\/wp-json\/wp\/v2\/product_brand?post=5791"},{"taxonomy":"product_cat","embeddable":true,"href":"https:\/\/krimi-trails.ch\/fr\/wp-json\/wp\/v2\/product_cat?post=5791"},{"taxonomy":"product_tag","embeddable":true,"href":"https:\/\/krimi-trails.ch\/fr\/wp-json\/wp\/v2\/product_tag?post=5791"}],"curies":[{"name":"wp","href":"https:\/\/api.w.org\/{rel}","templated":true}]}}