{"id":5789,"date":"2021-04-13T12:04:38","date_gmt":"2021-04-13T10:04:38","guid":{"rendered":"https:\/\/newsystem-krimi-trails.ch\/produkt\/crime-trail-avenches-meurtre-dun-fantome-a-avenches\/"},"modified":"2025-12-16T11:12:31","modified_gmt":"2025-12-16T10:12:31","slug":"crime-trail-avenches-meurtre-dun-fantome-a-avenches","status":"publish","type":"product","link":"https:\/\/krimi-trails.ch\/fr\/produit\/crime-trail-avenches-meurtre-dun-fantome-a-avenches\/","title":{"rendered":"Crime-Trail Avenches: Meurtre d\u2019un fant\u00f4me \u00e0 Avenches"},"content":{"rendered":"<div>R\u00e9sous le crime sur le Crime-Trail \u00e0 Avenches. Excursion, activit\u00e9, attraction et id\u00e9e de loisirs \u00e0 Avenches. Spontan\u00e9ment et sans pr\u00e9avis.<\/div>\n<div><\/div>\n<div><strong>Le Crime-Trail peut \u00eatre commenc\u00e9 \u00e0 tout moment.<\/strong><\/div>\n<div><\/div>\n<div>D\u00e9couvre d&#8217;autres offres de MyCityHighlight pr\u00e8s de chez toi : <a href=\"https:\/\/www.mycityhighlight.ch\">www.mycityhighlight.ch<\/a><\/div>\n<p>&nbsp;<\/p>\n<p>&nbsp;<\/p>\n","protected":false},"excerpt":{"rendered":"<p>Richard Mestral est retrouv\u00e9 mort, poignard\u00e9 dans la cour du ch\u00e2teau proche de sa villa. Le cadavre a \u00e9t\u00e9 d\u00e9couvert le lendemain de sa f\u00eate d\u2019anniversaire par sa ni\u00e8ce, qui voulait juste aller promener son chien.<\/p>\n<p>Richard Mestral a f\u00eat\u00e9 son anniversaire dans la villa des Mestrals avec famille et quelques amis la nuit pr\u00e9c\u00e9dente.<\/p>\n<p>Apr\u00e8s une autopsie et de nombreux tests, la police scientifique constate que le cadavre n\u2019\u00e9tait pas Richard Mestral. Dans le porte-monnaie du d\u00e9funt, la police a trouv\u00e9 une carte d&#8217;identit\u00e9 au nom de Charles Dubois. La ressemblance avecRichard Mestral est frappante, comme si Charles Dubois \u00e9tait un fr\u00e8re jumeau de Richard Mestral.<\/p>\n<p>Richard Mestral n\u2019a en revanche toujours pas \u00e9t\u00e9 retrouv\u00e9.<\/p>\n<p><strong>Dur\u00e9e: <\/strong>1 h 15\u00a0 &#8211; 2 h<\/p>\n<p><strong>D\u00e9part:\u00a0<\/strong>Place du Ch\u00e2teau 2, 1580 Avenches<\/p>\n<p><strong>Note:<\/strong> Le Crime-Trail passe par toutes les fouilles romaines connues d&#8217;Avenches et peut donc \u00eatre facilement combin\u00e9 avec une visite des fouilles romaines.<\/p>\n<p><strong>Auteur:<\/strong> Ce Crime-Trail\u00a0 a \u00e9t\u00e9 cr\u00e9\u00e9e dans le cadre d&#8217;un projet Matura par Sherona Ingold. Le Crime-Trail est bas\u00e9e sur l&#8217;histoire &#8220;Les ravages du talion&#8221;, qui fait partie de la collection &#8220;Polars dans la Broye&#8221;.<\/p>\n<p><strong>Points de vente :<\/strong> En plus de l\u2019achat via le site web Crime-Trail, tu peux \u00e9galement acheter le fichier dans notre point de vente externe \u00e0 Avenches: <a href=\"http:\/\/www.avenches.ch\">Avenches Tourisme<\/a><\/p>\n<p>&nbsp;<\/p>\n<p><strong>Prix de base : CHF 40.- (pour 1-5 acc\u00e8s au jeu\/personnes)<\/strong><br \/>\nChaque personne suppl\u00e9mentaire CHF 8.-.<\/p>\n<p>Vous \u00eates plus de 5 personnes ? Dans ce cas, veuillez augmenter le nombre.<\/p>\n","protected":false},"featured_media":15642,"comment_status":"open","ping_status":"closed","template":"","meta":{"inline_featured_image":false,"site-sidebar-layout":"default","site-content-layout":"","ast-site-content-layout":"default","site-content-style":"default","site-sidebar-style":"default","ast-global-header-display":"","ast-banner-title-visibility":"","ast-main-header-display":"","ast-hfb-above-header-display":"","ast-hfb-below-header-display":"","ast-hfb-mobile-header-display":"","site-post-title":"","ast-breadcrumbs-content":"","ast-featured-img":"","footer-sml-layout":"","ast-disable-related-posts":"","theme-transparent-header-meta":"default","adv-header-id-meta":"","stick-header-meta":"default","header-above-stick-meta":"","header-main-stick-meta":"","header-below-stick-meta":"","astra-migrate-meta-layouts":"set","ast-page-background-enabled":"default","ast-page-background-meta":{"desktop":{"background-color":"var(--ast-global-color-4)","background-image":"","background-repeat":"repeat","background-position":"center center","background-size":"auto","background-attachment":"scroll","background-type":"","background-media":"","overlay-type":"","overlay-color":"","overlay-opacity":"","overlay-gradient":""},"tablet":{"background-color":"","background-image":"","background-repeat":"repeat","background-position":"center center","background-size":"auto","background-attachment":"scroll","background-type":"","background-media":"","overlay-type":"","overlay-color":"","overlay-opacity":"","overlay-gradient":""},"mobile":{"background-color":"","background-image":"","background-repeat":"repeat","background-position":"center center","background-size":"auto","background-attachment":"scroll","background-type":"","background-media":"","overlay-type":"","overlay-color":"","overlay-opacity":"","overlay-gradient":""}},"ast-content-background-meta":{"desktop":{"background-color":"var(--ast-global-color-5)","background-image":"","background-repeat":"repeat","background-position":"center center","background-size":"auto","background-attachment":"scroll","background-type":"","background-media":"","overlay-type":"","overlay-color":"","overlay-opacity":"","overlay-gradient":""},"tablet":{"background-color":"var(--ast-global-color-5)","background-image":"","background-repeat":"repeat","background-position":"center center","background-size":"auto","background-attachment":"scroll","background-type":"","background-media":"","overlay-type":"","overlay-color":"","overlay-opacity":"","overlay-gradient":""},"mobile":{"background-color":"var(--ast-global-color-5)","background-image":"","background-repeat":"repeat","background-position":"center center","background-size":"auto","background-attachment":"scroll","background-type":"","background-media":"","overlay-type":"","overlay-color":"","overlay-opacity":"","overlay-gradient":""}}},"product_brand":[],"product_cat":[45,397],"product_tag":[341,313,285,284,342],"class_list":{"0":"post-5789","1":"product","2":"type-product","3":"status-publish","4":"has-post-thumbnail","6":"product_cat-krimi-trails-fr","7":"product_cat-crime-trails-adults","8":"product_tag-activite","9":"product_tag-avenches","10":"product_tag-crime-trail","11":"product_tag-experience-de-groupe","12":"product_tag-loisir","13":"desktop-align-center","14":"tablet-align-left","15":"mobile-align-left","16":"ast-product-gallery-layout-horizontal-slider","17":"ast-product-tabs-layout-horizontal","19":"first","20":"instock","21":"downloadable","22":"virtual","23":"taxable","24":"purchasable","25":"product-type-simple"},"_links":{"self":[{"href":"https:\/\/krimi-trails.ch\/fr\/wp-json\/wp\/v2\/product\/5789","targetHints":{"allow":["GET"]}}],"collection":[{"href":"https:\/\/krimi-trails.ch\/fr\/wp-json\/wp\/v2\/product"}],"about":[{"href":"https:\/\/krimi-trails.ch\/fr\/wp-json\/wp\/v2\/types\/product"}],"replies":[{"embeddable":true,"href":"https:\/\/krimi-trails.ch\/fr\/wp-json\/wp\/v2\/comments?post=5789"}],"version-history":[{"count":0,"href":"https:\/\/krimi-trails.ch\/fr\/wp-json\/wp\/v2\/product\/5789\/revisions"}],"wp:featuredmedia":[{"embeddable":true,"href":"https:\/\/krimi-trails.ch\/fr\/wp-json\/wp\/v2\/media\/15642"}],"wp:attachment":[{"href":"https:\/\/krimi-trails.ch\/fr\/wp-json\/wp\/v2\/media?parent=5789"}],"wp:term":[{"taxonomy":"product_brand","embeddable":true,"href":"https:\/\/krimi-trails.ch\/fr\/wp-json\/wp\/v2\/product_brand?post=5789"},{"taxonomy":"product_cat","embeddable":true,"href":"https:\/\/krimi-trails.ch\/fr\/wp-json\/wp\/v2\/product_cat?post=5789"},{"taxonomy":"product_tag","embeddable":true,"href":"https:\/\/krimi-trails.ch\/fr\/wp-json\/wp\/v2\/product_tag?post=5789"}],"curies":[{"name":"wp","href":"https:\/\/api.w.org\/{rel}","templated":true}]}}