{"id":5788,"date":"2017-03-16T04:30:41","date_gmt":"2017-03-16T03:30:41","guid":{"rendered":"https:\/\/newsystem-krimi-trails.ch\/produkt\/crime-trail-berne-meurtre-dans-la-galerie-von-werdt-a-berne\/"},"modified":"2025-12-16T11:00:12","modified_gmt":"2025-12-16T10:00:12","slug":"crime-trail-berne-meurtre-dans-la-galerie-von-werdt-a-berne","status":"publish","type":"product","link":"https:\/\/krimi-trails.ch\/fr\/produit\/crime-trail-berne-meurtre-dans-la-galerie-von-werdt-a-berne\/","title":{"rendered":"Crime-Trail Berne: Meurtre dans la galerie Von Werdt \u00e0 Berne"},"content":{"rendered":"<div>R\u00e9sous le crime sur le Crime-Trail \u00e0 Berne. Excursion, activit\u00e9, attraction et id\u00e9e de loisirs \u00e0 Berne. Spontan\u00e9ment et sans pr\u00e9avis.<\/div>\n<div><\/div>\n<div><strong>Le Crime-Trail peut \u00eatre commenc\u00e9 \u00e0 tout moment.<\/strong><\/div>\n<div><\/div>\n<div>D\u00e9couvre d&#8217;autres offres de MyCityHighlight pr\u00e8s de chez toi : <a href=\"https:\/\/www.mycityhighlight.ch\">www.mycityhighlight.ch<\/a><\/div>\n<div><\/div>\n<div>\n<p>*****<\/p>\n<p><strong>D&#8217;autres offres de MyCityHighlight:<\/strong><\/p>\n<p>D\u00e9couvre de nombreux faits int\u00e9ressants et passionnants sur le <a href=\"https:\/\/detektiv-trails.ch\/fr\/produit\/detective-trail-berne-highlights-ete\/\">D\u00e9tective-Trail \u00e0 Berne<\/a> \u2013 l\u2019aventure des \u00e9nigmes pour tout-le-monde.<\/p>\n<p>Partez \u00e0 la chasse du myst\u00e9rieux guide sur le sentier interactif\u00a0<a href=\"https:\/\/www.finding-daniel.ch\/fr\/produit\/berne-highlights\/\">Finding-Daniel<\/a> \u00e0 Berne et apprenez des histoires suprenantes sur la ville en suivant ses traces.<\/p>\n<\/div>\n","protected":false},"excerpt":{"rendered":"<p><strong>Meurtre dans la galerie Von Werdt \u00e0 Berne<\/strong><\/p>\n<p>L\u2019homme politique Hans Schmied a \u00e9t\u00e9 retrouv\u00e9 mort dans la galerie Von Werdt, devant la confiserie Beeler. Il \u00e9tait connu pour son action de lutte contre la corruption. Ces derni\u00e8res ann\u00e9es, il d\u2019ailleurs remport\u00e9 plusieurs victoires dans ce domaine. Par ailleurs, il s\u2019engageait pour la transparence du mode de financement des partis. La presse s\u2019int\u00e9resse de tr\u00e8s pr\u00e8s \u00e0 cette affaire: \u00e0 l\u2019en croire, il s\u2019agirait d\u2019un assassinat politique. Il est donc tr\u00e8s important de r\u00e9soudre cette affaire rapidement et correctement.<\/p>\n<p><strong>Dur\u00e8e:<\/strong> 1 h 30 &#8211; 2 h<\/p>\n<p><strong>D\u00e9part:<\/strong> Confiserie Beeler, Spitalgasse 36, 3011 Bern<\/p>\n<p><strong>Points de vente :<\/strong> En plus de l\u2019achat via le site web Crime-Trail, tu peux \u00e9galement acheter le fichier dans notre point de vente externe chez Berne Tourisme \u00e0 la gare CFF \u00e0 Berne: <a href=\"https:\/\/www.bern.com\/de\/home\">www.bern.com<\/a><\/p>\n<p>&nbsp;<\/p>\n<p><strong>Prix de base : CHF 40.- (pour 1-5 acc\u00e8s au jeu\/personnes)<\/strong><br \/>\nChaque personne suppl\u00e9mentaire CHF 8.-.<\/p>\n<p>Vous \u00eates plus de 5 personnes ? Dans ce cas, veuillez augmenter le nombre.<\/p>\n","protected":false},"featured_media":19695,"comment_status":"open","ping_status":"closed","template":"","meta":{"inline_featured_image":false,"site-sidebar-layout":"default","site-content-layout":"","ast-site-content-layout":"default","site-content-style":"default","site-sidebar-style":"default","ast-global-header-display":"","ast-banner-title-visibility":"","ast-main-header-display":"","ast-hfb-above-header-display":"","ast-hfb-below-header-display":"","ast-hfb-mobile-header-display":"","site-post-title":"","ast-breadcrumbs-content":"","ast-featured-img":"","footer-sml-layout":"","ast-disable-related-posts":"","theme-transparent-header-meta":"default","adv-header-id-meta":"","stick-header-meta":"default","header-above-stick-meta":"","header-main-stick-meta":"","header-below-stick-meta":"","astra-migrate-meta-layouts":"set","ast-page-background-enabled":"default","ast-page-background-meta":{"desktop":{"background-color":"var(--ast-global-color-4)","background-image":"","background-repeat":"repeat","background-position":"center center","background-size":"auto","background-attachment":"scroll","background-type":"","background-media":"","overlay-type":"","overlay-color":"","overlay-opacity":"","overlay-gradient":""},"tablet":{"background-color":"","background-image":"","background-repeat":"repeat","background-position":"center center","background-size":"auto","background-attachment":"scroll","background-type":"","background-media":"","overlay-type":"","overlay-color":"","overlay-opacity":"","overlay-gradient":""},"mobile":{"background-color":"","background-image":"","background-repeat":"repeat","background-position":"center center","background-size":"auto","background-attachment":"scroll","background-type":"","background-media":"","overlay-type":"","overlay-color":"","overlay-opacity":"","overlay-gradient":""}},"ast-content-background-meta":{"desktop":{"background-color":"var(--ast-global-color-5)","background-image":"","background-repeat":"repeat","background-position":"center center","background-size":"auto","background-attachment":"scroll","background-type":"","background-media":"","overlay-type":"","overlay-color":"","overlay-opacity":"","overlay-gradient":""},"tablet":{"background-color":"var(--ast-global-color-5)","background-image":"","background-repeat":"repeat","background-position":"center center","background-size":"auto","background-attachment":"scroll","background-type":"","background-media":"","overlay-type":"","overlay-color":"","overlay-opacity":"","overlay-gradient":""},"mobile":{"background-color":"var(--ast-global-color-5)","background-image":"","background-repeat":"repeat","background-position":"center center","background-size":"auto","background-attachment":"scroll","background-type":"","background-media":"","overlay-type":"","overlay-color":"","overlay-opacity":"","overlay-gradient":""}}},"product_brand":[],"product_cat":[45,397],"product_tag":[274,278],"class_list":{"0":"post-5788","1":"product","2":"type-product","3":"status-publish","4":"has-post-thumbnail","6":"product_cat-krimi-trails-fr","7":"product_cat-crime-trails-adults","8":"product_tag-bern-fr","9":"product_tag-krimi-trail-fr","10":"desktop-align-center","11":"tablet-align-left","12":"mobile-align-left","13":"ast-product-gallery-layout-horizontal-slider","14":"ast-product-tabs-layout-horizontal","16":"first","17":"instock","18":"downloadable","19":"virtual","20":"taxable","21":"purchasable","22":"product-type-simple"},"_links":{"self":[{"href":"https:\/\/krimi-trails.ch\/fr\/wp-json\/wp\/v2\/product\/5788","targetHints":{"allow":["GET"]}}],"collection":[{"href":"https:\/\/krimi-trails.ch\/fr\/wp-json\/wp\/v2\/product"}],"about":[{"href":"https:\/\/krimi-trails.ch\/fr\/wp-json\/wp\/v2\/types\/product"}],"replies":[{"embeddable":true,"href":"https:\/\/krimi-trails.ch\/fr\/wp-json\/wp\/v2\/comments?post=5788"}],"version-history":[{"count":0,"href":"https:\/\/krimi-trails.ch\/fr\/wp-json\/wp\/v2\/product\/5788\/revisions"}],"wp:featuredmedia":[{"embeddable":true,"href":"https:\/\/krimi-trails.ch\/fr\/wp-json\/wp\/v2\/media\/19695"}],"wp:attachment":[{"href":"https:\/\/krimi-trails.ch\/fr\/wp-json\/wp\/v2\/media?parent=5788"}],"wp:term":[{"taxonomy":"product_brand","embeddable":true,"href":"https:\/\/krimi-trails.ch\/fr\/wp-json\/wp\/v2\/product_brand?post=5788"},{"taxonomy":"product_cat","embeddable":true,"href":"https:\/\/krimi-trails.ch\/fr\/wp-json\/wp\/v2\/product_cat?post=5788"},{"taxonomy":"product_tag","embeddable":true,"href":"https:\/\/krimi-trails.ch\/fr\/wp-json\/wp\/v2\/product_tag?post=5788"}],"curies":[{"name":"wp","href":"https:\/\/api.w.org\/{rel}","templated":true}]}}