{"id":5779,"date":"2020-07-06T13:12:50","date_gmt":"2020-07-06T11:12:50","guid":{"rendered":"https:\/\/newsystem-krimi-trails.ch\/produkt\/chute-mortelle-du-balcon-a-neuchatel\/"},"modified":"2025-12-16T10:55:32","modified_gmt":"2025-12-16T09:55:32","slug":"chute-mortelle-du-balcon-a-neuchatel","status":"publish","type":"product","link":"https:\/\/krimi-trails.ch\/fr\/produit\/chute-mortelle-du-balcon-a-neuchatel\/","title":{"rendered":"Crime-Trail Neuch\u00e2tel: Chute mortelle du balcon \u00e0 Neuch\u00e2tel"},"content":{"rendered":"<div>R\u00e9sous le crime sur le Crime-Trail \u00e0 Neuch\u00e2tel. Excursion, activit\u00e9, attraction et id\u00e9e de loisirs \u00e0 Neuch\u00e2tel. Spontan\u00e9ment et sans pr\u00e9avis.<\/div>\n<div><\/div>\n<div><strong>Le Crime-Trail peut \u00eatre commenc\u00e9 \u00e0 tout moment.<\/strong><\/div>\n<div><\/div>\n<div>D\u00e9couvre d&#8217;autres offres de MyCityHighlight pr\u00e8s de chez toi : <a href=\"https:\/\/www.mycityhighlight.ch\">www.mycityhighlight.ch<\/a><\/div>\n<div><\/div>\n<div>\n<p>******<\/p>\n<p><strong>D&#8217;autres offres de MyCityHighlight<\/strong><\/p>\n<p>Partez \u00e0 la chasse du myst\u00e9rieux guide sur le sentier interactif\u00a0<a href=\"https:\/\/www.finding-daniel.ch\/fr\/produit\/neuchatel-visuel\/\">Finding-Daniel<\/a> \u00e0 Neuch\u00e2tel et apprenez des histoires suprenantes sur la ville en suivant ses traces.<\/p>\n<p>&nbsp;<\/p>\n<\/div>\n","protected":false},"excerpt":{"rendered":"<p><strong>Chute mortelle du balcon \u00e0 Neuch\u00e2tel<\/strong><\/p>\n<p>M\u00e9decin fortun\u00e9 et proche de la retraite, le Pr Antoine Favre chute brusquement du balcon de son appartement en ville et meurt. Il est 8\u00a0h 30. Des passants d\u00e9clarent avoir entendu un cri d&#8217;appel \u00e0 l\u2019aide avant la chute.<\/p>\n<p>Le Dr Favre pr\u00e9sente, au front, une \u00e9corchure due \u00e0 un objet \u00e9mouss\u00e9 et dur, mais qui lui a visiblement \u00e9t\u00e9 inflig\u00e9e peu avant sa chute du balcon. Cela laisse \u00e0 penser qu&#8217;il y a eu bagarre et que quelqu&#8217;un l&#8217;a pouss\u00e9 depuis le balcon.<\/p>\n<p>Sur la sc\u00e8ne de crime, on a retrouv\u00e9, entre autres, une photo assez ancienne de la victime en compagnie de Daniel Aubry et d\u2019une femme. Selon les informations fournies par l\u2019\u00e9pouse de la victime, il s&#8217;agit d&#8217;une certaine &#8220;Emma&#8221;, qui est apparemment une ancienne associ\u00e9e. Mais l\u2019\u00e9pouse n\u2019en sait pas plus sur Emma.<\/p>\n<p><strong>Dur\u00e9e:<\/strong> 1 h 50 &#8211; 2 h 40<\/p>\n<p><strong>D\u00e9part:<\/strong> Place \u00e0 l\u2019Ap\u00e9ro, Neuch\u00e2tel<\/p>\n<p>&nbsp;<\/p>\n<p><strong>Prix de base : CHF 40.- (pour 1-5 acc\u00e8s au jeu\/personnes)<\/strong><\/p>\n<p>Chaque personne suppl\u00e9mentaire CHF 8.-.<\/p>\n<p><strong>Vous \u00eates plus de 5 personnes ? Dans ce cas, veuillez augmenter le nombre.<\/strong><\/p>\n","protected":false},"featured_media":18395,"comment_status":"open","ping_status":"closed","template":"","meta":{"inline_featured_image":false,"site-sidebar-layout":"default","site-content-layout":"","ast-site-content-layout":"default","site-content-style":"default","site-sidebar-style":"default","ast-global-header-display":"","ast-banner-title-visibility":"","ast-main-header-display":"","ast-hfb-above-header-display":"","ast-hfb-below-header-display":"","ast-hfb-mobile-header-display":"","site-post-title":"","ast-breadcrumbs-content":"","ast-featured-img":"","footer-sml-layout":"","ast-disable-related-posts":"","theme-transparent-header-meta":"default","adv-header-id-meta":"","stick-header-meta":"default","header-above-stick-meta":"","header-main-stick-meta":"","header-below-stick-meta":"","astra-migrate-meta-layouts":"set","ast-page-background-enabled":"default","ast-page-background-meta":{"desktop":{"background-color":"var(--ast-global-color-4)","background-image":"","background-repeat":"repeat","background-position":"center center","background-size":"auto","background-attachment":"scroll","background-type":"","background-media":"","overlay-type":"","overlay-color":"","overlay-opacity":"","overlay-gradient":""},"tablet":{"background-color":"","background-image":"","background-repeat":"repeat","background-position":"center center","background-size":"auto","background-attachment":"scroll","background-type":"","background-media":"","overlay-type":"","overlay-color":"","overlay-opacity":"","overlay-gradient":""},"mobile":{"background-color":"","background-image":"","background-repeat":"repeat","background-position":"center center","background-size":"auto","background-attachment":"scroll","background-type":"","background-media":"","overlay-type":"","overlay-color":"","overlay-opacity":"","overlay-gradient":""}},"ast-content-background-meta":{"desktop":{"background-color":"var(--ast-global-color-5)","background-image":"","background-repeat":"repeat","background-position":"center center","background-size":"auto","background-attachment":"scroll","background-type":"","background-media":"","overlay-type":"","overlay-color":"","overlay-opacity":"","overlay-gradient":""},"tablet":{"background-color":"var(--ast-global-color-5)","background-image":"","background-repeat":"repeat","background-position":"center center","background-size":"auto","background-attachment":"scroll","background-type":"","background-media":"","overlay-type":"","overlay-color":"","overlay-opacity":"","overlay-gradient":""},"mobile":{"background-color":"var(--ast-global-color-5)","background-image":"","background-repeat":"repeat","background-position":"center center","background-size":"auto","background-attachment":"scroll","background-type":"","background-media":"","overlay-type":"","overlay-color":"","overlay-opacity":"","overlay-gradient":""}}},"product_brand":[],"product_cat":[45,397],"product_tag":[],"class_list":{"0":"post-5779","1":"product","2":"type-product","3":"status-publish","4":"has-post-thumbnail","6":"product_cat-krimi-trails-fr","7":"product_cat-crime-trails-adults","8":"desktop-align-center","9":"tablet-align-left","10":"mobile-align-left","11":"ast-product-gallery-layout-horizontal-slider","12":"ast-product-tabs-layout-horizontal","14":"first","15":"instock","16":"downloadable","17":"virtual","18":"taxable","19":"purchasable","20":"product-type-simple"},"_links":{"self":[{"href":"https:\/\/krimi-trails.ch\/fr\/wp-json\/wp\/v2\/product\/5779","targetHints":{"allow":["GET"]}}],"collection":[{"href":"https:\/\/krimi-trails.ch\/fr\/wp-json\/wp\/v2\/product"}],"about":[{"href":"https:\/\/krimi-trails.ch\/fr\/wp-json\/wp\/v2\/types\/product"}],"replies":[{"embeddable":true,"href":"https:\/\/krimi-trails.ch\/fr\/wp-json\/wp\/v2\/comments?post=5779"}],"version-history":[{"count":0,"href":"https:\/\/krimi-trails.ch\/fr\/wp-json\/wp\/v2\/product\/5779\/revisions"}],"wp:featuredmedia":[{"embeddable":true,"href":"https:\/\/krimi-trails.ch\/fr\/wp-json\/wp\/v2\/media\/18395"}],"wp:attachment":[{"href":"https:\/\/krimi-trails.ch\/fr\/wp-json\/wp\/v2\/media?parent=5779"}],"wp:term":[{"taxonomy":"product_brand","embeddable":true,"href":"https:\/\/krimi-trails.ch\/fr\/wp-json\/wp\/v2\/product_brand?post=5779"},{"taxonomy":"product_cat","embeddable":true,"href":"https:\/\/krimi-trails.ch\/fr\/wp-json\/wp\/v2\/product_cat?post=5779"},{"taxonomy":"product_tag","embeddable":true,"href":"https:\/\/krimi-trails.ch\/fr\/wp-json\/wp\/v2\/product_tag?post=5779"}],"curies":[{"name":"wp","href":"https:\/\/api.w.org\/{rel}","templated":true}]}}