{"id":5778,"date":"2019-10-24T13:39:13","date_gmt":"2019-10-24T11:39:13","guid":{"rendered":"https:\/\/newsystem-krimi-trails.ch\/produkt\/crime-trail-morat-braquage-de-banque-a-morat\/"},"modified":"2025-12-17T18:37:50","modified_gmt":"2025-12-17T17:37:50","slug":"crime-trail-morat-braquage-de-banque-a-morat","status":"publish","type":"product","link":"https:\/\/krimi-trails.ch\/fr\/produit\/crime-trail-morat-braquage-de-banque-a-morat\/","title":{"rendered":"Crime-Trail Morat: Braquage de banque \u00e0 Morat"},"content":{"rendered":"<div>R\u00e9sous le crime sur le Crime-Trail \u00e0 Morat. Excursion, activit\u00e9, attraction et id\u00e9e de loisirs \u00e0 Morat. Spontan\u00e9ment et sans pr\u00e9avis.<\/div>\n<div><\/div>\n<div><strong>Le Crime-Trail peut \u00eatre commenc\u00e9 \u00e0 tout moment.<\/strong><\/div>\n<div><\/div>\n<div>D\u00e9couvre d&#8217;autres offres de MyCityHighlight pr\u00e8s de chez toi : <a href=\"https:\/\/www.mycityhighlight.ch\">www.mycityhighlight.ch<\/a><\/div>\n<div><\/div>\n<div>\n<p>******<\/p>\n<p><strong>D&#8217;autres offres de MyCityHighlight<\/strong><\/p>\n<p>D\u00e9couvre de nombreux faits int\u00e9ressants et passionnants sur le <a href=\"https:\/\/www.detektiv-trails.com\/fr\/produit\/detective-trail-morat-highlights\/\">D\u00e9tective-Trail \u00e0 Morat<\/a> &#8211; l&#8217;aventure des \u00e9nigmes pour tout-le-monde.<\/p>\n<p>Partez \u00e0 la chasse du myst\u00e9rieux guide sur le sentier interactif\u00a0<a href=\"https:\/\/www.finding-daniel.ch\/fr\/produit\/murten-tour-culture\/\">Finding-Daniel<\/a>\u00a0\u00e0 Morat et apprenez des histoires suprenantes sur la ville en suivant ses traces.<\/p>\n<p>&nbsp;<\/p>\n<\/div>\n","protected":false},"excerpt":{"rendered":"<p><strong>Braquage de banque \u00e0 Morat<\/strong><\/p>\n<p>Juste avant midi, l&#8217;alarme se d\u00e9clenche au poste de police de Morat. Samedi, peu apr\u00e8s 11:20, une personne masqu\u00e9e et arm\u00e9e a attaqu\u00e9 la banque. Toutes les personnes pr\u00e9sentes ont d\u00fb se mettre face au mur, les mains en l&#8217;air. Malheureusement, personne n&#8217;a pu actionner le bouton d&#8217;alarme pendant le hold-up et la police n&#8217;a \u00e9t\u00e9 inform\u00e9e que lorsque tout \u00e9tait fini. Le voleur a demand\u00e9 \u00e0 l&#8217;employ\u00e9 du guichet de lui remettre 1 million de CHF en esp\u00e8ces. Apr\u00e8s avoir mis les liasses de billets dans son sac de sport, le voleur est sorti de la banque. Personne n&#8217;a \u00e9t\u00e9 bless\u00e9.<\/p>\n<p><strong>Dur\u00e9e:<\/strong> 1 h 30 &#8211; 2 h<\/p>\n<p><strong>D\u00e9part:<\/strong> Ch\u00e2teau Morat, Schlossgasse, 3280 Morat<\/p>\n<p><strong>Points de vente :<\/strong> En plus de l&#8217;achat via le site web Crime-Trail, tu peux \u00e9galement acheter le fichier dans notre point de vente externe \u00e0 Morat : <a href=\"http:\/\/www.regionmurtensee.ch\/\">www.regionmurtensee.ch<\/a><\/p>\n<p>&nbsp;<\/p>\n<p><strong>Prix de base : CHF 40.- (pour 1-5 acc\u00e8s au jeu\/personnes)<\/strong><br \/>\nChaque personne suppl\u00e9mentaire CHF 8.-.<\/p>\n<p>Vous \u00eates plus de 5 personnes ? Dans ce cas, veuillez augmenter le nombre.<\/p>\n","protected":false},"featured_media":20241,"comment_status":"open","ping_status":"closed","template":"","meta":{"inline_featured_image":false,"site-sidebar-layout":"default","site-content-layout":"","ast-site-content-layout":"default","site-content-style":"default","site-sidebar-style":"default","ast-global-header-display":"","ast-banner-title-visibility":"","ast-main-header-display":"","ast-hfb-above-header-display":"","ast-hfb-below-header-display":"","ast-hfb-mobile-header-display":"","site-post-title":"","ast-breadcrumbs-content":"","ast-featured-img":"","footer-sml-layout":"","ast-disable-related-posts":"","theme-transparent-header-meta":"default","adv-header-id-meta":"","stick-header-meta":"default","header-above-stick-meta":"","header-main-stick-meta":"","header-below-stick-meta":"","astra-migrate-meta-layouts":"set","ast-page-background-enabled":"default","ast-page-background-meta":{"desktop":{"background-color":"var(--ast-global-color-4)","background-image":"","background-repeat":"repeat","background-position":"center center","background-size":"auto","background-attachment":"scroll","background-type":"","background-media":"","overlay-type":"","overlay-color":"","overlay-opacity":"","overlay-gradient":""},"tablet":{"background-color":"","background-image":"","background-repeat":"repeat","background-position":"center center","background-size":"auto","background-attachment":"scroll","background-type":"","background-media":"","overlay-type":"","overlay-color":"","overlay-opacity":"","overlay-gradient":""},"mobile":{"background-color":"","background-image":"","background-repeat":"repeat","background-position":"center center","background-size":"auto","background-attachment":"scroll","background-type":"","background-media":"","overlay-type":"","overlay-color":"","overlay-opacity":"","overlay-gradient":""}},"ast-content-background-meta":{"desktop":{"background-color":"var(--ast-global-color-5)","background-image":"","background-repeat":"repeat","background-position":"center center","background-size":"auto","background-attachment":"scroll","background-type":"","background-media":"","overlay-type":"","overlay-color":"","overlay-opacity":"","overlay-gradient":""},"tablet":{"background-color":"var(--ast-global-color-5)","background-image":"","background-repeat":"repeat","background-position":"center center","background-size":"auto","background-attachment":"scroll","background-type":"","background-media":"","overlay-type":"","overlay-color":"","overlay-opacity":"","overlay-gradient":""},"mobile":{"background-color":"var(--ast-global-color-5)","background-image":"","background-repeat":"repeat","background-position":"center center","background-size":"auto","background-attachment":"scroll","background-type":"","background-media":"","overlay-type":"","overlay-color":"","overlay-opacity":"","overlay-gradient":""}}},"product_brand":[],"product_cat":[45,397],"product_tag":[],"class_list":{"0":"post-5778","1":"product","2":"type-product","3":"status-publish","4":"has-post-thumbnail","6":"product_cat-krimi-trails-fr","7":"product_cat-crime-trails-adults","8":"desktop-align-center","9":"tablet-align-left","10":"mobile-align-left","11":"ast-product-gallery-layout-horizontal-slider","12":"ast-product-tabs-layout-horizontal","14":"first","15":"instock","16":"downloadable","17":"virtual","18":"taxable","19":"purchasable","20":"product-type-simple"},"_links":{"self":[{"href":"https:\/\/krimi-trails.ch\/fr\/wp-json\/wp\/v2\/product\/5778","targetHints":{"allow":["GET"]}}],"collection":[{"href":"https:\/\/krimi-trails.ch\/fr\/wp-json\/wp\/v2\/product"}],"about":[{"href":"https:\/\/krimi-trails.ch\/fr\/wp-json\/wp\/v2\/types\/product"}],"replies":[{"embeddable":true,"href":"https:\/\/krimi-trails.ch\/fr\/wp-json\/wp\/v2\/comments?post=5778"}],"version-history":[{"count":0,"href":"https:\/\/krimi-trails.ch\/fr\/wp-json\/wp\/v2\/product\/5778\/revisions"}],"wp:featuredmedia":[{"embeddable":true,"href":"https:\/\/krimi-trails.ch\/fr\/wp-json\/wp\/v2\/media\/20241"}],"wp:attachment":[{"href":"https:\/\/krimi-trails.ch\/fr\/wp-json\/wp\/v2\/media?parent=5778"}],"wp:term":[{"taxonomy":"product_brand","embeddable":true,"href":"https:\/\/krimi-trails.ch\/fr\/wp-json\/wp\/v2\/product_brand?post=5778"},{"taxonomy":"product_cat","embeddable":true,"href":"https:\/\/krimi-trails.ch\/fr\/wp-json\/wp\/v2\/product_cat?post=5778"},{"taxonomy":"product_tag","embeddable":true,"href":"https:\/\/krimi-trails.ch\/fr\/wp-json\/wp\/v2\/product_tag?post=5778"}],"curies":[{"name":"wp","href":"https:\/\/api.w.org\/{rel}","templated":true}]}}