{"id":5777,"date":"2020-04-24T15:35:54","date_gmt":"2020-04-24T13:35:54","guid":{"rendered":"https:\/\/newsystem-krimi-trails.ch\/produkt\/crime-trail-fribourg-meurtre-a-fribourg\/"},"modified":"2025-12-16T10:50:20","modified_gmt":"2025-12-16T09:50:20","slug":"crime-trail-fribourg-meurtre-a-fribourg","status":"publish","type":"product","link":"https:\/\/krimi-trails.ch\/fr\/produit\/crime-trail-fribourg-meurtre-a-fribourg\/","title":{"rendered":"Crime-Trail Fribourg: Meurtre \u00e0 Fribourg"},"content":{"rendered":"<div>R\u00e9sous le crime sur le Crime-Trail \u00e0 Fribourg. Excursion, activit\u00e9, attraction et id\u00e9e de loisirs \u00e0 Fribourg. Spontan\u00e9ment et sans pr\u00e9avis.<\/div>\n<div><\/div>\n<div><span class=\"TextRun Highlight SCXW82557312 BCX8\" lang=\"FR-CH\" xml:lang=\"FR-CH\" data-contrast=\"auto\"><span class=\"NormalTextRun SCXW82557312 BCX8\" data-ccp-charstyle=\"Strong\">Le Crime-Trail peut \u00eatre commenc\u00e9 \u00e0 tout moment.<\/span><\/span><\/div>\n<div><\/div>\n<div>D\u00e9couvre d&#8217;autres offres de MyCityHighlight pr\u00e8s de chez toi : <a href=\"https:\/\/www.mycityhighlight.ch\">www.mycityhighlight.ch<\/a><\/div>\n<div><\/div>\n<div>\n<p>******<\/p>\n<p><strong>D&#8217;autres offres de MyCityHighlight<\/strong><\/p>\n<p>Partez \u00e0 la chasse du myst\u00e9rieux guide sur le sentier interactif\u00a0<a href=\"https:\/\/www.finding-daniel.ch\/fr\/produit\/fribourg-highlights\/\">Finding-Daniel<\/a> \u00e0 Fribourg et apprenez des histoires suprenantes sur la ville en suivant ses traces.<\/p>\n<p>D\u00e9couvre de nombreux faits int\u00e9ressants et passionnants sur le<a href=\"https:\/\/www.detektiv-trails.com\/fr\/produit\/detective-trail-fribourg\/\"> D\u00e9tective-Trail \u00e0 Fribourg<\/a>\u00a0&#8211; l&#8217;aventure des \u00e9nigmes pour tout-le-monde.<\/p>\n<p>&nbsp;<\/p>\n<p>&nbsp;<\/p>\n<\/div>\n","protected":false},"excerpt":{"rendered":"<p><strong>Meurtre \u00e0 Fribourg<\/strong><\/p>\n<p>Marie Hertig, 35 ans, est retrouv\u00e9e morte devant l&#8217;entr\u00e9e de son appartement. Elle a \u00e9t\u00e9 frapp\u00e9e avec un objet \u00e9mouss\u00e9 (batte de baseball ou club de golf, par exemple).<\/p>\n<p>Selon le m\u00e9decin l\u00e9giste, l&#8217;heure du crime se situe entre 21 heures et 23 heures. Visiblement, l&#8217;auteur des faits a guett\u00e9 la victime. Il a emport\u00e9 l&#8217;arme de crime.<\/p>\n<p>Les voisins disent avoir entendu une femme et un homme se disputer devant la maison vers 22 heures. Il pourrait peut-\u00eatre s&#8217;agir de Marie Hertig et de son meurtrier.<\/p>\n<p>Marie Hertig n&#8217;\u00e9tait pas tr\u00e8s aim\u00e9e de ses voisins. Elle travaillait \u00e0 l&#8217;agence de protection de l&#8217;enfance et des parents (KESB) de Fribourg et avait donc une grande influence sur les d\u00e9cisions de tutelle. Elle visitait aussi r\u00e9guli\u00e8rement des familles dans des situations difficiles.<\/p>\n<p><strong>Dur\u00e9e :<\/strong> 2 h 30 \u2013 3 h 30<\/p>\n<p><strong>D\u00e9part :<\/strong> Rue de Locarno, Fribourg<\/p>\n<p>&nbsp;<\/p>\n<p><b><span data-contrast=\"auto\">Prix de base : CHF 40.- (pour 1-5 acc\u00e8s au jeu\/personnes)<\/span><\/b><span data-ccp-props=\"{&quot;134233117&quot;:true,&quot;134233118&quot;:true,&quot;201341983&quot;:0,&quot;335559685&quot;:720,&quot;335559731&quot;:696,&quot;335559739&quot;:160,&quot;335559740&quot;:240}\">\u00a0<\/span><\/p>\n<p><span data-contrast=\"auto\">Chaque personne suppl\u00e9mentaire CHF 8.-.<\/span><span data-ccp-props=\"{&quot;134233117&quot;:true,&quot;134233118&quot;:true,&quot;201341983&quot;:0,&quot;335559685&quot;:720,&quot;335559731&quot;:696,&quot;335559739&quot;:160,&quot;335559740&quot;:240}\">\u00a0<\/span><\/p>\n<p><span data-contrast=\"auto\">Vous \u00eates plus de 5 personnes ? Dans ce cas, veuillez augmenter le nombre.<\/span><span data-ccp-props=\"{&quot;134233117&quot;:true,&quot;134233118&quot;:true,&quot;201341983&quot;:0,&quot;335559685&quot;:720,&quot;335559731&quot;:696,&quot;335559739&quot;:160,&quot;335559740&quot;:240}\">\u00a0<\/span><\/p>\n","protected":false},"featured_media":18022,"comment_status":"open","ping_status":"closed","template":"","meta":{"inline_featured_image":false,"site-sidebar-layout":"default","site-content-layout":"","ast-site-content-layout":"default","site-content-style":"default","site-sidebar-style":"default","ast-global-header-display":"","ast-banner-title-visibility":"","ast-main-header-display":"","ast-hfb-above-header-display":"","ast-hfb-below-header-display":"","ast-hfb-mobile-header-display":"","site-post-title":"","ast-breadcrumbs-content":"","ast-featured-img":"","footer-sml-layout":"","ast-disable-related-posts":"","theme-transparent-header-meta":"default","adv-header-id-meta":"","stick-header-meta":"default","header-above-stick-meta":"","header-main-stick-meta":"","header-below-stick-meta":"","astra-migrate-meta-layouts":"set","ast-page-background-enabled":"default","ast-page-background-meta":{"desktop":{"background-color":"var(--ast-global-color-4)","background-image":"","background-repeat":"repeat","background-position":"center center","background-size":"auto","background-attachment":"scroll","background-type":"","background-media":"","overlay-type":"","overlay-color":"","overlay-opacity":"","overlay-gradient":""},"tablet":{"background-color":"","background-image":"","background-repeat":"repeat","background-position":"center center","background-size":"auto","background-attachment":"scroll","background-type":"","background-media":"","overlay-type":"","overlay-color":"","overlay-opacity":"","overlay-gradient":""},"mobile":{"background-color":"","background-image":"","background-repeat":"repeat","background-position":"center center","background-size":"auto","background-attachment":"scroll","background-type":"","background-media":"","overlay-type":"","overlay-color":"","overlay-opacity":"","overlay-gradient":""}},"ast-content-background-meta":{"desktop":{"background-color":"var(--ast-global-color-5)","background-image":"","background-repeat":"repeat","background-position":"center center","background-size":"auto","background-attachment":"scroll","background-type":"","background-media":"","overlay-type":"","overlay-color":"","overlay-opacity":"","overlay-gradient":""},"tablet":{"background-color":"var(--ast-global-color-5)","background-image":"","background-repeat":"repeat","background-position":"center center","background-size":"auto","background-attachment":"scroll","background-type":"","background-media":"","overlay-type":"","overlay-color":"","overlay-opacity":"","overlay-gradient":""},"mobile":{"background-color":"var(--ast-global-color-5)","background-image":"","background-repeat":"repeat","background-position":"center center","background-size":"auto","background-attachment":"scroll","background-type":"","background-media":"","overlay-type":"","overlay-color":"","overlay-opacity":"","overlay-gradient":""}}},"product_brand":[],"product_cat":[45,397],"product_tag":[341,273,345,304,276,277,278,342,279,280],"class_list":{"0":"post-5777","1":"product","2":"type-product","3":"status-publish","4":"has-post-thumbnail","6":"product_cat-krimi-trails-fr","7":"product_cat-crime-trails-adults","8":"product_tag-activite","9":"product_tag-ausflugstipp-fr","10":"product_tag-excursion","11":"product_tag-fribourg-fr","12":"product_tag-gruppenerlebnis-fr","13":"product_tag-krimi-event-fr","14":"product_tag-krimi-trail-fr","15":"product_tag-loisir","16":"product_tag-teamausflug-fr","17":"product_tag-teamevent-fr","18":"desktop-align-center","19":"tablet-align-left","20":"mobile-align-left","21":"ast-product-gallery-layout-horizontal-slider","22":"ast-product-tabs-layout-horizontal","24":"first","25":"instock","26":"downloadable","27":"virtual","28":"taxable","29":"purchasable","30":"product-type-simple"},"_links":{"self":[{"href":"https:\/\/krimi-trails.ch\/fr\/wp-json\/wp\/v2\/product\/5777","targetHints":{"allow":["GET"]}}],"collection":[{"href":"https:\/\/krimi-trails.ch\/fr\/wp-json\/wp\/v2\/product"}],"about":[{"href":"https:\/\/krimi-trails.ch\/fr\/wp-json\/wp\/v2\/types\/product"}],"replies":[{"embeddable":true,"href":"https:\/\/krimi-trails.ch\/fr\/wp-json\/wp\/v2\/comments?post=5777"}],"version-history":[{"count":0,"href":"https:\/\/krimi-trails.ch\/fr\/wp-json\/wp\/v2\/product\/5777\/revisions"}],"wp:featuredmedia":[{"embeddable":true,"href":"https:\/\/krimi-trails.ch\/fr\/wp-json\/wp\/v2\/media\/18022"}],"wp:attachment":[{"href":"https:\/\/krimi-trails.ch\/fr\/wp-json\/wp\/v2\/media?parent=5777"}],"wp:term":[{"taxonomy":"product_brand","embeddable":true,"href":"https:\/\/krimi-trails.ch\/fr\/wp-json\/wp\/v2\/product_brand?post=5777"},{"taxonomy":"product_cat","embeddable":true,"href":"https:\/\/krimi-trails.ch\/fr\/wp-json\/wp\/v2\/product_cat?post=5777"},{"taxonomy":"product_tag","embeddable":true,"href":"https:\/\/krimi-trails.ch\/fr\/wp-json\/wp\/v2\/product_tag?post=5777"}],"curies":[{"name":"wp","href":"https:\/\/api.w.org\/{rel}","templated":true}]}}