{"id":5775,"date":"2020-05-28T10:00:15","date_gmt":"2020-05-28T08:00:15","guid":{"rendered":"https:\/\/newsystem-krimi-trails.ch\/produkt\/crime-trail-kids-soleure-vol-des-statues-en-or-du-tresor-du-dome\/"},"modified":"2025-12-16T11:23:11","modified_gmt":"2025-12-16T10:23:11","slug":"crime-trail-kids-soleure-vol-des-statues-en-or-du-tresor-du-dome","status":"publish","type":"product","link":"https:\/\/krimi-trails.ch\/fr\/produit\/crime-trail-kids-soleure-vol-des-statues-en-or-du-tresor-du-dome\/","title":{"rendered":"Crime-Trail Kids Soleure: Vol des statues en or du tr\u00e9sor du d\u00f4me"},"content":{"rendered":"<div>R\u00e9sous le crime sur le Crime-Trail \u00e0 Soleure. Excursion, activit\u00e9, attraction et id\u00e9e de loisirs pour toute la famille \u00e0 Soleure. Spontan\u00e9ment et sans pr\u00e9avis.<\/div>\n<div><\/div>\n<div><strong>Le Crime-Trail peut \u00eatre commenc\u00e9 \u00e0 tout moment.<\/strong><\/div>\n<div><\/div>\n<div>D\u00e9couvre d&#8217;autres offres de MyCityHighlight pr\u00e8s de chez toi : <a href=\"https:\/\/www.mycityhighlight.ch\">www.mycityhighlight.ch<\/a><\/div>\n<div><\/div>\n<div>\n<p>*****<\/p>\n<p><strong>D&#8217;autres offres de MyCityHighlight:<\/strong><\/p>\n<p>D\u00e9couvre de nombreux faits int\u00e9ressants et passionnants sur le <a href=\"https:\/\/detektiv-trails.ch\/fr\/produit\/detective-trail-soleure-vieille-ville-hiver\/\">D\u00e9tective-Trail \u00e0 Soleure<\/a> \u2013 l\u2019aventure des \u00e9nigmes pour tout-le-monde.<\/p>\n<p>Partez \u00e0 la chasse du myst\u00e9rieux guide sur le sentier interactif\u00a0<a href=\"https:\/\/www.finding-daniel.ch\/fr\/produit\/visiter-soleure-le-chiffre-sacre-11\/\">Finding-Daniel<\/a> \u00e0 Soleure et apprenez des histoires suprenantes sur la ville en suivant ses traces.<\/p>\n<\/div>\n","protected":false},"excerpt":{"rendered":"<p><strong>Vol des statues en or du tr\u00e9sor du d\u00f4me<\/strong><\/p>\n<p><strong>Ce Crime-Trail correspond au Crime-Trail Soleure pour adulte en termes de contenu, mais il est pr\u00e9par\u00e9e visuellement de mani\u00e8re diff\u00e9rente. L&#8217;affaire convient tr\u00e8s bien aux enfants.<\/strong><\/p>\n<p>La pi\u00e8ce abritant le tr\u00e9sor de la cath\u00e9drale Saint-Ours a \u00e9t\u00e9 cambriol\u00e9e. Les coffres sacr\u00e9s (\u00e9galement appel\u00e9s arches) contenant les t\u00eates de statue en or d\u2019Ours et de Victor, les deux saints protecteurs de la ville, ont \u00e9t\u00e9 vol\u00e9s. Selon la l\u00e9gende, Ours et Victor ont \u00e9t\u00e9 tu\u00e9s par les Romains en l\u2019an 300 apr. J.-C. car ils refusaient d\u2019honorer les dieux romains et, en tant que chr\u00e9tiens, croyaient en un seul dieu. Les deux saints ont \u00e9t\u00e9 enterr\u00e9s sur le site de l\u2019actuelle cath\u00e9drale Saint-Ours, o\u00f9 les chr\u00e9tiens avaient \u00e0 l\u2019\u00e9poque l\u2019habitude de se rassembler en secret.<\/p>\n<p>Le cambriolage a d\u00fb se produire l\u2019apr\u00e8s-midi entre 15h et 16h. Avant et apr\u00e8s ce laps de temps, Verena Schneider faisait visiter le tr\u00e9sor du d\u00f4me \u00e0 des touristes. C\u2019est elle qui a constat\u00e9 le vol, lors de la deuxi\u00e8me visite guid\u00e9e, \u00e0 16h30.\u00a0Entre deux visites guid\u00e9es, Verena Schneider s&#8217;est rendue au bureau de Soleure Tourisme pour planifier, avec sa coll\u00e8gue, un \u00e9v\u00e9nement pour un grand groupe.<\/p>\n<p>Comme la porte conduisant au tr\u00e9sor ne pr\u00e9sente aucune trace d\u2019effraction, la police part du principe que le cambrioleur ou la cambrioleuse poss\u00e9dait une cl\u00e9 ou alors qu\u2019il s\u2019agissait d\u2019un professionnel capable de crocheter une serrure.<\/p>\n<p><strong>Dur\u00e9e:<\/strong> 2 h 15 \u2013 2 h 45<\/p>\n<p><strong>D\u00e9part:<\/strong> Cath\u00e9drale Saint-Ours, Seilergasse 4, 4500 Soleure<\/p>\n<p><strong>Points de vente :<\/strong> En plus de l&#8217;achat via le site web Crime-Trail, tu peux \u00e9galement acheter le fichier dans notre point de vente externe \u00e0 Soleure : <a href=\"http:\/\/www.solothurn-city.ch\">www.solothurn-city.ch<\/a><\/p>\n<p>&nbsp;<\/p>\n<p><strong>Prix de base : CHF 40.- (pour 1-5 acc\u00e8s au jeu\/personnes)<\/strong><br \/>\nChaque personne suppl\u00e9mentaire CHF 8.-.<\/p>\n<p>Vous \u00eates plus de 5 personnes ? Dans ce cas, veuillez augmenter le nombre.<\/p>\n","protected":false},"featured_media":14128,"comment_status":"open","ping_status":"closed","template":"","meta":{"inline_featured_image":false,"site-sidebar-layout":"default","site-content-layout":"","ast-site-content-layout":"default","site-content-style":"default","site-sidebar-style":"default","ast-global-header-display":"","ast-banner-title-visibility":"","ast-main-header-display":"","ast-hfb-above-header-display":"","ast-hfb-below-header-display":"","ast-hfb-mobile-header-display":"","site-post-title":"","ast-breadcrumbs-content":"","ast-featured-img":"","footer-sml-layout":"","ast-disable-related-posts":"","theme-transparent-header-meta":"default","adv-header-id-meta":"","stick-header-meta":"default","header-above-stick-meta":"","header-main-stick-meta":"","header-below-stick-meta":"","astra-migrate-meta-layouts":"set","ast-page-background-enabled":"default","ast-page-background-meta":{"desktop":{"background-color":"var(--ast-global-color-4)","background-image":"","background-repeat":"repeat","background-position":"center center","background-size":"auto","background-attachment":"scroll","background-type":"","background-media":"","overlay-type":"","overlay-color":"","overlay-opacity":"","overlay-gradient":""},"tablet":{"background-color":"","background-image":"","background-repeat":"repeat","background-position":"center center","background-size":"auto","background-attachment":"scroll","background-type":"","background-media":"","overlay-type":"","overlay-color":"","overlay-opacity":"","overlay-gradient":""},"mobile":{"background-color":"","background-image":"","background-repeat":"repeat","background-position":"center center","background-size":"auto","background-attachment":"scroll","background-type":"","background-media":"","overlay-type":"","overlay-color":"","overlay-opacity":"","overlay-gradient":""}},"ast-content-background-meta":{"desktop":{"background-color":"var(--ast-global-color-5)","background-image":"","background-repeat":"repeat","background-position":"center center","background-size":"auto","background-attachment":"scroll","background-type":"","background-media":"","overlay-type":"","overlay-color":"","overlay-opacity":"","overlay-gradient":""},"tablet":{"background-color":"var(--ast-global-color-5)","background-image":"","background-repeat":"repeat","background-position":"center center","background-size":"auto","background-attachment":"scroll","background-type":"","background-media":"","overlay-type":"","overlay-color":"","overlay-opacity":"","overlay-gradient":""},"mobile":{"background-color":"var(--ast-global-color-5)","background-image":"","background-repeat":"repeat","background-position":"center center","background-size":"auto","background-attachment":"scroll","background-type":"","background-media":"","overlay-type":"","overlay-color":"","overlay-opacity":"","overlay-gradient":""}}},"product_brand":[],"product_cat":[45,46],"product_tag":[341,292,273,303,298,297,345,301,276,302,278,342,291,299],"class_list":{"0":"post-5775","1":"product","2":"type-product","3":"status-publish","4":"has-post-thumbnail","6":"product_cat-krimi-trails-fr","7":"product_cat-krimi-trails-kids-fr","8":"product_tag-activite","9":"product_tag-activite-familiale","10":"product_tag-ausflugstipp-fr","11":"product_tag-cadeau","12":"product_tag-celebration-de-lanniversaire","13":"product_tag-crime-trail-kids","14":"product_tag-excursion","15":"product_tag-experience-familiale","16":"product_tag-gruppenerlebnis-fr","17":"product_tag-idee-de-cadeau","18":"product_tag-krimi-trail-fr","19":"product_tag-loisir","20":"product_tag-soleure","21":"product_tag-voyage-scolaire","22":"desktop-align-center","23":"tablet-align-left","24":"mobile-align-left","25":"ast-product-gallery-layout-horizontal-slider","26":"ast-product-tabs-layout-horizontal","28":"first","29":"instock","30":"downloadable","31":"virtual","32":"taxable","33":"purchasable","34":"product-type-simple"},"_links":{"self":[{"href":"https:\/\/krimi-trails.ch\/fr\/wp-json\/wp\/v2\/product\/5775","targetHints":{"allow":["GET"]}}],"collection":[{"href":"https:\/\/krimi-trails.ch\/fr\/wp-json\/wp\/v2\/product"}],"about":[{"href":"https:\/\/krimi-trails.ch\/fr\/wp-json\/wp\/v2\/types\/product"}],"replies":[{"embeddable":true,"href":"https:\/\/krimi-trails.ch\/fr\/wp-json\/wp\/v2\/comments?post=5775"}],"version-history":[{"count":0,"href":"https:\/\/krimi-trails.ch\/fr\/wp-json\/wp\/v2\/product\/5775\/revisions"}],"wp:featuredmedia":[{"embeddable":true,"href":"https:\/\/krimi-trails.ch\/fr\/wp-json\/wp\/v2\/media\/14128"}],"wp:attachment":[{"href":"https:\/\/krimi-trails.ch\/fr\/wp-json\/wp\/v2\/media?parent=5775"}],"wp:term":[{"taxonomy":"product_brand","embeddable":true,"href":"https:\/\/krimi-trails.ch\/fr\/wp-json\/wp\/v2\/product_brand?post=5775"},{"taxonomy":"product_cat","embeddable":true,"href":"https:\/\/krimi-trails.ch\/fr\/wp-json\/wp\/v2\/product_cat?post=5775"},{"taxonomy":"product_tag","embeddable":true,"href":"https:\/\/krimi-trails.ch\/fr\/wp-json\/wp\/v2\/product_tag?post=5775"}],"curies":[{"name":"wp","href":"https:\/\/api.w.org\/{rel}","templated":true}]}}