{"id":52819,"date":"2025-10-23T14:10:22","date_gmt":"2025-10-23T12:10:22","guid":{"rendered":"https:\/\/krimi-trails.ch\/?post_type=product&#038;p=52819"},"modified":"2025-11-05T09:25:09","modified_gmt":"2025-11-05T08:25:09","slug":"crime-trails-bon-noel","status":"publish","type":"product","link":"https:\/\/krimi-trails.ch\/fr\/produit\/crime-trails-bon-noel\/","title":{"rendered":"Crime-Trails Bon: No\u00ebl"},"content":{"rendered":"<h3>Bon cadeau pour des exp\u00e9riences collectives<\/h3>\n<p>Que ce soit pour un anniversaire, la Saint-Valentin, comme cadeau ou \u00e0 No\u00ebl: Passer du temps ensemble est toujours tr\u00e8s appr\u00e9ci\u00e9. Le bon cadeau permet d&#8217;acc\u00e9der imm\u00e9diatement \u00e0 des <a href=\"https:\/\/krimi-trails.ch\/fr\/acheter-crime-trail\/localisation-des-crime-trails\/\">trails policiers vari\u00e9s dans toute la Suisse.<\/a><\/p>\n<p>Les ch\u00e8ques-cadeaux t&#8217;offrent la possibilit\u00e9 d&#8217;offrir des aventures et des exp\u00e9riences au lieu de remettre uniquement des objets mat\u00e9riels. Tu peux offrir \u00e0 tes proches des moments uniques et inoubliables. En offrant des ch\u00e8ques-cadeaux, tu favorises la collecte de souvenirs et tu cr\u00e9es des exp\u00e9riences significatives qui resteront longtemps dans les m\u00e9moires.<\/p>\n<h3>Voici comment cela fonctionne<\/h3>\n<p>Un trail co\u00fbte 40 CHF. Le\/la b\u00e9n\u00e9ficiaire du cadeau peut donc emmener encore quatre personnes. Une sortie en \u00e9quipe, que ce soit un groupe d&#8217;amis ou en famille, augmente le plaisir du jeu. En cas d&#8217;utilisation, le cr\u00e9dit du bon cadeau peut \u00e9galement \u00eatre r\u00e9parti sur plusieurs commandes. Le bon donne droit \u00e0 l&#8217;achat de <a href=\"https:\/\/krimi-trails.ch\/fr\/produkt-kategorie\/krimi-trails-fr\/\">Krimi-Trails dans toute la Suisse<\/a> au choix et d&#8217;autres produits de la boutique.<\/p>\n<h3>Particularit\u00e9s des bons Krimi-Trail<\/h3>\n<p>Ce qui rend nos ch\u00e8ques-cadeaux si sp\u00e9ciaux, c&#8217;est leur flexibilit\u00e9 et leur spontan\u00e9it\u00e9. Tu re\u00e7ois le bon cadeau imm\u00e9diatement apr\u00e8s la commande par e-mail sous forme de document PDF \u00e0 imprimer soi-m\u00eame. Les personnes qui re\u00e7oivent le ch\u00e8que-cadeau peuvent utiliser le Krimi-Trail pour d&#8217;innombrables excursions en Suisse. Sans inscription pr\u00e9alable et \u00e0 un jour et une heure enti\u00e8rement au choix, il est ainsi possible d&#8217;entamer une enqu\u00eate et de cr\u00e9er des souvenirs durables.<\/p>\n<p><strong>Nous vous souhaitons beaucoup de plaisir \u00e0 offrir le bon cadeau Krimi-Trail!<\/strong><\/p>\n","protected":false},"excerpt":{"rendered":"<p><strong>Avec un bon cadeau Crime-Trail, tu offres de beaux moments de partage.<\/strong><\/p>\n<p>Les bons sont parfaits comme: Cadeau d&#8217;anniversaire, cadeau de No\u00ebl, cadeau pour les collaborateurs, cadeau de derni\u00e8re minute, cadeau pour les amis et la famille.<\/p>\n<p><strong>C&#8217;est aussi simple que \u00e7a:<\/strong><br \/>\nCommande le nombre de bons souhait\u00e9. Tu peux t\u00e9l\u00e9charger imm\u00e9diatement le bon cadeau et l&#8217;offrir imprim\u00e9 ou au format PDF.<\/p>\n<p><strong>Combien \u00e7a co\u00fbte?<\/strong><br \/>\nUn tour d&#8217;enqu\u00eate co\u00fbte 40 CHF. Pour ce prix, le\/la b\u00e9n\u00e9ficiaire du cadeau peut emmener encore quatre personnes et partir \u00e0 <a href=\"https:\/\/krimi-trails.ch\/fr\/produkt-kategorie\/krimi-trails-fr\/\">la chasse au crime dans d&#8217;innombrables villes de Suisse<\/a>.<br \/>\nLe montant du ch\u00e8que-cadeau peut \u00eatre choisi librement et est valable de mani\u00e8re illimit\u00e9e.<br \/>\nEn cas d&#8217;utilisation, le cr\u00e9dit du bon cadeau peut \u00e9galement \u00eatre r\u00e9parti sur plusieurs commandes.<\/p>\n","protected":false},"featured_media":52831,"comment_status":"closed","ping_status":"closed","template":"","meta":{"inline_featured_image":false,"site-sidebar-layout":"default","site-content-layout":"","ast-site-content-layout":"default","site-content-style":"default","site-sidebar-style":"default","ast-global-header-display":"","ast-banner-title-visibility":"","ast-main-header-display":"","ast-hfb-above-header-display":"","ast-hfb-below-header-display":"","ast-hfb-mobile-header-display":"","site-post-title":"","ast-breadcrumbs-content":"","ast-featured-img":"","footer-sml-layout":"","ast-disable-related-posts":"","theme-transparent-header-meta":"default","adv-header-id-meta":"","stick-header-meta":"default","header-above-stick-meta":"","header-main-stick-meta":"","header-below-stick-meta":"","astra-migrate-meta-layouts":"set","ast-page-background-enabled":"default","ast-page-background-meta":{"desktop":{"background-color":"var(--ast-global-color-4)","background-image":"","background-repeat":"repeat","background-position":"center center","background-size":"auto","background-attachment":"scroll","background-type":"","background-media":"","overlay-type":"","overlay-color":"","overlay-opacity":"","overlay-gradient":""},"tablet":{"background-color":"","background-image":"","background-repeat":"repeat","background-position":"center center","background-size":"auto","background-attachment":"scroll","background-type":"","background-media":"","overlay-type":"","overlay-color":"","overlay-opacity":"","overlay-gradient":""},"mobile":{"background-color":"","background-image":"","background-repeat":"repeat","background-position":"center center","background-size":"auto","background-attachment":"scroll","background-type":"","background-media":"","overlay-type":"","overlay-color":"","overlay-opacity":"","overlay-gradient":""}},"ast-content-background-meta":{"desktop":{"background-color":"var(--ast-global-color-5)","background-image":"","background-repeat":"repeat","background-position":"center center","background-size":"auto","background-attachment":"scroll","background-type":"","background-media":"","overlay-type":"","overlay-color":"","overlay-opacity":"","overlay-gradient":""},"tablet":{"background-color":"var(--ast-global-color-5)","background-image":"","background-repeat":"repeat","background-position":"center center","background-size":"auto","background-attachment":"scroll","background-type":"","background-media":"","overlay-type":"","overlay-color":"","overlay-opacity":"","overlay-gradient":""},"mobile":{"background-color":"var(--ast-global-color-5)","background-image":"","background-repeat":"repeat","background-position":"center center","background-size":"auto","background-attachment":"scroll","background-type":"","background-media":"","overlay-type":"","overlay-color":"","overlay-opacity":"","overlay-gradient":""}}},"product_brand":[],"product_cat":[420],"product_tag":[],"class_list":{"0":"post-52819","1":"product","2":"type-product","3":"status-publish","4":"has-post-thumbnail","6":"product_cat-carte-cadeau","7":"desktop-align-center","8":"tablet-align-left","9":"mobile-align-left","10":"ast-product-gallery-layout-horizontal-slider","11":"ast-product-gallery-with-no-image","12":"ast-product-tabs-layout-horizontal","14":"first","15":"instock","16":"shipping-taxable","17":"purchasable","18":"product-type-wgm_gift_card"},"_links":{"self":[{"href":"https:\/\/krimi-trails.ch\/fr\/wp-json\/wp\/v2\/product\/52819","targetHints":{"allow":["GET"]}}],"collection":[{"href":"https:\/\/krimi-trails.ch\/fr\/wp-json\/wp\/v2\/product"}],"about":[{"href":"https:\/\/krimi-trails.ch\/fr\/wp-json\/wp\/v2\/types\/product"}],"replies":[{"embeddable":true,"href":"https:\/\/krimi-trails.ch\/fr\/wp-json\/wp\/v2\/comments?post=52819"}],"version-history":[{"count":0,"href":"https:\/\/krimi-trails.ch\/fr\/wp-json\/wp\/v2\/product\/52819\/revisions"}],"wp:featuredmedia":[{"embeddable":true,"href":"https:\/\/krimi-trails.ch\/fr\/wp-json\/wp\/v2\/media\/52831"}],"wp:attachment":[{"href":"https:\/\/krimi-trails.ch\/fr\/wp-json\/wp\/v2\/media?parent=52819"}],"wp:term":[{"taxonomy":"product_brand","embeddable":true,"href":"https:\/\/krimi-trails.ch\/fr\/wp-json\/wp\/v2\/product_brand?post=52819"},{"taxonomy":"product_cat","embeddable":true,"href":"https:\/\/krimi-trails.ch\/fr\/wp-json\/wp\/v2\/product_cat?post=52819"},{"taxonomy":"product_tag","embeddable":true,"href":"https:\/\/krimi-trails.ch\/fr\/wp-json\/wp\/v2\/product_tag?post=52819"}],"curies":[{"name":"wp","href":"https:\/\/api.w.org\/{rel}","templated":true}]}}