{"id":5080,"date":"2024-04-09T20:23:09","date_gmt":"2024-04-09T18:23:09","guid":{"rendered":"https:\/\/newsystem-krimi-trails.ch\/mentions-legales\/"},"modified":"2025-03-04T13:26:46","modified_gmt":"2025-03-04T12:26:46","slug":"mentions-legales","status":"publish","type":"page","link":"https:\/\/krimi-trails.ch\/fr\/mentions-legales\/","title":{"rendered":"Mentions l\u00e9gales"},"content":{"rendered":"\t\t<div data-elementor-type=\"wp-page\" data-elementor-id=\"5080\" class=\"elementor elementor-5080 elementor-2576\" data-elementor-post-type=\"page\">\n\t\t\t\t<div class=\"elementor-element elementor-element-accbc49 e-flex e-con-boxed e-con e-parent\" data-id=\"accbc49\" data-element_type=\"container\" data-settings=\"{&quot;jet_parallax_layout_list&quot;:[]}\">\n\t\t\t\t\t<div class=\"e-con-inner\">\n\t\t\t\t<div class=\"elementor-element elementor-element-68882c7 elementor-widget elementor-widget-heading\" data-id=\"68882c7\" data-element_type=\"widget\" data-widget_type=\"heading.default\">\n\t\t\t\t\t\t<div class=\"elementor-widget-container\">\n\t\t\t<style>\/*! elementor - v3.22.0 - 26-06-2024 *\/\n.elementor-heading-title{padding:0;margin:0;line-height:1}.elementor-widget-heading .elementor-heading-title[class*=elementor-size-]>a{color:inherit;font-size:inherit;line-height:inherit}.elementor-widget-heading .elementor-heading-title.elementor-size-small{font-size:15px}.elementor-widget-heading .elementor-heading-title.elementor-size-medium{font-size:19px}.elementor-widget-heading .elementor-heading-title.elementor-size-large{font-size:29px}.elementor-widget-heading .elementor-heading-title.elementor-size-xl{font-size:39px}.elementor-widget-heading .elementor-heading-title.elementor-size-xxl{font-size:59px}<\/style><h1 class=\"elementor-heading-title elementor-size-default\">Mentions l\u00e9gales<\/h1>\t\t<\/div>\n\t\t\t\t<\/div>\n\t\t\t\t<div class=\"elementor-element elementor-element-a8402cf elementor-widget elementor-widget-text-editor\" data-id=\"a8402cf\" data-element_type=\"widget\" data-widget_type=\"text-editor.default\">\n\t\t\t\t\t\t<div class=\"elementor-widget-container\">\n\t\t\t<style>\/*! elementor - v3.22.0 - 26-06-2024 *\/\n.elementor-widget-text-editor.elementor-drop-cap-view-stacked .elementor-drop-cap{background-color:#69727d;color:#fff}.elementor-widget-text-editor.elementor-drop-cap-view-framed .elementor-drop-cap{color:#69727d;border:3px solid;background-color:transparent}.elementor-widget-text-editor:not(.elementor-drop-cap-view-default) .elementor-drop-cap{margin-top:8px}.elementor-widget-text-editor:not(.elementor-drop-cap-view-default) .elementor-drop-cap-letter{width:1em;height:1em}.elementor-widget-text-editor .elementor-drop-cap{float:left;text-align:center;line-height:1;font-size:50px}.elementor-widget-text-editor .elementor-drop-cap-letter{display:inline-block}<\/style>\t\t\t\t<h4>Adresse de contact<\/h4><p>Krimi-Trails<br \/>c\/o MyCityHighlight AG<br \/>Talgut-Zentrum 7<br \/>3063 Ittigen<br \/>Suisse<\/p><h4>Inscription au registre du commerce<\/h4><p>Raison sociale enregistr\u00e9e : MyCityHighlight AG<br \/>Num\u00e9ro : CH-036.3.062.982-9<\/p><h4><strong>Clause de non-responsabilit\u00e9<\/strong><\/h4><p>L\u2019auteur d\u00e9cline toute responsabilit\u00e9 quant \u00e0 l\u2019exactitude, \u00e0 la pr\u00e9cision, au caract\u00e8re actuel, \u00e0 la fiabilit\u00e9 et \u00e0 l\u2019exhaustivit\u00e9 des informations fournies.<br \/>L\u2019auteur d\u00e9cline \u00e9galement toute responsabilit\u00e9 au titre de pr\u00e9judices mat\u00e9riels ou immat\u00e9riels d\u00e9coulant de la consultation ou de l\u2019utilisation ou non-utilisation des informations publi\u00e9es, d\u2019une utilisation abusive de la connexion ou de probl\u00e8mes techniques.<\/p><p>Toutes les offres sont soumises sans engagement. L\u2019auteur se r\u00e9serve express\u00e9ment le droit de modifier, compl\u00e9ter ou supprimer des parties des pages ou l\u2019ensemble de l\u2019offre sans pr\u00e9avis et de suspendre provisoirement ou d\u00e9finitivement leur publication.<\/p><h4>Responsabilit\u00e9 au titre des liens<\/h4><p>\u00c9tant donn\u00e9 que nous ne contr\u00f4lons pas les renvois et les liens menant \u00e0 des sites web de tiers, nous d\u00e9clinons toute responsabilit\u00e9 au titre de ces sites web. Les utilisateurs consultent ou utilisent ces sites web \u00e0 leurs risques et p\u00e9rils.<\/p><h4>Droits d\u2019auteur<\/h4><p>Les droits d\u2019auteur et tous les autres droits associ\u00e9s aux contenus, images, photos ou autres fichiers pr\u00e9sent\u00e9s sur le site web sont d\u00e9tenus exclusivement par\u00a0<strong>la soci\u00e9t\u00e9 MyCityHighlight AG<\/strong>\u00a0ou les titulaires mentionn\u00e9s express\u00e9ment. Il est interdit de reproduire des \u00e9l\u00e9ments sans l\u2019autorisation \u00e9crite des titulaires des droits d\u2019auteur associ\u00e9s.<\/p><h4>Proc\u00e9dure en cas de r\u00e9clamation<\/h4><p>Mode alternatif de r\u00e9solution des litiges au sens de l\u2019article 14, alin\u00e9a 1 du r\u00e8glement relatif au RLLC et de l\u2019article 36 de la loi allemande relative au r\u00e8glement des litiges de la consommation (VSBG) :<\/p><p>La Commission europ\u00e9enne met \u00e0 disposition une plateforme de r\u00e9solution en ligne des litiges (RLL) accessible \u00e0 l\u2019adresse https:\/\/ec.europa.eu\/consumers\/odr. Nous ne sommes pas tenus de ni dispos\u00e9s \u00e0 participer \u00e0 une proc\u00e9dure de r\u00e9solution de litiges devant un service de m\u00e9diation pour les consommateurs.<\/p>\t\t\t\t\t\t<\/div>\n\t\t\t\t<\/div>\n\t\t\t\t\t<\/div>\n\t\t\t\t<\/div>\n\t\t\t\t<\/div>\n\t\t","protected":false},"excerpt":{"rendered":"<p>\/*! elementor &#8211; v3.22.0 &#8211; 26-06-2024 *\/ .elementor-heading-title{padding:0;margin:0;line-height:1}.elementor-widget-heading .elementor-heading-title[class*=elementor-size-]&gt;a{color:inherit;font-size:inherit;line-height:inherit}.elementor-widget-heading .elementor-heading-title.elementor-size-small{font-size:15px}.elementor-widget-heading .elementor-heading-title.elementor-size-medium{font-size:19px}.elementor-widget-heading .elementor-heading-title.elementor-size-large{font-size:29px}.elementor-widget-heading .elementor-heading-title.elementor-size-xl{font-size:39px}.elementor-widget-heading .elementor-heading-title.elementor-size-xxl{font-size:59px} Mentions l\u00e9gales Adresse de contact Krimi-Trailsc\/o MyCityHighlight AGTalgut-Zentrum 73063 IttigenSuisse Inscription au registre du commerce Raison sociale enregistr\u00e9e : MyCityHighlight AGNum\u00e9ro : CH-036.3.062.982-9 Clause de non-responsabilit\u00e9 L\u2019auteur d\u00e9cline toute responsabilit\u00e9 quant \u00e0 l\u2019exactitude, \u00e0 la pr\u00e9cision, au caract\u00e8re actuel, \u00e0 la [&hellip;]<\/p>\n","protected":false},"author":1,"featured_media":30263,"parent":0,"menu_order":0,"comment_status":"closed","ping_status":"closed","template":"","meta":{"inline_featured_image":false,"site-sidebar-layout":"no-sidebar","site-content-layout":"page-builder","ast-site-content-layout":"full-width-container","site-content-style":"default","site-sidebar-style":"default","ast-global-header-display":"","ast-banner-title-visibility":"","ast-main-header-display":"","ast-hfb-above-header-display":"","ast-hfb-below-header-display":"","ast-hfb-mobile-header-display":"","site-post-title":"disabled","ast-breadcrumbs-content":"","ast-featured-img":"disabled","footer-sml-layout":"","ast-disable-related-posts":"","theme-transparent-header-meta":"default","adv-header-id-meta":"","stick-header-meta":"default","header-above-stick-meta":"","header-main-stick-meta":"","header-below-stick-meta":"","astra-migrate-meta-layouts":"default","ast-page-background-enabled":"default","ast-page-background-meta":{"desktop":{"background-color":"var(--ast-global-color-4)","background-image":"","background-repeat":"repeat","background-position":"center center","background-size":"auto","background-attachment":"scroll","background-type":"","background-media":"","overlay-type":"","overlay-color":"","overlay-opacity":"","overlay-gradient":""},"tablet":{"background-color":"","background-image":"","background-repeat":"repeat","background-position":"center center","background-size":"auto","background-attachment":"scroll","background-type":"","background-media":"","overlay-type":"","overlay-color":"","overlay-opacity":"","overlay-gradient":""},"mobile":{"background-color":"","background-image":"","background-repeat":"repeat","background-position":"center center","background-size":"auto","background-attachment":"scroll","background-type":"","background-media":"","overlay-type":"","overlay-color":"","overlay-opacity":"","overlay-gradient":""}},"ast-content-background-meta":{"desktop":{"background-color":"var(--ast-global-color-5)","background-image":"","background-repeat":"repeat","background-position":"center center","background-size":"auto","background-attachment":"scroll","background-type":"","background-media":"","overlay-type":"","overlay-color":"","overlay-opacity":"","overlay-gradient":""},"tablet":{"background-color":"var(--ast-global-color-5)","background-image":"","background-repeat":"repeat","background-position":"center center","background-size":"auto","background-attachment":"scroll","background-type":"","background-media":"","overlay-type":"","overlay-color":"","overlay-opacity":"","overlay-gradient":""},"mobile":{"background-color":"var(--ast-global-color-5)","background-image":"","background-repeat":"repeat","background-position":"center center","background-size":"auto","background-attachment":"scroll","background-type":"","background-media":"","overlay-type":"","overlay-color":"","overlay-opacity":"","overlay-gradient":""}},"footnotes":""},"class_list":["post-5080","page","type-page","status-publish","has-post-thumbnail","hentry"],"_links":{"self":[{"href":"https:\/\/krimi-trails.ch\/fr\/wp-json\/wp\/v2\/pages\/5080","targetHints":{"allow":["GET"]}}],"collection":[{"href":"https:\/\/krimi-trails.ch\/fr\/wp-json\/wp\/v2\/pages"}],"about":[{"href":"https:\/\/krimi-trails.ch\/fr\/wp-json\/wp\/v2\/types\/page"}],"author":[{"embeddable":true,"href":"https:\/\/krimi-trails.ch\/fr\/wp-json\/wp\/v2\/users\/1"}],"replies":[{"embeddable":true,"href":"https:\/\/krimi-trails.ch\/fr\/wp-json\/wp\/v2\/comments?post=5080"}],"version-history":[{"count":0,"href":"https:\/\/krimi-trails.ch\/fr\/wp-json\/wp\/v2\/pages\/5080\/revisions"}],"wp:featuredmedia":[{"embeddable":true,"href":"https:\/\/krimi-trails.ch\/fr\/wp-json\/wp\/v2\/media\/30263"}],"wp:attachment":[{"href":"https:\/\/krimi-trails.ch\/fr\/wp-json\/wp\/v2\/media?parent=5080"}],"curies":[{"name":"wp","href":"https:\/\/api.w.org\/{rel}","templated":true}]}}