{"id":42658,"date":"2025-05-15T10:29:07","date_gmt":"2025-05-15T08:29:07","guid":{"rendered":"https:\/\/krimi-trails.ch\/?page_id=42658"},"modified":"2025-11-04T11:38:30","modified_gmt":"2025-11-04T10:38:30","slug":"bon-de-cadeau","status":"publish","type":"page","link":"https:\/\/krimi-trails.ch\/fr\/bon-de-cadeau\/","title":{"rendered":"Bon de cadeau"},"content":{"rendered":"\t\t<div data-elementor-type=\"wp-page\" data-elementor-id=\"42658\" class=\"elementor elementor-42658\" data-elementor-post-type=\"page\">\n\t\t\t\t<div class=\"elementor-element elementor-element-7ba3f2c e-flex e-con-boxed e-con e-parent\" data-id=\"7ba3f2c\" data-element_type=\"container\" data-settings=\"{&quot;jet_parallax_layout_list&quot;:[]}\">\n\t\t\t\t\t<div class=\"e-con-inner\">\n\t\t\t\t<div class=\"elementor-element elementor-element-efd3a8a elementor-cta--layout-image-right elementor-hidden-mobile elementor-cta--skin-classic elementor-animated-content elementor-bg-transform elementor-bg-transform-zoom-in elementor-widget elementor-widget-call-to-action\" data-id=\"efd3a8a\" data-element_type=\"widget\" data-widget_type=\"call-to-action.default\">\n\t\t\t\t\t\t<div class=\"elementor-widget-container\">\n\t\t\t<link rel=\"stylesheet\" href=\"https:\/\/krimi-trails.ch\/wp-content\/plugins\/elementor-pro\/assets\/css\/widget-call-to-action.min.css\">\t\t<a class=\"elementor-cta\" href=\"https:\/\/krimi-trails.ch\/fr\/produit\/crime-trails-bon\/\">\n\t\t\t\t\t<div class=\"elementor-cta__bg-wrapper\">\n\t\t\t\t<div class=\"elementor-cta__bg elementor-bg\" style=\"background-image: url(https:\/\/krimi-trails.ch\/wp-content\/uploads\/sites\/14\/2025\/05\/fotoshooting_karlsruhe-9-e1746107014656-1.jpg);\" role=\"img\" aria-label=\"fotoshooting_karlsruhe-9-e1746107014656.jpg\"><\/div>\n\t\t\t\t<div class=\"elementor-cta__bg-overlay\"><\/div>\n\t\t\t<\/div>\n\t\t\t\t\t\t\t<div class=\"elementor-cta__content\">\n\t\t\t\t\n\t\t\t\t\t\t\t\t\t<h1 class=\"elementor-cta__title elementor-cta__content-item elementor-content-item\">\n\t\t\t\t\t\tBon cadeau Crime-Trail: Offre du suspense\t\t\t\t\t<\/h1>\n\t\t\t\t\n\t\t\t\t\n\t\t\t\t\t\t\t\t\t<div class=\"elementor-cta__button-wrapper elementor-cta__content-item elementor-content-item \">\n\t\t\t\t\t<span class=\"elementor-cta__button elementor-button elementor-size-\">\n\t\t\t\t\t\tAcheter maintenant\t\t\t\t\t<\/span>\n\t\t\t\t\t<\/div>\n\t\t\t\t\t\t\t<\/div>\n\t\t\t\t\t\t\t<div class=\"elementor-ribbon\">\n\t\t\t\t<div class=\"elementor-ribbon-inner\">Bon<\/div>\n\t\t\t<\/div>\n\t\t\t\t<\/a>\n\t\t\t\t<\/div>\n\t\t\t\t<\/div>\n\t\t\t\t<div class=\"elementor-element elementor-element-ec1404f elementor-widget elementor-widget-heading\" data-id=\"ec1404f\" data-element_type=\"widget\" data-widget_type=\"heading.default\">\n\t\t\t\t\t\t<div class=\"elementor-widget-container\">\n\t\t\t<style>\/*! elementor - v3.22.0 - 26-06-2024 *\/\n.elementor-heading-title{padding:0;margin:0;line-height:1}.elementor-widget-heading .elementor-heading-title[class*=elementor-size-]>a{color:inherit;font-size:inherit;line-height:inherit}.elementor-widget-heading .elementor-heading-title.elementor-size-small{font-size:15px}.elementor-widget-heading .elementor-heading-title.elementor-size-medium{font-size:19px}.elementor-widget-heading .elementor-heading-title.elementor-size-large{font-size:29px}.elementor-widget-heading .elementor-heading-title.elementor-size-xl{font-size:39px}.elementor-widget-heading .elementor-heading-title.elementor-size-xxl{font-size:59px}<\/style><h2 class=\"elementor-heading-title elementor-size-default\">Le cadeau id\u00e9al pour les aventuriers et les fans d'\u00e9nigmes !\n<\/h2>\t\t<\/div>\n\t\t\t\t<\/div>\n\t\t\t\t<div class=\"elementor-element elementor-element-1ac00e3 elementor-widget elementor-widget-text-editor\" data-id=\"1ac00e3\" data-element_type=\"widget\" data-widget_type=\"text-editor.default\">\n\t\t\t\t\t\t<div class=\"elementor-widget-container\">\n\t\t\t<style>\/*! elementor - v3.22.0 - 26-06-2024 *\/\n.elementor-widget-text-editor.elementor-drop-cap-view-stacked .elementor-drop-cap{background-color:#69727d;color:#fff}.elementor-widget-text-editor.elementor-drop-cap-view-framed .elementor-drop-cap{color:#69727d;border:3px solid;background-color:transparent}.elementor-widget-text-editor:not(.elementor-drop-cap-view-default) .elementor-drop-cap{margin-top:8px}.elementor-widget-text-editor:not(.elementor-drop-cap-view-default) .elementor-drop-cap-letter{width:1em;height:1em}.elementor-widget-text-editor .elementor-drop-cap{float:left;text-align:center;line-height:1;font-size:50px}.elementor-widget-text-editor .elementor-drop-cap-letter{display:inline-block}<\/style>\t\t\t\t<p>Offrir un cadeau n&#8217;a jamais \u00e9t\u00e9 si passionnant! Tu cherches un cadeau qui surprendra, enthousiasmera et restera dans les m\u00e9moires? Avec un bon cadeau Crime-Trail, tu n&#8217;offres pas seulement une exp\u00e9rience, mais une journ\u00e9e enti\u00e8re de sensations fortes, de plaisir de l&#8217;\u00e9nigme et d&#8217;aventure <a href=\"https:\/\/krimi-trails.ch\/fr\/acheter-crime-trail\/localisation-des-crime-trails\/\">dans la ville de ton choix<\/a>. Que ce soit pour un anniversaire, pour No\u00ebl ou simplement comme attention particuli\u00e8re, un bon cadeau de Krimi-Trails est toujours une bonne id\u00e9e!<\/p>\t\t\t\t\t\t<\/div>\n\t\t\t\t<\/div>\n\t\t\t\t<div class=\"elementor-element elementor-element-99ae2cd elementor-widget elementor-widget-jet-woo-products\" data-id=\"99ae2cd\" data-element_type=\"widget\" data-settings=\"{&quot;columns_mobile&quot;:&quot;1&quot;,&quot;columns&quot;:4}\" data-widget_type=\"jet-woo-products.default\">\n\t\t\t\t\t\t<div class=\"elementor-widget-container\">\n\t\t\t<div class=\"elementor-jet-woo-products jet-woo-builder\"><div class=\"jet-woo-products jet-woo-products--preset-1 col-row  \" data-mobile-hover=\"\" >\n<div class=\"jet-woo-products__item jet-woo-builder-product\" data-product-id=\"52819\">\n\t<div class=\"jet-woo-products__inner-box jet-woo-item-overlay-wrap\" data-url=\"https:\/\/krimi-trails.ch\/fr\/produit\/crime-trails-bon-noel\/\" >\n\t\t\n<div class=\"jet-woo-product-thumbnail\">\n\t\n\t<img fetchpriority=\"high\" decoding=\"async\" width=\"300\" height=\"300\" src=\"https:\/\/krimi-trails.ch\/wp-content\/uploads\/sites\/14\/2025\/10\/Gutschein-Weihnachten-FR-300x300.png\" class=\"attachment-woocommerce_thumbnail size-woocommerce_thumbnail\" alt=\"\" srcset=\"https:\/\/krimi-trails.ch\/wp-content\/uploads\/sites\/14\/2025\/10\/Gutschein-Weihnachten-FR-300x300.png 300w, https:\/\/krimi-trails.ch\/wp-content\/uploads\/sites\/14\/2025\/10\/Gutschein-Weihnachten-FR-150x150.png 150w, https:\/\/krimi-trails.ch\/wp-content\/uploads\/sites\/14\/2025\/10\/Gutschein-Weihnachten-FR-100x100.png 100w\" sizes=\"(max-width: 300px) 100vw, 300px\" \/>\n\t<div class=\"jet-woo-product-img-overlay\"><\/div>\n\n\t\n\t<\/div><h5 class=\"jet-woo-product-title\" ><a href=\"https:\/\/krimi-trails.ch\/fr\/produit\/crime-trails-bon-noel\/\" >Crime-Trails Bon: No\u00ebl<\/a><\/h5>\n<div class=\"jet-woo-products-cqw-wrapper\">\n\t<\/div>\t<\/div>\n\n\t\t\t<a href=\"https:\/\/krimi-trails.ch\/fr\/produit\/crime-trails-bon-noel\/\" class=\"jet-woo-item-overlay-link\"  ><\/a>\n\t<\/div>\n<div class=\"jet-woo-products__item jet-woo-builder-product\" data-product-id=\"42030\">\n\t<div class=\"jet-woo-products__inner-box jet-woo-item-overlay-wrap\" data-url=\"https:\/\/krimi-trails.ch\/fr\/produit\/crime-trails-bon-chat\/\" >\n\t\t\n<div class=\"jet-woo-product-thumbnail\">\n\t\n\t<img decoding=\"async\" width=\"300\" height=\"300\" src=\"https:\/\/krimi-trails.ch\/wp-content\/uploads\/sites\/14\/2025\/05\/chat-bon-crime-trails-300x300.jpg\" class=\"attachment-woocommerce_thumbnail size-woocommerce_thumbnail\" alt=\"\" srcset=\"https:\/\/krimi-trails.ch\/wp-content\/uploads\/sites\/14\/2025\/05\/chat-bon-crime-trails-300x300.jpg 300w, https:\/\/krimi-trails.ch\/wp-content\/uploads\/sites\/14\/2025\/05\/chat-bon-crime-trails-150x150.jpg 150w, https:\/\/krimi-trails.ch\/wp-content\/uploads\/sites\/14\/2025\/05\/chat-bon-crime-trails-768x768.jpg 768w, https:\/\/krimi-trails.ch\/wp-content\/uploads\/sites\/14\/2025\/05\/chat-bon-crime-trails-600x600.jpg 600w, https:\/\/krimi-trails.ch\/wp-content\/uploads\/sites\/14\/2025\/05\/chat-bon-crime-trails-100x100.jpg 100w, https:\/\/krimi-trails.ch\/wp-content\/uploads\/sites\/14\/2025\/05\/chat-bon-crime-trails.jpg 800w\" sizes=\"(max-width: 300px) 100vw, 300px\" \/>\n\t<div class=\"jet-woo-product-img-overlay\"><\/div>\n\n\t\n\t<\/div><h5 class=\"jet-woo-product-title\" ><a href=\"https:\/\/krimi-trails.ch\/fr\/produit\/crime-trails-bon-chat\/\" >Crime-Trails Bon: Chat<\/a><\/h5>\n<div class=\"jet-woo-products-cqw-wrapper\">\n\t<\/div>\t<\/div>\n\n\t\t\t<a href=\"https:\/\/krimi-trails.ch\/fr\/produit\/crime-trails-bon-chat\/\" class=\"jet-woo-item-overlay-link\"  ><\/a>\n\t<\/div>\n<div class=\"jet-woo-products__item jet-woo-builder-product\" data-product-id=\"30194\">\n\t<div class=\"jet-woo-products__inner-box jet-woo-item-overlay-wrap\" data-url=\"https:\/\/krimi-trails.ch\/fr\/produit\/crime-trails-bon\/\" >\n\t\t\n<div class=\"jet-woo-product-thumbnail\">\n\t\n\t<img decoding=\"async\" width=\"300\" height=\"300\" src=\"https:\/\/krimi-trails.ch\/wp-content\/uploads\/sites\/14\/2024\/09\/Krimi-Trail-Geschenkkarte-Template-DE-300x300.jpg\" class=\"attachment-woocommerce_thumbnail size-woocommerce_thumbnail\" alt=\"Krimi-Trail-Geschenkkarte-Template-DE\" srcset=\"https:\/\/krimi-trails.ch\/wp-content\/uploads\/sites\/14\/2024\/09\/Krimi-Trail-Geschenkkarte-Template-DE-300x300.jpg 300w, https:\/\/krimi-trails.ch\/wp-content\/uploads\/sites\/14\/2024\/09\/Krimi-Trail-Geschenkkarte-Template-DE-150x150.jpg 150w, https:\/\/krimi-trails.ch\/wp-content\/uploads\/sites\/14\/2024\/09\/Krimi-Trail-Geschenkkarte-Template-DE-100x100.jpg 100w\" sizes=\"(max-width: 300px) 100vw, 300px\" \/>\n\t<div class=\"jet-woo-product-img-overlay\"><\/div>\n\n\t\n\t<\/div><h5 class=\"jet-woo-product-title\" ><a href=\"https:\/\/krimi-trails.ch\/fr\/produit\/crime-trails-bon\/\" >Crime-Trails Bon<\/a><\/h5>\n<div class=\"jet-woo-products-cqw-wrapper\">\n\t<\/div>\t<\/div>\n\n\t\t\t<a href=\"https:\/\/krimi-trails.ch\/fr\/produit\/crime-trails-bon\/\" class=\"jet-woo-item-overlay-link\"  ><\/a>\n\t<\/div><\/div>\n<\/div>\t\t<\/div>\n\t\t\t\t<\/div>\n\t\t\t\t<div class=\"elementor-element elementor-element-25a2c74 elementor-widget elementor-widget-heading\" data-id=\"25a2c74\" data-element_type=\"widget\" data-widget_type=\"heading.default\">\n\t\t\t\t\t\t<div class=\"elementor-widget-container\">\n\t\t\t<h3 class=\"elementor-heading-title elementor-size-default\">Pourquoi un bon pour un Crime-Trail?<\/h3>\t\t<\/div>\n\t\t\t\t<\/div>\n\t\t\t\t<div class=\"elementor-element elementor-element-2d4ab32 elementor-widget elementor-widget-text-editor\" data-id=\"2d4ab32\" data-element_type=\"widget\" data-widget_type=\"text-editor.default\">\n\t\t\t\t\t\t<div class=\"elementor-widget-container\">\n\t\t\t\t\t\t\t<p>Un bon pour un parcours policier est bien plus qu&#8217;un cadeau traditionnel &#8211; c&#8217;est une invitation dans le monde des enqu\u00eates! Les b\u00e9n\u00e9ficiaires se glissent dans le r\u00f4le d&#8217;enqu\u00eateurs, suivent des pistes, interrogent des t\u00e9moins fictifs et r\u00e9solvent des affaires criminelles passionnantes dans des villes r\u00e9elles. Id\u00e9al pour les fans d&#8217;\u00e9nigmes, les amateurs de d\u00e9tectives et tous ceux qui aiment les activit\u00e9s en plein air.<br \/>L&#8217;avantage d&#8217;un bon cadeau Crime-Trails, c&#8217;est qu&#8217;il est flexible. Les b\u00e9n\u00e9ficiaires peuvent d\u00e9cider eux-m\u00eames quand et o\u00f9 ils souhaitent r\u00e9soudre leur affaire. Le bon cadeau peut \u00eatre facilement utilis\u00e9 en ligne, et l&#8217;aventure peut commencer.<\/p><ul><li>Disponible imm\u00e9diatement &#8211; bon d&#8217;achat en ligne au format PDF<\/li><li>Une exp\u00e9rience inoubliable: suspense, jeu et v\u00e9ritable ambiance d&#8217;enqu\u00eate garantis<\/li><li>Utilisation flexible: valides pour <a href=\"https:\/\/krimi-trails.ch\/fr\/acheter-crime-trail\/localisation-des-crime-trails\/\">tous les Crime-Trails en Suisse<\/a><\/li><li>Utilisation simple: \u00e9changer le bon cadeau en ligne, choisir l&#8217;affaire, mener l&#8217;enqu\u00eate!<\/li><\/ul>\t\t\t\t\t\t<\/div>\n\t\t\t\t<\/div>\n\t\t\t\t<div class=\"elementor-element elementor-element-bf38a7d elementor-widget elementor-widget-button\" data-id=\"bf38a7d\" data-element_type=\"widget\" data-widget_type=\"button.default\">\n\t\t\t\t\t\t<div class=\"elementor-widget-container\">\n\t\t\t\t\t<div class=\"elementor-button-wrapper\">\n\t\t\t<a class=\"elementor-button elementor-button-link elementor-size-sm\" href=\"https:\/\/krimi-trails.ch\/fr\/produit\/crime-trails-bon\/\">\n\t\t\t\t\t\t<span class=\"elementor-button-content-wrapper\">\n\t\t\t\t\t\t\t\t\t<span class=\"elementor-button-text\">Offrir un bon maintenant<\/span>\n\t\t\t\t\t<\/span>\n\t\t\t\t\t<\/a>\n\t\t<\/div>\n\t\t\t\t<\/div>\n\t\t\t\t<\/div>\n\t\t\t\t<div class=\"elementor-element elementor-element-2f5c630 elementor-widget elementor-widget-heading\" data-id=\"2f5c630\" data-element_type=\"widget\" data-widget_type=\"heading.default\">\n\t\t\t\t\t\t<div class=\"elementor-widget-container\">\n\t\t\t<h3 class=\"elementor-heading-title elementor-size-default\">Cadeau cr\u00e9atif et personnalis\u00e9 pour vos coll\u00e8gues\n<\/h3>\t\t<\/div>\n\t\t\t\t<\/div>\n\t\t\t\t<div class=\"elementor-element elementor-element-569e258 elementor-widget elementor-widget-text-editor\" data-id=\"569e258\" data-element_type=\"widget\" data-widget_type=\"text-editor.default\">\n\t\t\t\t\t\t<div class=\"elementor-widget-container\">\n\t\t\t\t\t\t\t<p>Un bon cadeau est particuli\u00e8rement appr\u00e9ci\u00e9 lorsqu&#8217;il est personnalis\u00e9. \u00c0 partir de 10 bons d&#8217;une valeur de 40 CHF chacun, vous avez la possibilit\u00e9 de les personnaliser selon vos envies.<\/p><ul><li>Avec un logo ou une photo<\/li><li>Avec le motif de votre choix<\/li><li>Avec un message personnel<\/li><\/ul><p>Chaque cadeau devient ainsi un v\u00e9ritable moment fort.<\/p>\t\t\t\t\t\t<\/div>\n\t\t\t\t<\/div>\n\t\t\t\t<div class=\"elementor-element elementor-element-ff0da68 elementor-widget elementor-widget-button\" data-id=\"ff0da68\" data-element_type=\"widget\" data-widget_type=\"button.default\">\n\t\t\t\t\t\t<div class=\"elementor-widget-container\">\n\t\t\t\t\t<div class=\"elementor-button-wrapper\">\n\t\t\t<a class=\"elementor-button elementor-button-link elementor-size-sm\" href=\"mailto:%20info@krimi-trails.ch\">\n\t\t\t\t\t\t<span class=\"elementor-button-content-wrapper\">\n\t\t\t\t\t\t\t\t\t<span class=\"elementor-button-text\">Personnaliser le bon cadeau<\/span>\n\t\t\t\t\t<\/span>\n\t\t\t\t\t<\/a>\n\t\t<\/div>\n\t\t\t\t<\/div>\n\t\t\t\t<\/div>\n\t\t\t\t<div class=\"elementor-element elementor-element-890ef44 elementor-widget elementor-widget-heading\" data-id=\"890ef44\" data-element_type=\"widget\" data-widget_type=\"heading.default\">\n\t\t\t\t\t\t<div class=\"elementor-widget-container\">\n\t\t\t<h4 class=\"elementor-heading-title elementor-size-default\">Une exp\u00e9rience commune<\/h4>\t\t<\/div>\n\t\t\t\t<\/div>\n\t\t\t\t<div class=\"elementor-element elementor-element-21d0dcb elementor-widget elementor-widget-text-editor\" data-id=\"21d0dcb\" data-element_type=\"widget\" data-widget_type=\"text-editor.default\">\n\t\t\t\t\t\t<div class=\"elementor-widget-container\">\n\t\t\t\t\t\t\t<p>Si vous connaissez quelqu&#8217;un qui aime se plonger dans des livres passionnants, d\u00e9vorer des s\u00e9ries polici\u00e8res ou simplement vivre quelque chose de diff\u00e9rent, alors un bon cadeau Crime-Trail est exactement ce qu&#8217;il vous faut. Vous offrez ainsi non seulement une journ\u00e9e divertissante, mais aussi une v\u00e9ritable aventure qui restera grav\u00e9e dans les m\u00e9moires.<\/p><p>Faites plaisir \u00e0 vos proches et offrez-leur une exp\u00e9rience qui stimule l&#8217;esprit tout en \u00e9tant tr\u00e8s divertissante. Avec un bon cadeau Crime-Trails, vous \u00eates s\u00fbr de faire plaisir, car qui pourrait r\u00e9sister \u00e0 une enqu\u00eate polici\u00e8re passionnante?<\/p>\t\t\t\t\t\t<\/div>\n\t\t\t\t<\/div>\n\t\t\t\t\t<\/div>\n\t\t\t\t<\/div>\n\t\t\t\t<\/div>\n\t\t","protected":false},"excerpt":{"rendered":"<p>Bon cadeau Crime-Trail: Offre du suspense Acheter maintenant Bon \/*! elementor &#8211; v3.22.0 &#8211; 26-06-2024 *\/ .elementor-heading-title{padding:0;margin:0;line-height:1}.elementor-widget-heading .elementor-heading-title[class*=elementor-size-]&gt;a{color:inherit;font-size:inherit;line-height:inherit}.elementor-widget-heading .elementor-heading-title.elementor-size-small{font-size:15px}.elementor-widget-heading .elementor-heading-title.elementor-size-medium{font-size:19px}.elementor-widget-heading .elementor-heading-title.elementor-size-large{font-size:29px}.elementor-widget-heading .elementor-heading-title.elementor-size-xl{font-size:39px}.elementor-widget-heading .elementor-heading-title.elementor-size-xxl{font-size:59px} Le cadeau id\u00e9al pour les aventuriers et les fans d&#8217;\u00e9nigmes ! Offrir un cadeau n&#8217;a jamais \u00e9t\u00e9 si passionnant! Tu cherches un cadeau qui surprendra, enthousiasmera et restera dans les m\u00e9moires? Avec [&hellip;]<\/p>\n","protected":false},"author":28430,"featured_media":0,"parent":0,"menu_order":0,"comment_status":"closed","ping_status":"closed","template":"","meta":{"inline_featured_image":false,"site-sidebar-layout":"no-sidebar","site-content-layout":"page-builder","ast-site-content-layout":"full-width-container","site-content-style":"default","site-sidebar-style":"default","ast-global-header-display":"","ast-banner-title-visibility":"","ast-main-header-display":"","ast-hfb-above-header-display":"","ast-hfb-below-header-display":"","ast-hfb-mobile-header-display":"","site-post-title":"disabled","ast-breadcrumbs-content":"","ast-featured-img":"disabled","footer-sml-layout":"","ast-disable-related-posts":"","theme-transparent-header-meta":"default","adv-header-id-meta":"","stick-header-meta":"default","header-above-stick-meta":"","header-main-stick-meta":"","header-below-stick-meta":"","astra-migrate-meta-layouts":"set","ast-page-background-enabled":"default","ast-page-background-meta":{"desktop":{"background-color":"var(--ast-global-color-4)","background-image":"","background-repeat":"repeat","background-position":"center center","background-size":"auto","background-attachment":"scroll","background-type":"","background-media":"","overlay-type":"","overlay-color":"","overlay-opacity":"","overlay-gradient":""},"tablet":{"background-color":"","background-image":"","background-repeat":"repeat","background-position":"center center","background-size":"auto","background-attachment":"scroll","background-type":"","background-media":"","overlay-type":"","overlay-color":"","overlay-opacity":"","overlay-gradient":""},"mobile":{"background-color":"","background-image":"","background-repeat":"repeat","background-position":"center center","background-size":"auto","background-attachment":"scroll","background-type":"","background-media":"","overlay-type":"","overlay-color":"","overlay-opacity":"","overlay-gradient":""}},"ast-content-background-meta":{"desktop":{"background-color":"var(--ast-global-color-5)","background-image":"","background-repeat":"repeat","background-position":"center center","background-size":"auto","background-attachment":"scroll","background-type":"","background-media":"","overlay-type":"","overlay-color":"","overlay-opacity":"","overlay-gradient":""},"tablet":{"background-color":"var(--ast-global-color-5)","background-image":"","background-repeat":"repeat","background-position":"center center","background-size":"auto","background-attachment":"scroll","background-type":"","background-media":"","overlay-type":"","overlay-color":"","overlay-opacity":"","overlay-gradient":""},"mobile":{"background-color":"var(--ast-global-color-5)","background-image":"","background-repeat":"repeat","background-position":"center center","background-size":"auto","background-attachment":"scroll","background-type":"","background-media":"","overlay-type":"","overlay-color":"","overlay-opacity":"","overlay-gradient":""}},"footnotes":""},"class_list":["post-42658","page","type-page","status-publish","hentry"],"_links":{"self":[{"href":"https:\/\/krimi-trails.ch\/fr\/wp-json\/wp\/v2\/pages\/42658","targetHints":{"allow":["GET"]}}],"collection":[{"href":"https:\/\/krimi-trails.ch\/fr\/wp-json\/wp\/v2\/pages"}],"about":[{"href":"https:\/\/krimi-trails.ch\/fr\/wp-json\/wp\/v2\/types\/page"}],"author":[{"embeddable":true,"href":"https:\/\/krimi-trails.ch\/fr\/wp-json\/wp\/v2\/users\/28430"}],"replies":[{"embeddable":true,"href":"https:\/\/krimi-trails.ch\/fr\/wp-json\/wp\/v2\/comments?post=42658"}],"version-history":[{"count":0,"href":"https:\/\/krimi-trails.ch\/fr\/wp-json\/wp\/v2\/pages\/42658\/revisions"}],"wp:attachment":[{"href":"https:\/\/krimi-trails.ch\/fr\/wp-json\/wp\/v2\/media?parent=42658"}],"curies":[{"name":"wp","href":"https:\/\/api.w.org\/{rel}","templated":true}]}}