{"id":2391,"date":"2024-04-09T08:56:58","date_gmt":"2024-04-09T06:56:58","guid":{"rendered":"https:\/\/newsystem-krimi-trails.ch\/?page_id=2391"},"modified":"2024-11-27T07:47:24","modified_gmt":"2024-11-27T06:47:24","slug":"solutions-crime-trail","status":"publish","type":"page","link":"https:\/\/krimi-trails.ch\/fr\/solutions-crime-trail\/","title":{"rendered":"Solutions Crime-Trail"},"content":{"rendered":"\t\t<div data-elementor-type=\"wp-page\" data-elementor-id=\"2391\" class=\"elementor elementor-2391 elementor-2389\" data-elementor-post-type=\"page\">\n\t\t\t\t<div class=\"elementor-element elementor-element-6455209 e-flex e-con-boxed e-con e-parent\" data-id=\"6455209\" data-element_type=\"container\" data-settings=\"{&quot;jet_parallax_layout_list&quot;:[]}\">\n\t\t\t\t\t<div class=\"e-con-inner\">\n\t\t\t\t<div class=\"elementor-element elementor-element-b65ce21 elementor-widget elementor-widget-heading\" data-id=\"b65ce21\" data-element_type=\"widget\" data-widget_type=\"heading.default\">\n\t\t\t\t\t\t<div class=\"elementor-widget-container\">\n\t\t\t<style>\/*! elementor - v3.22.0 - 26-06-2024 *\/\n.elementor-heading-title{padding:0;margin:0;line-height:1}.elementor-widget-heading .elementor-heading-title[class*=elementor-size-]>a{color:inherit;font-size:inherit;line-height:inherit}.elementor-widget-heading .elementor-heading-title.elementor-size-small{font-size:15px}.elementor-widget-heading .elementor-heading-title.elementor-size-medium{font-size:19px}.elementor-widget-heading .elementor-heading-title.elementor-size-large{font-size:29px}.elementor-widget-heading .elementor-heading-title.elementor-size-xl{font-size:39px}.elementor-widget-heading .elementor-heading-title.elementor-size-xxl{font-size:59px}<\/style><h1 class=\"elementor-heading-title elementor-size-default\">Solutions Crime-Trails<\/h1>\t\t<\/div>\n\t\t\t\t<\/div>\n\t\t\t\t<div class=\"elementor-element elementor-element-e5b96fa elementor-widget elementor-widget-text-editor\" data-id=\"e5b96fa\" data-element_type=\"widget\" data-widget_type=\"text-editor.default\">\n\t\t\t\t\t\t<div class=\"elementor-widget-container\">\n\t\t\t<style>\/*! elementor - v3.22.0 - 26-06-2024 *\/\n.elementor-widget-text-editor.elementor-drop-cap-view-stacked .elementor-drop-cap{background-color:#69727d;color:#fff}.elementor-widget-text-editor.elementor-drop-cap-view-framed .elementor-drop-cap{color:#69727d;border:3px solid;background-color:transparent}.elementor-widget-text-editor:not(.elementor-drop-cap-view-default) .elementor-drop-cap{margin-top:8px}.elementor-widget-text-editor:not(.elementor-drop-cap-view-default) .elementor-drop-cap-letter{width:1em;height:1em}.elementor-widget-text-editor .elementor-drop-cap{float:left;text-align:center;line-height:1;font-size:50px}.elementor-widget-text-editor .elementor-drop-cap-letter{display:inline-block}<\/style>\t\t\t\t<p>Tu ne trouves pas la solution d&#8217;un poste ou tu n&#8217;arrives pas \u00e0 t\u00e9l\u00e9charger ton dossier criminel ? Ci-dessous, tu trouveras les dossiers criminels en format pdf. Sur la page de garde des dossiers criminels, tu trouveras les solutions des diff\u00e9rents postes. Cela n&#8217;est PAS valable pour les Krimi-Trails light (car il n&#8217;y a pas d&#8217;\u00e9nigmes \u00e0 r\u00e9soudre). Pour les Krimi-Trails light, seuls les dossiers eux-m\u00eames sont mis en ligne.<\/p><p><strong>Signaler une erreur et recevoir un bon d&#8217;achat Crime-Trail :<\/strong> Si tu es d&#8217;avis qu&#8217;une \u00e9nigme ne peut pas \u00eatre r\u00e9solue, nous serions tr\u00e8s heureux que tu nous en fasses part \u00e0 <a href=\"mailto:info@krimi-trails.ch\">info@krimi-trails.ch<\/a>. En guise de remerciement, tu recevras un bon pour ta prochaine aventure polici\u00e8re gratuite.<\/p><p><strong>Remarque pour les personnes qui ont encore achet\u00e9 un (ancien) Crime-Trail avec le code mandat d&#8217;arr\u00eat :<\/strong> Pour confondre le coupable, rendez-vous sur la page du <a href=\"https:\/\/krimi-trails.ch\/fr\/mandat-darret-ancien-site-web\/\">mandat d&#8217;arr\u00eat<\/a> (au lieu de vous connecter sur le site) et suivez les instructions.<\/p>\t\t\t\t\t\t<\/div>\n\t\t\t\t<\/div>\n\t\t\t\t<div class=\"elementor-element elementor-element-ac973dd elementor-widget elementor-widget-text-editor\" data-id=\"ac973dd\" data-element_type=\"widget\" data-widget_type=\"text-editor.default\">\n\t\t\t\t\t\t<div class=\"elementor-widget-container\">\n\t\t\t\t\t\t\t<p><strong>Original Crimi-Trails pour adultes:<\/strong><\/p><ul><li><a href=\"https:\/\/krimi-trails.ch\/wp-content\/uploads\/sites\/14\/2024\/07\/Avenches-dossier-criminel.pdf\">Avenches<\/a><\/li><li><a href=\"https:\/\/krimi-trails.ch\/wp-content\/uploads\/sites\/14\/2024\/07\/Berne-dossier-criminel.pdf\">Berne<\/a><\/li><li><a href=\"https:\/\/krimi-trails.ch\/wp-content\/uploads\/sites\/14\/2024\/07\/Bienne-dossier-criminel.pdf\">Bienne<\/a><\/li><li><a href=\"https:\/\/krimi-trails.ch\/wp-content\/uploads\/sites\/14\/2024\/07\/Brigue-dossier-criminel.pdf\">Brigue<\/a><\/li><li><a href=\"https:\/\/krimi-trails.ch\/wp-content\/uploads\/sites\/14\/2024\/08\/Estavayer-dossier-criminel.pdf\">Estavayer-le-Lac<\/a><\/li><li><a href=\"https:\/\/krimi-trails.ch\/wp-content\/uploads\/sites\/14\/2024\/07\/Fribourg-dossier-criminel.pdf\">Fribourg<\/a><\/li><li><a href=\"https:\/\/krimi-trails.ch\/wp-content\/uploads\/sites\/14\/2024\/08\/Gleresse-dossier-criminel.pdf\">Gl\u00e9resse<\/a><\/li><li><a href=\"https:\/\/krimi-trails.ch\/wp-content\/uploads\/sites\/14\/2024\/07\/Lausanne-dossier-criminel.pdf\">Lausanne<\/a><\/li><li><a href=\"https:\/\/krimi-trails.ch\/wp-content\/uploads\/sites\/14\/2024\/07\/Lucerne-dossier-criminel.pdf\">Lucerne<\/a><\/li><li><a href=\"https:\/\/krimi-trails.ch\/wp-content\/uploads\/sites\/14\/2024\/08\/Montreux-dossier-criminel.pdf\">Montreux<\/a><\/li><li><a href=\"https:\/\/krimi-trails.ch\/wp-content\/uploads\/sites\/14\/2024\/07\/Morat-dossier-criminel.pdf\">Morat<\/a><\/li><li><a href=\"https:\/\/krimi-trails.ch\/wp-content\/uploads\/sites\/14\/2024\/07\/Morschach-dossier-criminel.pdf\">Morschach<\/a><\/li><li><a href=\"https:\/\/krimi-trails.ch\/wp-content\/uploads\/sites\/14\/2024\/07\/Neuchatel-dossier-criminel.pdf\">Neuch\u00e2tel<\/a><\/li><li><a href=\"https:\/\/krimi-trails.ch\/wp-content\/uploads\/sites\/14\/2024\/07\/Payerne-dossier-criminel.pdf\">Payerne<\/a><\/li><li><a href=\"https:\/\/krimi-trails.ch\/wp-content\/uploads\/sites\/14\/2024\/08\/Romont-dossier-criminel.pdf\">Romont<\/a><\/li><li><a href=\"https:\/\/krimi-trails.ch\/wp-content\/uploads\/sites\/14\/2024\/08\/Sion-dossier-criminel.pdf\">Sion<\/a><\/li><li><a href=\"https:\/\/krimi-trails.ch\/wp-content\/uploads\/sites\/14\/2024\/06\/Soleure-dossier-criminel.pdf\">Soleure<\/a><\/li><li><a href=\"https:\/\/krimi-trails.ch\/wp-content\/uploads\/sites\/14\/2024\/07\/Winterthour-dossier-criminel.pdf\">Winterthour<\/a><\/li><li><a href=\"https:\/\/krimi-trails.ch\/wp-content\/uploads\/sites\/14\/2024\/08\/Yverdon-dossier-criminel.pdf\">Yverdon-les-Bains<\/a><\/li><\/ul><p><strong>Crimi-Trails Kids pour les enfants:<\/strong><\/p><ul><li><a href=\"https:\/\/krimi-trails.ch\/wp-content\/uploads\/sites\/14\/2024\/07\/Bienne-Kids-dossier-criminel.pdf\">Bienne<\/a><\/li><li><a href=\"https:\/\/krimi-trails.ch\/wp-content\/uploads\/sites\/14\/2024\/07\/Morschach-Kids-dossier-criminel.pdf\">Morschach<\/a><\/li><li><a href=\"https:\/\/krimi-trails.ch\/wp-content\/uploads\/sites\/14\/2024\/07\/Soleure-Kids-dossier-criminel.pdf\">Soleure<\/a><\/li><\/ul><p><strong>Crime-Trails light<\/strong><\/p><p><strong>Important :<\/strong> comme il n&#8217;y a pas d&#8217;\u00e9nigmes \u00e0 r\u00e9soudre dans les Crime-Trails light, aucune solution n&#8217;est disponible ici. Ci-dessous, tu trouveras les liens vers les dossiers criminels.<\/p><ul><li><a href=\"https:\/\/krimi-trails.ch\/wp-content\/uploads\/sites\/14\/2024\/08\/Lyss-light-dossier-criminel.pdf\">Lyss light (promenade criminelle)<\/a><\/li><li><a href=\"https:\/\/krimi-trails.ch\/wp-content\/uploads\/sites\/14\/2024\/08\/Morges-light-dossier-criminel.pdf\">Morges light (promenade criminelle)<\/a><\/li><li><a href=\"https:\/\/krimi-trails.ch\/wp-content\/uploads\/sites\/14\/2024\/08\/Soleure-light-dossier-criminel.pdf\">Soleure light (promenade criminelle)<\/a><\/li><li><a href=\"https:\/\/krimi-trails.ch\/wp-content\/uploads\/sites\/14\/2024\/08\/Vevey-light-dossier-criminel.pdf\">Vevey light (promenade criminelle)<\/a><\/li><li><a href=\"https:\/\/krimi-trails.ch\/wp-content\/uploads\/sites\/14\/2024\/08\/Soleure-light-dossier-criminel.pdf\">Soleure light (promenade criminelle)<\/a><\/li><\/ul>\t\t\t\t\t\t<\/div>\n\t\t\t\t<\/div>\n\t\t\t\t\t<\/div>\n\t\t\t\t<\/div>\n\t\t\t\t<\/div>\n\t\t","protected":false},"excerpt":{"rendered":"<p>\/*! elementor &#8211; v3.22.0 &#8211; 26-06-2024 *\/ .elementor-heading-title{padding:0;margin:0;line-height:1}.elementor-widget-heading .elementor-heading-title[class*=elementor-size-]&gt;a{color:inherit;font-size:inherit;line-height:inherit}.elementor-widget-heading .elementor-heading-title.elementor-size-small{font-size:15px}.elementor-widget-heading .elementor-heading-title.elementor-size-medium{font-size:19px}.elementor-widget-heading .elementor-heading-title.elementor-size-large{font-size:29px}.elementor-widget-heading .elementor-heading-title.elementor-size-xl{font-size:39px}.elementor-widget-heading .elementor-heading-title.elementor-size-xxl{font-size:59px} Solutions Crime-Trails Tu ne trouves pas la solution d&#8217;un poste ou tu n&#8217;arrives pas \u00e0 t\u00e9l\u00e9charger ton dossier criminel ? Ci-dessous, tu trouveras les dossiers criminels en format pdf. Sur la page de garde des dossiers criminels, tu trouveras les solutions [&hellip;]<\/p>\n","protected":false},"author":1,"featured_media":0,"parent":0,"menu_order":0,"comment_status":"closed","ping_status":"closed","template":"","meta":{"inline_featured_image":false,"site-sidebar-layout":"no-sidebar","site-content-layout":"page-builder","ast-site-content-layout":"full-width-container","site-content-style":"default","site-sidebar-style":"default","ast-global-header-display":"","ast-banner-title-visibility":"","ast-main-header-display":"","ast-hfb-above-header-display":"","ast-hfb-below-header-display":"","ast-hfb-mobile-header-display":"","site-post-title":"disabled","ast-breadcrumbs-content":"","ast-featured-img":"disabled","footer-sml-layout":"","ast-disable-related-posts":"","theme-transparent-header-meta":"default","adv-header-id-meta":"","stick-header-meta":"default","header-above-stick-meta":"","header-main-stick-meta":"","header-below-stick-meta":"","astra-migrate-meta-layouts":"set","ast-page-background-enabled":"default","ast-page-background-meta":{"desktop":{"background-color":"var(--ast-global-color-4)","background-image":"","background-repeat":"repeat","background-position":"center center","background-size":"auto","background-attachment":"scroll","background-type":"","background-media":"","overlay-type":"","overlay-color":"","overlay-opacity":"","overlay-gradient":""},"tablet":{"background-color":"","background-image":"","background-repeat":"repeat","background-position":"center center","background-size":"auto","background-attachment":"scroll","background-type":"","background-media":"","overlay-type":"","overlay-color":"","overlay-opacity":"","overlay-gradient":""},"mobile":{"background-color":"","background-image":"","background-repeat":"repeat","background-position":"center center","background-size":"auto","background-attachment":"scroll","background-type":"","background-media":"","overlay-type":"","overlay-color":"","overlay-opacity":"","overlay-gradient":""}},"ast-content-background-meta":{"desktop":{"background-color":"var(--ast-global-color-5)","background-image":"","background-repeat":"repeat","background-position":"center center","background-size":"auto","background-attachment":"scroll","background-type":"","background-media":"","overlay-type":"","overlay-color":"","overlay-opacity":"","overlay-gradient":""},"tablet":{"background-color":"var(--ast-global-color-5)","background-image":"","background-repeat":"repeat","background-position":"center center","background-size":"auto","background-attachment":"scroll","background-type":"","background-media":"","overlay-type":"","overlay-color":"","overlay-opacity":"","overlay-gradient":""},"mobile":{"background-color":"var(--ast-global-color-5)","background-image":"","background-repeat":"repeat","background-position":"center center","background-size":"auto","background-attachment":"scroll","background-type":"","background-media":"","overlay-type":"","overlay-color":"","overlay-opacity":"","overlay-gradient":""}},"footnotes":""},"class_list":["post-2391","page","type-page","status-publish","hentry"],"_links":{"self":[{"href":"https:\/\/krimi-trails.ch\/fr\/wp-json\/wp\/v2\/pages\/2391","targetHints":{"allow":["GET"]}}],"collection":[{"href":"https:\/\/krimi-trails.ch\/fr\/wp-json\/wp\/v2\/pages"}],"about":[{"href":"https:\/\/krimi-trails.ch\/fr\/wp-json\/wp\/v2\/types\/page"}],"author":[{"embeddable":true,"href":"https:\/\/krimi-trails.ch\/fr\/wp-json\/wp\/v2\/users\/1"}],"replies":[{"embeddable":true,"href":"https:\/\/krimi-trails.ch\/fr\/wp-json\/wp\/v2\/comments?post=2391"}],"version-history":[{"count":0,"href":"https:\/\/krimi-trails.ch\/fr\/wp-json\/wp\/v2\/pages\/2391\/revisions"}],"wp:attachment":[{"href":"https:\/\/krimi-trails.ch\/fr\/wp-json\/wp\/v2\/media?parent=2391"}],"curies":[{"name":"wp","href":"https:\/\/api.w.org\/{rel}","templated":true}]}}